{"id":526,"date":"2021-12-26T19:10:35","date_gmt":"2021-12-26T18:10:35","guid":{"rendered":"https:\/\/lescopainsdubord.fr\/?page_id=526"},"modified":"2022-12-07T10:21:34","modified_gmt":"2022-12-07T09:21:34","slug":"nos-compagnes","status":"publish","type":"page","link":"https:\/\/lescopainsdubord.fr\/?page_id=526","title":{"rendered":"Nos compagnes"},"content":{"rendered":"\n<p class=\"has-text-align-left\">Elles  sont  de  toute  \u00e9vidence  nos  premi\u00e8res  fans. La majorit\u00e9 d&rsquo;entre-elles assistent \u00e0 nos concerts et nous suivent dans nos d\u00e9placements. Ce sont elles qui mettent l&rsquo;ambiance et incitent les spectateurs \u00e0 danser.<\/p>\n\n\n\n<p>Elles assurent la partie logistique des repas du groupe, des ventes d&rsquo;huitres et de  bien  d&rsquo;autres  activit\u00e9s.  Apr\u00e8s  notre  Assembl\u00e9e  G\u00e9n\u00e9rale, c&rsquo;est aussi nos compagnes  qui  pr\u00e9parent  des  plats  savoureux que nous partageons ensuite ensemble.<\/p>\n\n\n\n<p>Elles  nous  permettent,  gr\u00e2ce  \u00e0  leurs  photos  et  vid\u00e9os, d&rsquo;enrichir notre site et de publier sur Youtube afin de conserver une trace de nos spectacles.<\/p>\n\n\n\n<p>Merci \u00e0 toutes pour votre aide et votre soutien.<\/p>\n\n\n\n<div class=\"wp-block-buttons is-layout-flex wp-block-buttons-is-layout-flex\">\n<div class=\"wp-block-button\"><a class=\"wp-block-button__link has-text-color has-background\" href=\"https:\/\/lescopainsdubord.fr\/?page_id=2800(ouvre un nouvel onglet)\" style=\"background-color:#6fccf4;color:#05425c\">Quelques Photos<\/a><\/div>\n\n\n\n<div class=\"wp-block-button\"><a class=\"wp-block-button__link has-text-color has-background\" href=\"https:\/\/lescopainsdubord.fr\/?page_id=2802(ouvre un nouvel onglet)\" style=\"background-color:#78d1f7;color:#03416a\">Quelques vid\u00e9os<\/a><\/div>\n<\/div>\n\n\n\n<p><\/p>\n","protected":false},"excerpt":{"rendered":"<p>Elles sont de toute \u00e9vidence nos premi\u00e8res fans. La majorit\u00e9 d&rsquo;entre-elles assistent \u00e0 nos concerts et nous suivent dans nos d\u00e9placements. Ce sont elles qui mettent l&rsquo;ambiance et incitent les spectateurs \u00e0 danser. Elles assurent la partie logistique des repas du groupe, des ventes d&rsquo;huitres et de bien d&rsquo;autres activit\u00e9s. Apr\u00e8s notre Assembl\u00e9e G\u00e9n\u00e9rale, c&rsquo;est &hellip; <a href=\"https:\/\/lescopainsdubord.fr\/?page_id=526\" class=\"more-link\">Continuer la lecture<span class=\"screen-reader-text\"> de &laquo;&nbsp;Nos compagnes&nbsp;&raquo;<\/span><\/a><\/p>\n","protected":false},"author":2,"featured_media":0,"parent":0,"menu_order":0,"comment_status":"closed","ping_status":"closed","template":"","meta":{"footnotes":""},"class_list":["post-526","page","type-page","status-publish","hentry"],"_links":{"self":[{"href":"https:\/\/lescopainsdubord.fr\/index.php?rest_route=\/wp\/v2\/pages\/526","targetHints":{"allow":["GET"]}}],"collection":[{"href":"https:\/\/lescopainsdubord.fr\/index.php?rest_route=\/wp\/v2\/pages"}],"about":[{"href":"https:\/\/lescopainsdubord.fr\/index.php?rest_route=\/wp\/v2\/types\/page"}],"author":[{"embeddable":true,"href":"https:\/\/lescopainsdubord.fr\/index.php?rest_route=\/wp\/v2\/users\/2"}],"replies":[{"embeddable":true,"href":"https:\/\/lescopainsdubord.fr\/index.php?rest_route=%2Fwp%2Fv2%2Fcomments&post=526"}],"version-history":[{"count":25,"href":"https:\/\/lescopainsdubord.fr\/index.php?rest_route=\/wp\/v2\/pages\/526\/revisions"}],"predecessor-version":[{"id":2840,"href":"https:\/\/lescopainsdubord.fr\/index.php?rest_route=\/wp\/v2\/pages\/526\/revisions\/2840"}],"wp:attachment":[{"href":"https:\/\/lescopainsdubord.fr\/index.php?rest_route=%2Fwp%2Fv2%2Fmedia&parent=526"}],"curies":[{"name":"wp","href":"https:\/\/api.w.org\/{rel}","templated":true}]}}