{"id":404,"date":"2020-02-07T11:32:45","date_gmt":"2020-02-07T10:32:45","guid":{"rendered":"https:\/\/lescopainsdubord.fr\/?page_id=404"},"modified":"2024-03-25T10:42:57","modified_gmt":"2024-03-25T09:42:57","slug":"2020-2","status":"publish","type":"page","link":"https:\/\/lescopainsdubord.fr\/?page_id=404","title":{"rendered":"Vid\u00e9os 2020"},"content":{"rendered":"\n<p><strong>F\u00e9vrier<\/strong><\/p>\n\n\n\n<p>A La Trinit\u00e9 sur Mer dans le Morbihan (56) lors du show musical avec Trinicoeur et Crach&rsquo;Hophonie :<\/p>\n\n\n\n<ul class=\"wp-block-list\">\n<li><a href=\"https:\/\/youtu.be\/fa9kS1lrOs8\">Le peuple Irlandais<\/a><\/li>\n\n\n\n<li><a href=\"https:\/\/youtu.be\/ABVlUP7MzHk\">Santiano<\/a><\/li>\n\n\n\n<li><a href=\"https:\/\/youtu.be\/A0fcMojvJMU\">Les roses d&rsquo;Ouessant<\/a> par les 3 groupes<\/li>\n<\/ul>\n\n\n\n<p>A Merdrignac dans les C\u00f4tes-d&rsquo;Armor (22) lors d&rsquo;un concert pour l&rsquo;ADMR :<\/p>\n\n\n\n<ul class=\"wp-block-list\">\n<li><a href=\"https:\/\/youtu.be\/1Jfo2LZeqUg\">La complainte des Terres-Neuvas<\/a><\/li>\n\n\n\n<li><a href=\"https:\/\/youtu.be\/VCmk2A0yt5w\">Les roses d&rsquo;Ouessant<\/a><\/li>\n\n\n\n<li><a href=\"https:\/\/youtu.be\/QARv60AcmAc\">La r\u00e9volte des sardini\u00e8res<\/a><\/li>\n<\/ul>\n\n\n\n<p><strong>Juillet<\/strong><\/p>\n\n\n\n<p>A la Trinit\u00e9 sur Mer dans le Morbihan (56) pendant les \u00ab\u00a0mercredis des quais\u00a0\u00bb :<\/p>\n\n\n\n<ul class=\"wp-block-list\">\n<li><a href=\"https:\/\/youtu.be\/NoXxHyJrUhg\">La Trinit\u00e9 sur Mer<\/a><\/li>\n\n\n\n<li><a href=\"https:\/\/youtu.be\/NnLxOSHzZ6Y\">Le navire du Forban<\/a><\/li>\n\n\n\n<li><a href=\"https:\/\/youtu.be\/ijCgk52_uQY\">La taverne des Korrigans<\/a><\/li>\n<\/ul>\n\n\n\n<p><strong>Septembre<\/strong><\/p>\n\n\n\n<p>A Muzillac dans le Morbihan (56) au restaurant \u00ab\u00a0A la porte du golfe\u00a0\u00bb :<\/p>\n\n\n\n<ul class=\"wp-block-list\">\n<li><a href=\"https:\/\/youtu.be\/MOWbi_t7nrw\">Mat&rsquo;lots de Saint-Malo<\/a><\/li>\n\n\n\n<li><a href=\"https:\/\/youtu.be\/koBXUXHKFqU\">Le peuple irlandais<\/a><\/li>\n\n\n\n<li><a href=\"https:\/\/youtu.be\/FGUZvqs_ifw\">Madeleine de Loctudy<\/a><\/li>\n\n\n\n<li><a href=\"https:\/\/youtu.be\/ElUT9LS2YHc\">Santiano<\/a><\/li>\n<\/ul>\n\n\n\n<p><strong>Pour finir l&rsquo;ann\u00e9e<\/strong><\/p>\n\n\n\n<p>Merci \u00e0 Charles-Edouard du site Bella et Historia qui a utilis\u00e9 une de nos chansons (Le navire du forban) pour sa vid\u00e9o \u00ab\u00a0Napol\u00e9on Total War\u00a0\u00bb :<\/p>\n\n\n\n<ul class=\"wp-block-list\">\n<li><a href=\"https:\/\/youtu.be\/sCLvX0dHWcU\">Napol\u00e9on Total War<\/a><\/li>\n<\/ul>\n","protected":false},"excerpt":{"rendered":"<p>F\u00e9vrier A La Trinit\u00e9 sur Mer dans le Morbihan (56) lors du show musical avec Trinicoeur et Crach&rsquo;Hophonie : A Merdrignac dans les C\u00f4tes-d&rsquo;Armor (22) lors d&rsquo;un concert pour l&rsquo;ADMR : Juillet A la Trinit\u00e9 sur Mer dans le Morbihan (56) pendant les \u00ab\u00a0mercredis des quais\u00a0\u00bb : Septembre A Muzillac dans le Morbihan (56) au &hellip; <a href=\"https:\/\/lescopainsdubord.fr\/?page_id=404\" class=\"more-link\">Continuer la lecture<span class=\"screen-reader-text\"> de &laquo;&nbsp;Vid\u00e9os 2020&nbsp;&raquo;<\/span><\/a><\/p>\n","protected":false},"author":2,"featured_media":0,"parent":0,"menu_order":0,"comment_status":"closed","ping_status":"closed","template":"","meta":{"footnotes":""},"class_list":["post-404","page","type-page","status-publish","hentry"],"_links":{"self":[{"href":"https:\/\/lescopainsdubord.fr\/index.php?rest_route=\/wp\/v2\/pages\/404","targetHints":{"allow":["GET"]}}],"collection":[{"href":"https:\/\/lescopainsdubord.fr\/index.php?rest_route=\/wp\/v2\/pages"}],"about":[{"href":"https:\/\/lescopainsdubord.fr\/index.php?rest_route=\/wp\/v2\/types\/page"}],"author":[{"embeddable":true,"href":"https:\/\/lescopainsdubord.fr\/index.php?rest_route=\/wp\/v2\/users\/2"}],"replies":[{"embeddable":true,"href":"https:\/\/lescopainsdubord.fr\/index.php?rest_route=%2Fwp%2Fv2%2Fcomments&post=404"}],"version-history":[{"count":20,"href":"https:\/\/lescopainsdubord.fr\/index.php?rest_route=\/wp\/v2\/pages\/404\/revisions"}],"predecessor-version":[{"id":3832,"href":"https:\/\/lescopainsdubord.fr\/index.php?rest_route=\/wp\/v2\/pages\/404\/revisions\/3832"}],"wp:attachment":[{"href":"https:\/\/lescopainsdubord.fr\/index.php?rest_route=%2Fwp%2Fv2%2Fmedia&parent=404"}],"curies":[{"name":"wp","href":"https:\/\/api.w.org\/{rel}","templated":true}]}}