{"id":3239,"date":"2023-02-16T11:28:13","date_gmt":"2023-02-16T10:28:13","guid":{"rendered":"https:\/\/lescopainsdubord.fr\/?page_id=3239"},"modified":"2023-12-18T15:25:01","modified_gmt":"2023-12-18T14:25:01","slug":"videos-2023","status":"publish","type":"page","link":"https:\/\/lescopainsdubord.fr\/?page_id=3239","title":{"rendered":"Vid\u00e9os 2023"},"content":{"rendered":"\n<p><strong>F\u00e9vrier<\/strong><\/p>\n\n\n\n<p>A La Trinit\u00e9 sur Mer dans le Morbihan (56) le 20 f\u00e9vrier 2023 pour un show musical. <\/p>\n\n\n\n<ul class=\"wp-block-list\">\n<li><a href=\"https:\/\/youtu.be\/t622ESXVSa4\">Le mariage secret de la mer et du vent<\/a><\/li>\n\n\n\n<li><a href=\"https:\/\/youtu.be\/5165vy2-lLc\">La taverne des korrigans<\/a><\/li>\n\n\n\n<li><a href=\"https:\/\/youtu.be\/1f19CxZqWXA\">Les roses d&rsquo;Ouessant avec \u00ab\u00a0Trini-Choeur\u00a0\u00bb et \u00ab\u00a0Laisse de mer\u00a0\u00bb<\/a><\/li>\n<\/ul>\n\n\n\n<p><strong>Avril<\/strong><\/p>\n\n\n\n<p>A La Trinit\u00e9 sur Mer dans le Morbihan (56) le 09 avril 2023 pendant le SPI Ouest-France.<\/p>\n\n\n\n<ul class=\"wp-block-list\">\n<li><a href=\"https:\/\/youtu.be\/Tjd1DRa8Q0k\">Aux b\u00e9n\u00e9voles de la SNSM<\/a><\/li>\n\n\n\n<li><a href=\"https:\/\/youtu.be\/CptSGPO8NqU\">La polka des marins<\/a><\/li>\n\n\n\n<li><a href=\"https:\/\/youtu.be\/1s6asoTc820\">Le quatre-m\u00e2ts barque<\/a><\/li>\n<\/ul>\n\n\n\n<p>Dans l&rsquo;\u00e9glise de l&rsquo;\u00eele de Houat dans le Morbihan (56) le 15 avril 2023.<\/p>\n\n\n\n<ul class=\"wp-block-list\">\n<li><a href=\"https:\/\/youtu.be\/BGZCD3m9aNs\">Ce sont les filles de Lorient, jolies<\/a><\/li>\n\n\n\n<li><a href=\"https:\/\/youtu.be\/zbKsbwAyqGQ\">Le sillon de Talbert<\/a><\/li>\n\n\n\n<li><a href=\"https:\/\/youtu.be\/Lx1SuSrBtAQ\">Aux b\u00e9n\u00e9voles de la SNSM<\/a><\/li>\n\n\n\n<li><a href=\"https:\/\/youtu.be\/D9AQjLynESM\">Adieu chers camarades<\/a><\/li>\n\n\n\n<li><a href=\"https:\/\/youtu.be\/X5vzKvm9Wm4\">Le mariage secret de la mer et du vent<\/a><\/li>\n\n\n\n<li><a href=\"https:\/\/youtu.be\/XhbrQdKE7Vc\">K\u00e9navo comme on dit chez-nous<\/a><\/li>\n<\/ul>\n\n\n\n<p><strong>Juin<\/strong><\/p>\n\n\n\n<p>A Auray dans le Morbihan (56) pour la f\u00eate de la musique le 21 juin 2023.<\/p>\n\n\n\n<ul class=\"wp-block-list\">\n<li><a href=\"https:\/\/youtu.be\/oyxHr8zWcho\">Le quatre-m\u00e2ts barque<\/a><\/li>\n\n\n\n<li><a href=\"https:\/\/youtu.be\/a46JPOSVcQg\">Mat&rsquo;lots de Saint-Malo<\/a><\/li>\n<\/ul>\n\n\n\n<p>A Auray dans le Morbihan (56) pendant l&rsquo;Alr\u00e9enne (course et marche pour le cancer) le 25 juin 2023.<\/p>\n\n\n\n<ul class=\"wp-block-list\">\n<li><a href=\"https:\/\/youtu.be\/xoiMqwIvQ0k\">Madeleine de Loctudy<\/a><\/li>\n\n\n\n<li><a href=\"https:\/\/youtu.be\/28KwN3d97fE\">Quinze marins<\/a><\/li>\n<\/ul>\n\n\n\n<p><strong>Juillet<\/strong><\/p>\n\n\n\n<p>A Carnac dans le Morbihan (56) au Camping de l&rsquo;Etang le 11 juillet 2023.<\/p>\n\n\n\n<ul class=\"wp-block-list\">\n<li><a href=\"https:\/\/youtu.be\/awziqqO-KWA\">Quinze marins<\/a><\/li>\n\n\n\n<li><a href=\"https:\/\/youtu.be\/nYwhsA1LdKw\">Le quatre-m\u00e2ts barque<\/a><\/li>\n<\/ul>\n\n\n\n<p> A Carnac dans le Morbihan (56) au camping \u00ab\u00a0Les ombrages\u00a0\u00bb le 12 juillet 2023. <\/p>\n\n\n\n<ul class=\"wp-block-list\">\n<li><a href=\"https:\/\/youtu.be\/k7sUEKqm4HA\">Le sillon de Talbert<\/a><\/li>\n<\/ul>\n\n\n\n<p>A La Trinit\u00e9 sur Mer dans le Morbihan (56) pendant la d\u00e9gustation d&rsquo;hu\u00eetres le 14 juillet 2023.<\/p>\n\n\n\n<ul class=\"wp-block-list\">\n<li><a href=\"https:\/\/youtu.be\/tFv-sjgsAbI\">Au caf\u00e9 du port<\/a><\/li>\n\n\n\n<li><a href=\"https:\/\/youtu.be\/1iJLXwNmvyI\">La polka des marins<\/a><\/li>\n<\/ul>\n\n\n\n<p>A Ploemeur dans le Morbihan (56) au camping \u00ab\u00a0Fort du Talud\u00a0\u00bb (IGESA) le 20 juillet 2023.<\/p>\n\n\n\n<ul class=\"wp-block-list\">\n<li><a href=\"https:\/\/youtu.be\/SPlpmHuLDt0\">La ballade Nord-Irlandaise<\/a><\/li>\n<\/ul>\n\n\n\n<p>A Carnac dans le Morbihan (56) au camping \u00ab\u00a0Les ombrages\u00a0\u00bb le 28 juillet 2023.<\/p>\n\n\n\n<ul class=\"wp-block-list\">\n<li><a href=\"https:\/\/youtu.be\/g7i9OwoU3iU\">Rue des trois matelots<\/a><\/li>\n<\/ul>\n\n\n\n<p><strong>Ao\u00fbt<\/strong><\/p>\n\n\n\n<p> A Carnac dans le Morbihan (56) au camping \u00ab\u00a0Les ombrages\u00a0\u00bb le 04 ao\u00fbt 2023. <\/p>\n\n\n\n<ul class=\"wp-block-list\">\n<li><a href=\"https:\/\/youtu.be\/pQ0zZpxlmAI\">Fanny de Laninon<\/a><\/li>\n\n\n\n<li><a href=\"https:\/\/youtu.be\/ZxXdfvKgzj0\">Fr\u00e8res du port<\/a><\/li>\n\n\n\n<li><a href=\"https:\/\/youtu.be\/XA67WG2HBHo\">K\u00e9navo comme on dit chez-moi<\/a><\/li>\n<\/ul>\n\n\n\n<p>A Erdeven dans le Morbihan (56) le 10 ao\u00fbt 2023.<\/p>\n\n\n\n<ul class=\"wp-block-list\">\n<li><a href=\"https:\/\/youtu.be\/_2LlHit3xwo\">Oh\u00e9 marin<\/a><\/li>\n<\/ul>\n\n\n\n<p>A La Trinit\u00e9 sur Mer dans le Morbihan (56) le 15 ao\u00fbt 2023.<\/p>\n\n\n\n<ul class=\"wp-block-list\">\n<li><a href=\"https:\/\/youtu.be\/4n-NsGnTpO0\">Le sillon de Talbert<\/a><\/li>\n<\/ul>\n\n\n\n<p><strong>Septembre<\/strong><\/p>\n\n\n\n<p>A Saint-Philibert dans le Morbihan (56) le 30 septembre 2023.<\/p>\n\n\n\n<ul class=\"wp-block-list\">\n<li><a href=\"https:\/\/youtu.be\/GEfwnAlFGcM\">Santiano<\/a><\/li>\n\n\n\n<li><a href=\"https:\/\/youtu.be\/Fk7xO8Oc3uQ\">Madeleine de Loctudy<\/a><\/li>\n<\/ul>\n\n\n\n<p><strong>D\u00e9cembre<\/strong><\/p>\n\n\n\n<p>A Plouharnel dans le Morbihan (56) le 17 d\u00e9cembre 2023.<\/p>\n\n\n\n<ul class=\"wp-block-list\">\n<li><a href=\"https:\/\/youtu.be\/xDiu4zqb42E\">Fr\u00e8res du port<\/a><\/li>\n\n\n\n<li><a href=\"https:\/\/youtu.be\/QEfQtyLxtbA\">Le mariage secret de la mer et du vent<\/a><\/li>\n<\/ul>\n","protected":false},"excerpt":{"rendered":"<p>F\u00e9vrier A La Trinit\u00e9 sur Mer dans le Morbihan (56) le 20 f\u00e9vrier 2023 pour un show musical. Avril A La Trinit\u00e9 sur Mer dans le Morbihan (56) le 09 avril 2023 pendant le SPI Ouest-France. Dans l&rsquo;\u00e9glise de l&rsquo;\u00eele de Houat dans le Morbihan (56) le 15 avril 2023. Juin A Auray dans le &hellip; <a href=\"https:\/\/lescopainsdubord.fr\/?page_id=3239\" class=\"more-link\">Continuer la lecture<span class=\"screen-reader-text\"> de &laquo;&nbsp;Vid\u00e9os 2023&nbsp;&raquo;<\/span><\/a><\/p>\n","protected":false},"author":2,"featured_media":0,"parent":0,"menu_order":0,"comment_status":"closed","ping_status":"closed","template":"","meta":{"footnotes":""},"class_list":["post-3239","page","type-page","status-publish","hentry"],"_links":{"self":[{"href":"https:\/\/lescopainsdubord.fr\/index.php?rest_route=\/wp\/v2\/pages\/3239","targetHints":{"allow":["GET"]}}],"collection":[{"href":"https:\/\/lescopainsdubord.fr\/index.php?rest_route=\/wp\/v2\/pages"}],"about":[{"href":"https:\/\/lescopainsdubord.fr\/index.php?rest_route=\/wp\/v2\/types\/page"}],"author":[{"embeddable":true,"href":"https:\/\/lescopainsdubord.fr\/index.php?rest_route=\/wp\/v2\/users\/2"}],"replies":[{"embeddable":true,"href":"https:\/\/lescopainsdubord.fr\/index.php?rest_route=%2Fwp%2Fv2%2Fcomments&post=3239"}],"version-history":[{"count":47,"href":"https:\/\/lescopainsdubord.fr\/index.php?rest_route=\/wp\/v2\/pages\/3239\/revisions"}],"predecessor-version":[{"id":3742,"href":"https:\/\/lescopainsdubord.fr\/index.php?rest_route=\/wp\/v2\/pages\/3239\/revisions\/3742"}],"wp:attachment":[{"href":"https:\/\/lescopainsdubord.fr\/index.php?rest_route=%2Fwp%2Fv2%2Fmedia&parent=3239"}],"curies":[{"name":"wp","href":"https:\/\/api.w.org\/{rel}","templated":true}]}}