{"id":18,"date":"2020-01-16T18:05:57","date_gmt":"2020-01-16T17:05:57","guid":{"rendered":"http:\/\/lescopainsdubord.fr\/?page_id=18"},"modified":"2020-03-07T19:19:21","modified_gmt":"2020-03-07T18:19:21","slug":"chants-de-la-mer-et-chants-de-marins","status":"publish","type":"page","link":"https:\/\/lescopainsdubord.fr\/?page_id=18","title":{"rendered":"Les Marins"},"content":{"rendered":"\n<p class=\"has-text-align-center\">Depuis des si\u00e8cles les Marins parcourent le monde, pour transporter des marchandises, des Personnes, pour se promener ou s&rsquo;\u00e9vader du quotidien. D&rsquo;autres prot\u00e8gent leur pays des envahisseurs, r\u00e9gulent le trafic ou portent assistance \u00e0 ceux qui les appellent.<\/p>\n\n\n\n<p class=\"has-text-align-center\">Plus r\u00e9cemment, les courses au large passionnent le public. Ces Marins ont tous en commun cette passion et la volont\u00e9 d&rsquo;affronter les \u00e9l\u00e9ments parfois d\u00e9cha\u00een\u00e9s.<\/p>\n\n\n\n<p class=\"has-text-align-center\">La rudesse de ces m\u00e9tiers n&rsquo;est pas une l\u00e9gende, c&rsquo;est pour cela que les Copains du Bord sont n\u00e9s il y a plus de trente ans, le 15 ao\u00fbt 1989 \u00e0 l&rsquo;occasion de la f\u00eate des Gr\u00e9ements, afin de transmettre ce patrimoine des chants de marins parfois rudes, parfois nostalgiques et souvent festifs car l&rsquo;arriv\u00e9e dans un port permet d&rsquo;\u00e9vacuer le stress de la travers\u00e9e.<\/p>\n\n\n\n<figure class=\"wp-block-image size-large\"><img loading=\"lazy\" decoding=\"async\" width=\"1080\" height=\"271\" src=\"https:\/\/lescopainsdubord.fr\/wp-content\/uploads\/2020\/02\/et22-1080x271.jpg\" alt=\"\" class=\"wp-image-323\" srcset=\"https:\/\/lescopainsdubord.fr\/wp-content\/uploads\/2020\/02\/et22-1080x271.jpg 1080w, https:\/\/lescopainsdubord.fr\/wp-content\/uploads\/2020\/02\/et22-300x75.jpg 300w, https:\/\/lescopainsdubord.fr\/wp-content\/uploads\/2020\/02\/et22-768x193.jpg 768w, https:\/\/lescopainsdubord.fr\/wp-content\/uploads\/2020\/02\/et22.jpg 1092w\" sizes=\"auto, (max-width: 709px) 85vw, (max-width: 909px) 67vw, (max-width: 1362px) 62vw, 840px\" \/><\/figure>\n","protected":false},"excerpt":{"rendered":"<p>Depuis des si\u00e8cles les Marins parcourent le monde, pour transporter des marchandises, des Personnes, pour se promener ou s&rsquo;\u00e9vader du quotidien. D&rsquo;autres prot\u00e8gent leur pays des envahisseurs, r\u00e9gulent le trafic ou portent assistance \u00e0 ceux qui les appellent. Plus r\u00e9cemment, les courses au large passionnent le public. Ces Marins ont tous en commun cette passion &hellip; <a href=\"https:\/\/lescopainsdubord.fr\/?page_id=18\" class=\"more-link\">Continuer la lecture<span class=\"screen-reader-text\"> de &laquo;&nbsp;Les Marins&nbsp;&raquo;<\/span><\/a><\/p>\n","protected":false},"author":1,"featured_media":0,"parent":0,"menu_order":0,"comment_status":"closed","ping_status":"closed","template":"","meta":{"footnotes":""},"class_list":["post-18","page","type-page","status-publish","hentry"],"_links":{"self":[{"href":"https:\/\/lescopainsdubord.fr\/index.php?rest_route=\/wp\/v2\/pages\/18","targetHints":{"allow":["GET"]}}],"collection":[{"href":"https:\/\/lescopainsdubord.fr\/index.php?rest_route=\/wp\/v2\/pages"}],"about":[{"href":"https:\/\/lescopainsdubord.fr\/index.php?rest_route=\/wp\/v2\/types\/page"}],"author":[{"embeddable":true,"href":"https:\/\/lescopainsdubord.fr\/index.php?rest_route=\/wp\/v2\/users\/1"}],"replies":[{"embeddable":true,"href":"https:\/\/lescopainsdubord.fr\/index.php?rest_route=%2Fwp%2Fv2%2Fcomments&post=18"}],"version-history":[{"count":6,"href":"https:\/\/lescopainsdubord.fr\/index.php?rest_route=\/wp\/v2\/pages\/18\/revisions"}],"predecessor-version":[{"id":674,"href":"https:\/\/lescopainsdubord.fr\/index.php?rest_route=\/wp\/v2\/pages\/18\/revisions\/674"}],"wp:attachment":[{"href":"https:\/\/lescopainsdubord.fr\/index.php?rest_route=%2Fwp%2Fv2%2Fmedia&parent=18"}],"curies":[{"name":"wp","href":"https:\/\/api.w.org\/{rel}","templated":true}]}}