{"id":1430,"date":"2020-11-08T11:12:27","date_gmt":"2020-11-08T10:12:27","guid":{"rendered":"https:\/\/lescopainsdubord.fr\/?page_id=1430"},"modified":"2022-01-23T13:33:41","modified_gmt":"2022-01-23T12:33:41","slug":"kenavo-ar-wechal","status":"publish","type":"page","link":"https:\/\/lescopainsdubord.fr\/?page_id=1430","title":{"rendered":"KENAVO AR WECH&rsquo;AL"},"content":{"rendered":"\n<div class=\"wp-block-image\"><figure class=\"aligncenter size-large\"><img loading=\"lazy\" decoding=\"async\" width=\"519\" height=\"111\" src=\"https:\/\/lescopainsdubord.fr\/wp-content\/uploads\/2020\/11\/boam3u49.gif\" alt=\"\" class=\"wp-image-1152\"\/><\/figure><\/div>\n\n\n\n<div class=\"wp-block-buttons is-layout-flex wp-block-buttons-is-layout-flex\">\n<div class=\"wp-block-button\"><a class=\"wp-block-button__link\" href=\"https:\/\/lescopainsdubord.fr\/?p=1(ouvre un nouvel onglet)\">retour accueil<\/a><\/div>\n\n\n\n<div class=\"wp-block-button\"><a class=\"wp-block-button__link\" href=\"https:\/\/lescopainsdubord.fr\/?page_id=1163(ouvre un nouvel onglet)\">retour liste<\/a><\/div>\n<\/div>\n\n\n\n<h1 class=\"has-text-align-center has-normal-font-size wp-block-heading\">KENAVO AR WECH\u2019ALL<\/h1>\n\n\n\n<p><\/p>\n\n\n\n<h1 class=\"has-text-align-center has-normal-font-size wp-block-heading\">Refrain<\/h1>\n\n\n\n<p><\/p>\n\n\n\n<p class=\"has-text-align-center has-small-font-size\"><strong>KENAVO AR WECH\u2019ALL<\/strong><\/p>\n\n\n\n<p class=\"has-text-align-center has-small-font-size\"><strong>KENAVO AR WECH\u2019ALL<\/strong><\/p>\n\n\n\n<p class=\"has-text-align-center has-small-font-size\"><strong>NOUS PARTONS POUR DES COURSES LOINTAINES<\/strong><\/p>\n\n\n\n<p class=\"has-text-align-center has-small-font-size\"><strong>KENAVO AR WECH\u2019ALL<\/strong><\/p>\n\n\n\n<p class=\"has-text-align-center has-small-font-size\"><strong>KENAVO AR WECH\u2019ALL<\/strong><\/p>\n\n\n\n<p class=\"has-text-align-center has-small-font-size\"><strong>AU REVOIR, SALUT, \u00c0 LA PROCHAINE<\/strong><\/p>\n\n\n\n<p class=\"has-text-align-center has-small-font-size\"><strong>1<\/strong><\/p>\n\n\n\n<p class=\"has-text-align-center has-small-font-size\">NOTRE ESCALE EST FINIE<\/p>\n\n\n\n<p class=\"has-text-align-center has-small-font-size\">IL FAUT METTRE LES VOILES<\/p>\n\n\n\n<p class=\"has-text-align-center has-small-font-size\">SOUS LA DERNI\u00c8RE \u00c9TOILE<\/p>\n\n\n\n<p class=\"has-text-align-center has-small-font-size\">NOUS PARTONS AUJOURD\u2019HUI<strong><\/strong><\/p>\n\n\n\n<p class=\"has-text-align-center has-small-font-size\">OH\u00c9 OH ! LES AMIS<\/p>\n\n\n\n<p class=\"has-text-align-center has-small-font-size\">NOUS LARGUONS LES AMARRES<\/p>\n\n\n\n<p class=\"has-text-align-center has-small-font-size\">ET PUISQU&rsquo;ON SE S\u00c9PARE<\/p>\n\n\n\n<p class=\"has-text-align-center has-small-font-size\">TOUS EN CH\u0152UR ON VOUS DIT<\/p>\n\n\n\n<p class=\"has-text-align-center has-small-font-size\"><strong>2<\/strong><\/p>\n\n\n\n<p class=\"has-text-align-center has-small-font-size\">VOILA NOTRE VOILIER<\/p>\n\n\n\n<p class=\"has-text-align-center has-small-font-size\">\u00c0 QUELQUES ENCABLURES<\/p>\n\n\n\n<p class=\"has-text-align-center has-small-font-size\">MAINTENANT L\u2019AVENTURE<\/p>\n\n\n\n<p class=\"has-text-align-center has-small-font-size\">POUR NOUS VA COMMENCER<\/p>\n\n\n\n<p class=\"has-text-align-center has-small-font-size\">NOUS VOYONS S\u2019\u00c9LOIGNER<\/p>\n\n\n\n<p class=\"has-text-align-center has-small-font-size\">BRAS ET MAINS QUI S\u2019AGITENT<\/p>\n\n\n\n<p class=\"has-text-align-center has-small-font-size\">\u00c0 L\u2019HEURE ON L\u2019ON SE QUITTE<\/p>\n\n\n\n<p class=\"has-text-align-center has-small-font-size\">IL FAUT ENCORE CHANTER<\/p>\n\n\n\n<p class=\"has-text-align-center has-small-font-size\"><strong>3<\/strong><\/p>\n\n\n\n<p class=\"has-text-align-center has-small-font-size\">IL Y A DES LARMES AUX YEUX<\/p>\n\n\n\n<p class=\"has-text-align-center has-small-font-size\">DANS LE REGARD DES FEMMES<\/p>\n\n\n\n<p class=\"has-text-align-center has-small-font-size\">NE PLEUREZ PAS MESDAMES<\/p>\n\n\n\n<p class=\"has-text-align-center has-small-font-size\">UN JOUR SI DIEU LE VEUT<\/p>\n\n\n\n<p class=\"has-text-align-center has-small-font-size\">NOUS REVIENDRONS JOYEUX<\/p>\n\n\n\n<p class=\"has-text-align-center has-small-font-size\">DE L\u2019AUTRE BOUT DU MONDE<\/p>\n\n\n\n<p class=\"has-text-align-center has-small-font-size\">VOUS DIRE FAUT PAS CONFONDRE<\/p>\n\n\n\n<p class=\"has-text-align-center has-small-font-size\">AU REVOIR ET ADIEU<\/p>\n","protected":false},"excerpt":{"rendered":"<p>KENAVO AR WECH\u2019ALL Refrain KENAVO AR WECH\u2019ALL KENAVO AR WECH\u2019ALL NOUS PARTONS POUR DES COURSES LOINTAINES KENAVO AR WECH\u2019ALL KENAVO AR WECH\u2019ALL AU REVOIR, SALUT, \u00c0 LA PROCHAINE 1 NOTRE ESCALE EST FINIE IL FAUT METTRE LES VOILES SOUS LA DERNI\u00c8RE \u00c9TOILE NOUS PARTONS AUJOURD\u2019HUI OH\u00c9 OH ! LES AMIS NOUS LARGUONS LES AMARRES ET &hellip; <a href=\"https:\/\/lescopainsdubord.fr\/?page_id=1430\" class=\"more-link\">Continuer la lecture<span class=\"screen-reader-text\"> de &laquo;&nbsp;KENAVO AR WECH&rsquo;AL&nbsp;&raquo;<\/span><\/a><\/p>\n","protected":false},"author":2,"featured_media":0,"parent":0,"menu_order":0,"comment_status":"closed","ping_status":"closed","template":"elementor_canvas","meta":{"footnotes":""},"class_list":["post-1430","page","type-page","status-publish","hentry"],"_links":{"self":[{"href":"https:\/\/lescopainsdubord.fr\/index.php?rest_route=\/wp\/v2\/pages\/1430","targetHints":{"allow":["GET"]}}],"collection":[{"href":"https:\/\/lescopainsdubord.fr\/index.php?rest_route=\/wp\/v2\/pages"}],"about":[{"href":"https:\/\/lescopainsdubord.fr\/index.php?rest_route=\/wp\/v2\/types\/page"}],"author":[{"embeddable":true,"href":"https:\/\/lescopainsdubord.fr\/index.php?rest_route=\/wp\/v2\/users\/2"}],"replies":[{"embeddable":true,"href":"https:\/\/lescopainsdubord.fr\/index.php?rest_route=%2Fwp%2Fv2%2Fcomments&post=1430"}],"version-history":[{"count":8,"href":"https:\/\/lescopainsdubord.fr\/index.php?rest_route=\/wp\/v2\/pages\/1430\/revisions"}],"predecessor-version":[{"id":2187,"href":"https:\/\/lescopainsdubord.fr\/index.php?rest_route=\/wp\/v2\/pages\/1430\/revisions\/2187"}],"wp:attachment":[{"href":"https:\/\/lescopainsdubord.fr\/index.php?rest_route=%2Fwp%2Fv2%2Fmedia&parent=1430"}],"curies":[{"name":"wp","href":"https:\/\/api.w.org\/{rel}","templated":true}]}}