{"id":1425,"date":"2020-11-08T11:08:58","date_gmt":"2020-11-08T10:08:58","guid":{"rendered":"https:\/\/lescopainsdubord.fr\/?page_id=1425"},"modified":"2022-01-23T13:31:06","modified_gmt":"2022-01-23T12:31:06","slug":"fanny","status":"publish","type":"page","link":"https:\/\/lescopainsdubord.fr\/?page_id=1425","title":{"rendered":"FANNY"},"content":{"rendered":"\n<div class=\"wp-block-image\"><figure class=\"aligncenter size-large\"><img loading=\"lazy\" decoding=\"async\" width=\"519\" height=\"111\" src=\"https:\/\/lescopainsdubord.fr\/wp-content\/uploads\/2020\/11\/boam3u49.gif\" alt=\"\" class=\"wp-image-1152\"\/><\/figure><\/div>\n\n\n\n<div class=\"wp-block-buttons is-layout-flex wp-block-buttons-is-layout-flex\">\n<div class=\"wp-block-button\"><a class=\"wp-block-button__link\" href=\"https:\/\/lescopainsdubord.fr\/?p=1(ouvre un nouvel onglet)\">retour accueil<\/a><\/div>\n\n\n\n<div class=\"wp-block-button\"><a class=\"wp-block-button__link\" href=\"https:\/\/lescopainsdubord.fr\/?page_id=1163(ouvre un nouvel onglet)\">retour liste<\/a><\/div>\n<\/div>\n\n\n\n<p class=\"has-text-align-center has-normal-font-size\"><strong>FANNY<\/strong><strong><\/strong><\/p>\n\n\n\n<p class=\"has-text-align-center has-small-font-size\"><strong>1<\/strong><strong><\/strong><\/p>\n\n\n\n<p class=\"has-text-align-center has-small-font-size\">ALLONS SUR LE QUAI GAYDON<\/p>\n\n\n\n<p class=\"has-text-align-center has-small-font-size\">PR\u00caT DU PETIT PONT<\/p>\n\n\n\n<p class=\"has-text-align-center has-small-font-size\">J\u2019ENTENDS LA CHANSON<\/p>\n\n\n\n<p class=\"has-text-align-center has-small-font-size\">LE BRANLE BAS DE LA CROISI\u00c8RE<\/p>\n\n\n\n<p class=\"has-text-align-center has-small-font-size\">ET DANS LA BLANCHE BALEINI\u00c8RE<\/p>\n\n\n\n<p class=\"has-text-align-center has-small-font-size\">JEAN BOUIN, NOTRE BRIGADIER<\/p>\n\n\n\n<p class=\"has-text-align-center has-small-font-size\">SON BONNET CAPEL\u00c9<\/p>\n\n\n\n<p class=\"has-text-align-center has-small-font-size\">UN PEU SUR LE C\u00d4T\u00c9<\/p>\n\n\n\n<p class=\"has-text-align-center has-small-font-size\">ME RAPPELLE MON B\u00c2TIMENT<\/p>\n\n\n\n<p class=\"has-text-align-center has-small-font-size\">C\u2019\u00c9TAIT LE BON TEMPS<\/p>\n\n\n\n<p class=\"has-text-align-center has-small-font-size\">CELUI DE MES VINGT ANS<\/p>\n\n\n\n<p class=\"has-text-align-center has-small-font-size\">LE BIDEL CAPITAINE D&rsquo;ARMES<\/p>\n\n\n\n<p class=\"has-text-align-center has-small-font-size\">ET SON CAHIER DE PUNIS<\/p>\n\n\n\n<p class=\"has-text-align-center has-small-font-size\">DANS LA CAYENNE FAISAIT DU CHARME<\/p>\n\n\n\n<p class=\"has-text-align-center has-small-font-size\">\u00c0 JE NE SAIS QUELLE SOURIS<\/p>\n\n\n\n<p class=\"has-text-align-center has-small-font-size\">MAIS J&rsquo;AI DANS LE C\u0152UR UNE SOUFFRANCE<\/p>\n\n\n\n<p class=\"has-text-align-center has-small-font-size\">QUAND LE QUARTIER-MA\u00ceTRE CLAIRON<\/p>\n\n\n\n<p class=\"has-text-align-center has-small-font-size\">SONNAIT EN HAUT DE RECOUVRANCE<\/p>\n\n\n\n<p class=\"has-text-align-center has-small-font-size\">AUX FILLES DE LANNINON<\/p>\n\n\n\n<p class=\"has-text-align-center has-small-font-size\"><strong>2<\/strong><br><br>LA PLUS BELLE DE LANNINON<\/p>\n\n\n\n<p class=\"has-text-align-center has-small-font-size\">FANNY KERSAUZON<\/p>\n\n\n\n<p class=\"has-text-align-center has-small-font-size\">M&rsquo;OFFRIT UN POMPON<\/p>\n\n\n\n<p class=\"has-text-align-center has-small-font-size\">UN POMPON DE FANTAISIE<\/p>\n\n\n\n<p class=\"has-text-align-center has-small-font-size\">C\u2019\u00c9TAIT ELLE MA BONNE AMIE<\/p>\n\n\n\n<p class=\"has-text-align-center has-small-font-size\">ELLE FR\u00c9QUENTAIT UN BISTROT<\/p>\n\n\n\n<p class=\"has-text-align-center has-small-font-size\">REMPLI DE MATELOTS<\/p>\n\n\n\n<p class=\"has-text-align-center has-small-font-size\">DEVANT LE D\u00c9P\u00d4T<\/p>\n\n\n\n<p class=\"has-text-align-center has-small-font-size\">QUAND JE PENSE \u00c0 MES PLAISIRS<\/p>\n\n\n\n<p class=\"has-text-align-center has-small-font-size\">J&rsquo;AIME MIEUX M\u2019\u00c9TOURDIR<\/p>\n\n\n\n<p class=\"has-text-align-center has-small-font-size\">QUE DE ME SOUVENIR<\/p>\n\n\n\n<p class=\"has-text-align-center has-small-font-size\">OH, FANNY DE RECOUVRANCE<\/p>\n\n\n\n<p class=\"has-text-align-center has-small-font-size\">J&rsquo;AIMAIS TES YEUX MALINS<\/p>\n\n\n\n<p class=\"has-text-align-center has-small-font-size\">QUAND D\u2019UN GESTE PLEIN D&rsquo;\u00c9L\u00c9GANCE<\/p>\n\n\n\n<p class=\"has-text-align-center has-small-font-size\">BALAN\u00c7AIT LES MARSOUINS<\/p>\n\n\n\n<p class=\"has-text-align-center has-small-font-size\">JE N\u2019\u00c9TAIS PAS DE LA MAISTRANCE<\/p>\n\n\n\n<p class=\"has-text-align-center has-small-font-size\">MAIS J&rsquo;AVAIS L&rsquo;ATOUT EN MAIN<\/p>\n\n\n\n<p class=\"has-text-align-center has-small-font-size\">ET TU VENAIS ME VOIR LE DIMANCHE<\/p>\n\n\n\n<p class=\"has-text-align-center has-small-font-size\">SUR LE \u00ab\u00a0DUGAY-TROUIN\u00a0\u00bb<\/p>\n\n\n\n<p class=\"has-text-align-center has-small-font-size\"><strong>3<\/strong><br><br>A CETTE HEURE, JE SUIS RETRAIT\u00c9<\/p>\n\n\n\n<p class=\"has-text-align-center has-small-font-size\">MAITRE TIMONIER<\/p>\n\n\n\n<p class=\"has-text-align-center has-small-font-size\">AUX PONTS ET CHAUSS\u00c9ES<\/p>\n\n\n\n<p class=\"has-text-align-center has-small-font-size\">JE SUIS AU SERVICE DES PHARES<\/p>\n\n\n\n<p class=\"has-text-align-center has-small-font-size\">ET J\u2019\u00c9COUTE LA FANFARE<\/p>\n\n\n\n<p class=\"has-text-align-center has-small-font-size\">DE LA MER EN SON TOURMENT<\/p>\n\n\n\n<p class=\"has-text-align-center has-small-font-size\">D&rsquo;HOL\u00c8NE \u00c0 OUESSANT<\/p>\n\n\n\n<p class=\"has-text-align-center has-small-font-size\">QUAND CHANTE LE VENT<\/p>\n\n\n\n<p class=\"has-text-align-center has-small-font-size\">TONNERRE DE BREST EST TOMB\u00c9<\/p>\n\n\n\n<p class=\"has-text-align-center has-small-font-size\">PAS DU BON C\u00d4T\u00c9<\/p>\n\n\n\n<p class=\"has-text-align-center has-small-font-size\">TOUT S&rsquo;EST \u00c9CROUL\u00c9<\/p>\n\n\n\n<p class=\"has-text-align-center has-small-font-size\">DANS CE QUI RESTE DE RECOUVRANCE<\/p>\n\n\n\n<p class=\"has-text-align-center has-small-font-size\">LOGERAIT PAS UN SAKO<\/p>\n\n\n\n<p class=\"has-text-align-center has-small-font-size\">ET FANNY MA CONNAISSANCE<\/p>\n\n\n\n<p class=\"has-text-align-center has-small-font-size\">EST MORTE DANS SON BISTROT<\/p>\n\n\n\n<p class=\"has-text-align-center has-small-font-size\">JE N&rsquo;AI PLUS RIEN EN SURVIVANCE<\/p>\n\n\n\n<p class=\"has-text-align-center has-small-font-size\">MAIS QUAND JE BOIS UN COUP DE TROP<\/p>\n\n\n\n<p class=\"has-text-align-center has-small-font-size\">JE SAIS QUE MA DERNI\u00c8RE CHANCE<\/p>\n\n\n\n<p class=\"has-text-align-center has-small-font-size\">C\u2019EST DE FAIRE UN TROU DANS L&rsquo;EAU<\/p>\n","protected":false},"excerpt":{"rendered":"<p>FANNY 1 ALLONS SUR LE QUAI GAYDON PR\u00caT DU PETIT PONT J\u2019ENTENDS LA CHANSON LE BRANLE BAS DE LA CROISI\u00c8RE ET DANS LA BLANCHE BALEINI\u00c8RE JEAN BOUIN, NOTRE BRIGADIER SON BONNET CAPEL\u00c9 UN PEU SUR LE C\u00d4T\u00c9 ME RAPPELLE MON B\u00c2TIMENT C\u2019\u00c9TAIT LE BON TEMPS CELUI DE MES VINGT ANS LE BIDEL CAPITAINE D&rsquo;ARMES ET &hellip; <a href=\"https:\/\/lescopainsdubord.fr\/?page_id=1425\" class=\"more-link\">Continuer la lecture<span class=\"screen-reader-text\"> de &laquo;&nbsp;FANNY&nbsp;&raquo;<\/span><\/a><\/p>\n","protected":false},"author":2,"featured_media":0,"parent":0,"menu_order":0,"comment_status":"closed","ping_status":"closed","template":"elementor_canvas","meta":{"footnotes":""},"class_list":["post-1425","page","type-page","status-publish","hentry"],"_links":{"self":[{"href":"https:\/\/lescopainsdubord.fr\/index.php?rest_route=\/wp\/v2\/pages\/1425","targetHints":{"allow":["GET"]}}],"collection":[{"href":"https:\/\/lescopainsdubord.fr\/index.php?rest_route=\/wp\/v2\/pages"}],"about":[{"href":"https:\/\/lescopainsdubord.fr\/index.php?rest_route=\/wp\/v2\/types\/page"}],"author":[{"embeddable":true,"href":"https:\/\/lescopainsdubord.fr\/index.php?rest_route=\/wp\/v2\/users\/2"}],"replies":[{"embeddable":true,"href":"https:\/\/lescopainsdubord.fr\/index.php?rest_route=%2Fwp%2Fv2%2Fcomments&post=1425"}],"version-history":[{"count":7,"href":"https:\/\/lescopainsdubord.fr\/index.php?rest_route=\/wp\/v2\/pages\/1425\/revisions"}],"predecessor-version":[{"id":2185,"href":"https:\/\/lescopainsdubord.fr\/index.php?rest_route=\/wp\/v2\/pages\/1425\/revisions\/2185"}],"wp:attachment":[{"href":"https:\/\/lescopainsdubord.fr\/index.php?rest_route=%2Fwp%2Fv2%2Fmedia&parent=1425"}],"curies":[{"name":"wp","href":"https:\/\/api.w.org\/{rel}","templated":true}]}}