{"id":1420,"date":"2020-11-08T11:19:08","date_gmt":"2020-11-08T10:19:08","guid":{"rendered":"https:\/\/lescopainsdubord.fr\/?page_id=1420"},"modified":"2020-11-08T21:28:55","modified_gmt":"2020-11-08T20:28:55","slug":"maria-fille-de-corsaire","status":"publish","type":"page","link":"https:\/\/lescopainsdubord.fr\/?page_id=1420","title":{"rendered":"MARIA, FILLE DE CORSAIRE"},"content":{"rendered":"\n<div class=\"wp-block-image\"><figure class=\"aligncenter size-large\"><img loading=\"lazy\" decoding=\"async\" width=\"519\" height=\"111\" src=\"https:\/\/lescopainsdubord.fr\/wp-content\/uploads\/2020\/11\/boam3u49.gif\" alt=\"\" class=\"wp-image-1152\"\/><\/figure><\/div>\n\n\n\n<div class=\"wp-block-buttons is-layout-flex wp-block-buttons-is-layout-flex\">\n<div class=\"wp-block-button\"><a class=\"wp-block-button__link\" href=\"https:\/\/lescopainsdubord.fr\/?p=1(ouvre un nouvel onglet)\">retour ACCUEIL<\/a><\/div>\n\n\n\n<div class=\"wp-block-button\"><a class=\"wp-block-button__link\" href=\"https:\/\/lescopainsdubord.fr\/?page_id=1163(ouvre un nouvel onglet)\">RETOUR LISTE<\/a><\/div>\n<\/div>\n\n\n\n<p class=\"has-text-align-center has-normal-font-size\"><strong>MARIA, FILLE DE CORSAIRE<\/strong><\/p>\n\n\n\n<p class=\"has-text-align-center has-small-font-size\"><strong>1<\/strong><\/p>\n\n\n\n<p class=\"has-text-align-center has-small-font-size\">C\u2019\u00c9TAIT UNE FILLE DE CORSAIRE,<\/p>\n\n\n\n<p class=\"has-text-align-center has-small-font-size\">MARIA<\/p>\n\n\n\n<p class=\"has-text-align-center has-small-font-size\">QUI VOULAIT COMME SON P\u00c8RE,<\/p>\n\n\n\n<p class=\"has-text-align-center has-small-font-size\">OUAIS, LES GARS<\/p>\n\n\n\n<p class=\"has-text-align-center has-small-font-size\">SILLONNER LES MERS DU MONDE,<\/p>\n\n\n\n<p class=\"has-text-align-center has-small-font-size\">T\u00c9M\u00c9RAIRE ET VAGABONDE,<\/p>\n\n\n\n<p class=\"has-text-align-center has-small-font-size\">MARIA<\/p>\n\n\n\n<p class=\"has-text-align-center has-small-font-size\">LA, LA, LA, LA, LA, LA, LA, LA, LA, LA, LA, LA, LA, LA&nbsp;!<\/p>\n\n\n\n<p class=\"has-text-align-center has-small-font-size\"><strong>2<\/strong><\/p>\n\n\n\n<p class=\"has-text-align-center has-small-font-size\">MAIS SUR LES BATEAUX CORSAIRES,<\/p>\n\n\n\n<p class=\"has-text-align-center has-small-font-size\">OUAIS, LES GARS<\/p>\n\n\n\n<p class=\"has-text-align-center has-small-font-size\">DES FEMMES IL N\u2019Y EN A GU\u00c8RE,<\/p>\n\n\n\n<p class=\"has-text-align-center has-small-font-size\">C\u2019EST POUR \u00c7A<\/p>\n\n\n\n<p class=\"has-text-align-center has-small-font-size\">QUE MARIA SE LAMENTE,<\/p>\n\n\n\n<p class=\"has-text-align-center has-small-font-size\">DEPUIS DES MOIS DANS L\u2019ATTENTE, MON P\u00c8RE<\/p>\n\n\n\n<p class=\"has-text-align-center has-small-font-size\">D\u2019UN TROIS-MATS<\/p>\n\n\n\n<p class=\"has-text-align-center has-small-font-size\">LA, LA, LA, LA, LA, LA, LA, LA, LA, LA, LA, LA, LA, LA&nbsp;!<\/p>\n\n\n\n<p class=\"has-text-align-center has-small-font-size\"><strong>3<\/strong><\/p>\n\n\n\n<p class=\"has-text-align-center has-small-font-size\">UN CAPITAINE LUI DIT MA FILLE<\/p>\n\n\n\n<p class=\"has-text-align-center has-small-font-size\">\u00c9COUTE-MOI<\/p>\n\n\n\n<p class=\"has-text-align-center has-small-font-size\">SI TU VEUX \u00caTRE GENTILLE<\/p>\n\n\n\n<p class=\"has-text-align-center has-small-font-size\">AVEC-MOI<\/p>\n\n\n\n<p class=\"has-text-align-center has-small-font-size\">DEMAIN TU METTRAS LES VOILES<\/p>\n\n\n\n<p class=\"has-text-align-center has-small-font-size\">\u00c0 BORD DE LA BELLE \u00c9TOILE<\/p>\n\n\n\n<p class=\"has-text-align-center has-small-font-size\">MARIA<\/p>\n\n\n\n<p class=\"has-text-align-center has-small-font-size\">LA, LA, LA, LA, LA, LA, LA, LA, LA, LA, LA, LA, LA, LA&nbsp;!<\/p>\n\n\n\n<p class=\"has-text-align-center has-small-font-size\"><strong>4<\/strong><\/p>\n\n\n\n<p class=\"has-text-align-center has-small-font-size\">ELLE VOULUT CROIRE \u00c0 L\u2019AUBAINE<\/p>\n\n\n\n<p class=\"has-text-align-center has-small-font-size\">CE JOUR L\u00c0<\/p>\n\n\n\n<p class=\"has-text-align-center has-small-font-size\">AU CHANTAGE DU CAPITAINE,<\/p>\n\n\n\n<p class=\"has-text-align-center has-small-font-size\">ELLE C\u00c9DA<\/p>\n\n\n\n<p class=\"has-text-align-center has-small-font-size\">SANS SONGER AUX CONS\u00c9QUENCES<\/p>\n\n\n\n<p class=\"has-text-align-center has-small-font-size\">DE SUCCOMBER AUX AVANCES<\/p>\n\n\n\n<p class=\"has-text-align-center has-small-font-size\">D\u2019UN GOUJAT<\/p>\n\n\n\n<p class=\"has-text-align-center has-small-font-size\">LA, LA, LA, LA, LA, LA, LA, LA, LA, LA, LA, LA, LA, LA&nbsp;!<\/p>\n\n\n\n<p class=\"has-text-align-center has-small-font-size\"><strong>5<\/strong><\/p>\n\n\n\n<p class=\"has-text-align-center has-small-font-size\">JAMAIS ELLE NE MIT LES VOILES,<\/p>\n\n\n\n<p class=\"has-text-align-center has-small-font-size\">MARIA<\/p>\n\n\n\n<p class=\"has-text-align-center has-small-font-size\">\u00c0 BORD DE LA BELLE \u00c9TOILE<\/p>\n\n\n\n<p class=\"has-text-align-center has-small-font-size\">NON LES GARS<\/p>\n\n\n\n<p class=\"has-text-align-center has-small-font-size\">ET POUR COMBLE D\u2019INFORTUNE,<\/p>\n\n\n\n<p class=\"has-text-align-center has-small-font-size\">ELLE DEVINT RONDE COMME LA LUNE<\/p>\n\n\n\n<p class=\"has-text-align-center has-small-font-size\">ET VOIL\u00c0<\/p>\n\n\n\n<p class=\"has-text-align-center has-small-font-size\">LA, LA, LA, LA, LA, LA, LA, LA, LA, LA, LA, LA, LA, LA&nbsp;!<\/p>\n\n\n\n<p class=\"has-text-align-center has-small-font-size\"><strong>6<\/strong><\/p>\n\n\n\n<p class=\"has-text-align-center has-small-font-size\">POURTANT SA JOIE FUT PROFONDE,<\/p>\n\n\n\n<p class=\"has-text-align-center has-small-font-size\">AH OUI DA<\/p>\n\n\n\n<p class=\"has-text-align-center has-small-font-size\">QUAND UN JOUR ELLE MIT AU MONDE,<\/p>\n\n\n\n<p class=\"has-text-align-center has-small-font-size\">UN PETIT GARS<\/p>\n\n\n\n<p class=\"has-text-align-center has-small-font-size\">\u00c0 QUI ELLE DIT\u00a0 LE CORSAIRE<\/p>\n\n\n\n<p class=\"has-text-align-center has-small-font-size\">QUI SUCCEDRA \u00c0 MON P\u00c8RE<\/p>\n\n\n\n<p class=\"has-text-align-center has-small-font-size\">CE SERA TOI ! <\/p>\n\n\n\n<p class=\"has-text-align-center has-small-font-size\">LA, LA, LA, LA, LA, LA, LA, LA, LA, LA, LA, LA, LA, LA&nbsp;!<\/p>\n\n\n\n<p class=\"has-text-align-center has-small-font-size\"><strong>7<\/strong><\/p>\n\n\n\n<p class=\"has-text-align-center has-small-font-size\">C\u2019\u00c9TAIT UNE FILLE DE CORSAIRE,<\/p>\n\n\n\n<p class=\"has-text-align-center has-small-font-size\">MARIA<\/p>\n\n\n\n<p class=\"has-text-align-center has-small-font-size\">QUI VOULAIT COMME SON P\u00c8RE,<\/p>\n\n\n\n<p class=\"has-text-align-center has-small-font-size\">OUAIS LES GARS<\/p>\n\n\n\n<p class=\"has-text-align-center has-small-font-size\">SILLONNER LES MERS DU MONDE<\/p>\n\n\n\n<p class=\"has-text-align-center has-small-font-size\">T\u00c9M\u00c9RAIRE ET VAGABONDE<\/p>\n\n\n\n<p class=\"has-text-align-center has-small-font-size\">MARIA&nbsp;! MARIA&nbsp;!<\/p>\n","protected":false},"excerpt":{"rendered":"<p>MARIA, FILLE DE CORSAIRE 1 C\u2019\u00c9TAIT UNE FILLE DE CORSAIRE, MARIA QUI VOULAIT COMME SON P\u00c8RE, OUAIS, LES GARS SILLONNER LES MERS DU MONDE, T\u00c9M\u00c9RAIRE ET VAGABONDE, MARIA LA, LA, LA, LA, LA, LA, LA, LA, LA, LA, LA, LA, LA, LA&nbsp;! 2 MAIS SUR LES BATEAUX CORSAIRES, OUAIS, LES GARS DES FEMMES IL N\u2019Y &hellip; <a href=\"https:\/\/lescopainsdubord.fr\/?page_id=1420\" class=\"more-link\">Continuer la lecture<span class=\"screen-reader-text\"> de &laquo;&nbsp;MARIA, FILLE DE CORSAIRE&nbsp;&raquo;<\/span><\/a><\/p>\n","protected":false},"author":2,"featured_media":0,"parent":0,"menu_order":0,"comment_status":"closed","ping_status":"closed","template":"elementor_canvas","meta":{"footnotes":""},"class_list":["post-1420","page","type-page","status-publish","hentry"],"_links":{"self":[{"href":"https:\/\/lescopainsdubord.fr\/index.php?rest_route=\/wp\/v2\/pages\/1420","targetHints":{"allow":["GET"]}}],"collection":[{"href":"https:\/\/lescopainsdubord.fr\/index.php?rest_route=\/wp\/v2\/pages"}],"about":[{"href":"https:\/\/lescopainsdubord.fr\/index.php?rest_route=\/wp\/v2\/types\/page"}],"author":[{"embeddable":true,"href":"https:\/\/lescopainsdubord.fr\/index.php?rest_route=\/wp\/v2\/users\/2"}],"replies":[{"embeddable":true,"href":"https:\/\/lescopainsdubord.fr\/index.php?rest_route=%2Fwp%2Fv2%2Fcomments&post=1420"}],"version-history":[{"count":5,"href":"https:\/\/lescopainsdubord.fr\/index.php?rest_route=\/wp\/v2\/pages\/1420\/revisions"}],"predecessor-version":[{"id":1493,"href":"https:\/\/lescopainsdubord.fr\/index.php?rest_route=\/wp\/v2\/pages\/1420\/revisions\/1493"}],"wp:attachment":[{"href":"https:\/\/lescopainsdubord.fr\/index.php?rest_route=%2Fwp%2Fv2%2Fmedia&parent=1420"}],"curies":[{"name":"wp","href":"https:\/\/api.w.org\/{rel}","templated":true}]}}