{"id":1402,"date":"2020-11-08T11:15:30","date_gmt":"2020-11-08T10:15:30","guid":{"rendered":"https:\/\/lescopainsdubord.fr\/?page_id=1402"},"modified":"2022-01-23T13:44:59","modified_gmt":"2022-01-23T12:44:59","slug":"la-boite-a-matelots","status":"publish","type":"page","link":"https:\/\/lescopainsdubord.fr\/?page_id=1402","title":{"rendered":"LA BO\u00ceTE \u00c0 MATELOTS"},"content":{"rendered":"\n<div class=\"wp-block-image\"><figure class=\"aligncenter size-large\"><img loading=\"lazy\" decoding=\"async\" width=\"519\" height=\"111\" src=\"https:\/\/lescopainsdubord.fr\/wp-content\/uploads\/2020\/11\/boam3u49.gif\" alt=\"\" class=\"wp-image-1152\"\/><\/figure><\/div>\n\n\n\n<div class=\"wp-block-buttons is-layout-flex wp-block-buttons-is-layout-flex\">\n<div class=\"wp-block-button\"><a class=\"wp-block-button__link\" href=\"https:\/\/lescopainsdubord.fr\/?p=1(ouvre un nouvel onglet)\">retour accueil<\/a><\/div>\n\n\n\n<div class=\"wp-block-button\"><a class=\"wp-block-button__link\" href=\"https:\/\/lescopainsdubord.fr\/?page_id=1163(ouvre un nouvel onglet)\">retour liste<\/a><\/div>\n<\/div>\n\n\n\n<p class=\"has-text-align-center has-normal-font-size\"><strong>LA BO\u00ceTE \u00c0 MATELOTS<\/strong><\/p>\n\n\n\n<p class=\"has-text-align-center has-small-font-size\"><strong>Refrain<\/strong><\/p>\n\n\n\n<p class=\"has-text-align-center has-small-font-size\"><strong>C&rsquo;EST UN CABOULOT, UN PETIT BISTROT<\/strong><\/p>\n\n\n\n<p class=\"has-text-align-center has-small-font-size\"><strong>DANS UN PORT DE P\u00caCHE<\/strong><\/p>\n\n\n\n<p class=\"has-text-align-center has-small-font-size\"><strong>UNE BO\u00ceTE\u00a0\u00c0 MAT&rsquo;LOTS<\/strong>, <strong>VERS LAQUELLE AU TROT<\/strong><\/p>\n\n\n\n<p class=\"has-text-align-center has-small-font-size\"><strong>LES GARS SE D\u00c9P\u00c8CHENT<\/strong><\/p>\n\n\n\n<p class=\"has-text-align-center has-small-font-size\"><strong>BUVONS UN COUP, L&rsquo;ALCOOL \u00c7A REND FOU<\/strong><\/p>\n\n\n\n<p class=\"has-text-align-center has-small-font-size\"><strong>LES FILLES SONT BELLES<\/strong><\/p>\n\n\n\n<p class=\"has-text-align-center has-small-font-size\"><strong>BUVONS-EN DEUX, R\u00caVES MERVEILLEUX<\/strong><\/p>\n\n\n\n<p class=\"has-text-align-center has-small-font-size\"><strong>NOS C\u0152URS ONT DES AILES<\/strong><\/p>\n\n\n\n<p class=\"has-text-align-center has-small-font-size\"><strong>VIVE LA CHANSON, SUR L\u2019ACCORD\u00c9ON<\/strong><\/p>\n\n\n\n<p class=\"has-text-align-center has-small-font-size\"><strong>D&rsquo;UN GARS DE LA MARINE<\/strong><\/p>\n\n\n\n<p class=\"has-text-align-center has-small-font-size\"><strong>QU&rsquo;IMPORTE DEMAIN, UN COUP DU DESTIN<\/strong><\/p>\n\n\n\n<p class=\"has-text-align-center has-small-font-size\"><strong>LA VAGUE ASSASSINE<\/strong><\/p>\n\n\n\n<p class=\"has-text-align-center has-small-font-size\"><strong>LES TERRE-NEUVAS, DE TOUS LES PETITS GARS<\/strong><\/p>\n\n\n\n<p class=\"has-text-align-center has-small-font-size\"><strong>ICI C&rsquo;EST LA CR\u00c8CHE<\/strong><\/p>\n\n\n\n<p class=\"has-text-align-center has-small-font-size\"><strong>DANS UN PORT DE P\u00caCHE, ALLONS BOIRE UN COUP<\/strong><\/p>\n\n\n\n<p class=\"has-text-align-center has-small-font-size\"><strong>DANS LA BO\u00ceTE  \u00c0 MATELOTS<\/strong><\/p>\n\n\n\n<p class=\"has-text-align-center has-small-font-size\"><strong>1<\/strong><\/p>\n\n\n\n<p class=\"has-text-align-center has-small-font-size\">C&rsquo;EST UN BISTROT ASSEZ&nbsp;LOUCHE<\/p>\n\n\n\n<p class=\"has-text-align-center has-small-font-size\">DANS UNE RUE AU FOND DU PORT<\/p>\n\n\n\n<p class=\"has-text-align-center has-small-font-size\">ON Y BOIT ET ON Y COUCHE<\/p>\n\n\n\n<p class=\"has-text-align-center has-small-font-size\">\u00c0 TRIBORD COMME \u00c0 B\u00c2BORD<\/p>\n\n\n\n<p class=\"has-text-align-center has-small-font-size\">LA SERVANTE EST JEUNE ET BELLE<\/p>\n\n\n\n<p class=\"has-text-align-center has-small-font-size\">LA PATRONNE EST SANS FA\u00c7ON<\/p>\n\n\n\n<p class=\"has-text-align-center has-small-font-size\">LEUR VERTU N&rsquo;EST PAS REBELLE<\/p>\n\n\n\n<p class=\"has-text-align-center has-small-font-size\">Y&rsquo;A DES RIRES ET DES CHANSONS<\/p>\n\n\n\n<p class=\"has-text-align-center has-small-font-size\"><strong>2<\/strong><strong><\/strong><\/p>\n\n\n\n<p class=\"has-text-align-center has-small-font-size\">FUM\u00c9E DE NOS CIGARETTES<\/p>\n\n\n\n<p class=\"has-text-align-center has-small-font-size\">DANS LE BROUILLARD DU TABAC<\/p>\n\n\n\n<p class=\"has-text-align-center has-small-font-size\">L&rsquo;ON R\u00caVE D&rsquo;AMOURS SIMPLETTES<\/p>\n\n\n\n<p class=\"has-text-align-center has-small-font-size\">POURQUOI S&rsquo;EN FAIRE ICI-BAS<\/p>\n\n\n\n<p class=\"has-text-align-center has-small-font-size\">UNE DANSE UNE AVENTURE<\/p>\n\n\n\n<p class=\"has-text-align-center has-small-font-size\">QUI SERA SANS LENDEMAIN<\/p>\n\n\n\n<p class=\"has-text-align-center has-small-font-size\">ET DEMAIN DANS LA MATURE<\/p>\n\n\n\n<p class=\"has-text-align-center has-small-font-size\">SOUVENIR D\u00c9J\u00c0&nbsp;LOINTAIN<\/p>\n\n\n\n<p class=\"has-text-align-center has-small-font-size\"><strong>3<\/strong><\/p>\n\n\n\n<p class=\"has-text-align-center has-small-font-size\">ICI L&rsquo;AMOUR ON LE DONNE<\/p>\n\n\n\n<p class=\"has-text-align-center has-small-font-size\">GARDE&nbsp;\u00c0 TON C\u0152UR MATELOTS<\/p>\n\n\n\n<p class=\"has-text-align-center has-small-font-size\">ON DIT QUE POUR LA PATRONNE<\/p>\n\n\n\n<p class=\"has-text-align-center has-small-font-size\">UN GARS S&rsquo;EST JET\u00c9<em> <\/em>\u00c0 L&rsquo;EAU<\/p>\n\n\n\n<p class=\"has-text-align-center has-small-font-size\">QU&rsquo;IMPORTE CE QUE L&rsquo;ON RACONTE<\/p>\n\n\n\n<p class=\"has-text-align-center has-small-font-size\">SUR LES QUAIS DANS LES BISTROTS<\/p>\n\n\n\n<p class=\"has-text-align-center has-small-font-size\">DANS LA BO\u00ceTE \u00c0 MATELOTS<\/p>\n\n\n\n<p class=\"has-text-align-center has-small-font-size\">LEUR VERTU N&rsquo;EST PAS SANS HONTE<\/p>\n\n\n\n<p class=\"has-text-align-center has-small-font-size\">LA SERVANTE A LE C\u0152UR CHAUD<\/p>\n","protected":false},"excerpt":{"rendered":"<p>LA BO\u00ceTE \u00c0 MATELOTS Refrain C&rsquo;EST UN CABOULOT, UN PETIT BISTROT DANS UN PORT DE P\u00caCHE UNE BO\u00ceTE\u00a0\u00c0 MAT&rsquo;LOTS, VERS LAQUELLE AU TROT LES GARS SE D\u00c9P\u00c8CHENT BUVONS UN COUP, L&rsquo;ALCOOL \u00c7A REND FOU LES FILLES SONT BELLES BUVONS-EN DEUX, R\u00caVES MERVEILLEUX NOS C\u0152URS ONT DES AILES VIVE LA CHANSON, SUR L\u2019ACCORD\u00c9ON D&rsquo;UN GARS DE &hellip; <a href=\"https:\/\/lescopainsdubord.fr\/?page_id=1402\" class=\"more-link\">Continuer la lecture<span class=\"screen-reader-text\"> de &laquo;&nbsp;LA BO\u00ceTE \u00c0 MATELOTS&nbsp;&raquo;<\/span><\/a><\/p>\n","protected":false},"author":2,"featured_media":0,"parent":0,"menu_order":0,"comment_status":"closed","ping_status":"closed","template":"elementor_canvas","meta":{"footnotes":""},"class_list":["post-1402","page","type-page","status-publish","hentry"],"_links":{"self":[{"href":"https:\/\/lescopainsdubord.fr\/index.php?rest_route=\/wp\/v2\/pages\/1402","targetHints":{"allow":["GET"]}}],"collection":[{"href":"https:\/\/lescopainsdubord.fr\/index.php?rest_route=\/wp\/v2\/pages"}],"about":[{"href":"https:\/\/lescopainsdubord.fr\/index.php?rest_route=\/wp\/v2\/types\/page"}],"author":[{"embeddable":true,"href":"https:\/\/lescopainsdubord.fr\/index.php?rest_route=\/wp\/v2\/users\/2"}],"replies":[{"embeddable":true,"href":"https:\/\/lescopainsdubord.fr\/index.php?rest_route=%2Fwp%2Fv2%2Fcomments&post=1402"}],"version-history":[{"count":9,"href":"https:\/\/lescopainsdubord.fr\/index.php?rest_route=\/wp\/v2\/pages\/1402\/revisions"}],"predecessor-version":[{"id":2193,"href":"https:\/\/lescopainsdubord.fr\/index.php?rest_route=\/wp\/v2\/pages\/1402\/revisions\/2193"}],"wp:attachment":[{"href":"https:\/\/lescopainsdubord.fr\/index.php?rest_route=%2Fwp%2Fv2%2Fmedia&parent=1402"}],"curies":[{"name":"wp","href":"https:\/\/api.w.org\/{rel}","templated":true}]}}