{"id":1397,"date":"2020-11-08T11:19:51","date_gmt":"2020-11-08T10:19:51","guid":{"rendered":"https:\/\/lescopainsdubord.fr\/?page_id=1397"},"modified":"2022-01-23T18:32:37","modified_gmt":"2022-01-23T17:32:37","slug":"pares-a-virer","status":"publish","type":"page","link":"https:\/\/lescopainsdubord.fr\/?page_id=1397","title":{"rendered":"PAR\u00c9S \u00c0 VIRER"},"content":{"rendered":"\n<div class=\"wp-block-image\"><figure class=\"aligncenter size-large\"><img loading=\"lazy\" decoding=\"async\" width=\"519\" height=\"111\" src=\"https:\/\/lescopainsdubord.fr\/wp-content\/uploads\/2020\/11\/boam3u49.gif\" alt=\"\" class=\"wp-image-1152\"\/><\/figure><\/div>\n\n\n\n<div class=\"wp-block-buttons is-layout-flex wp-block-buttons-is-layout-flex\">\n<div class=\"wp-block-button\"><a class=\"wp-block-button__link\" href=\"https:\/\/lescopainsdubord.fr\/?p=1(ouvre un nouvel onglet)\">retour accueil<\/a><\/div>\n\n\n\n<div class=\"wp-block-button\"><a class=\"wp-block-button__link\" href=\"https:\/\/lescopainsdubord.fr\/?page_id=1163(ouvre un nouvel onglet)\">retour liste<\/a><\/div>\n<\/div>\n\n\n\n<p class=\"has-text-align-center has-normal-font-size\"><strong>PAR\u00c9S \u00c0 VIRER<\/strong><\/p>\n\n\n\n<p class=\"has-text-align-center has-small-font-size\"><strong>Refrain<\/strong><\/p>\n\n\n\n<p class=\"has-text-align-center has-small-font-size\"><strong><br>PAR\u00c9S \u00c0 VIRER, HOP&nbsp;! LES GARS<\/strong><\/p>\n\n\n\n<p class=\"has-text-align-center has-small-font-size\"><strong>MAINS SUR MAINS, BRAS SUR BRAS<\/strong><\/p>\n\n\n\n<p class=\"has-text-align-center has-small-font-size\"><strong>ALLEZ OH&nbsp;! HISSE ET HO&nbsp;! HO&nbsp;!<\/strong> <strong>HO !<\/strong><\/p>\n\n\n\n<p class=\"has-text-align-center has-small-font-size\"><strong>PAR\u00c9S \u00c0 VIRER, HOP&nbsp;! LES GARS<\/strong><\/p>\n\n\n\n<p class=\"has-text-align-center has-small-font-size\"><strong>BRASSONS LE CACATOIS<\/strong><\/p>\n\n\n\n<p class=\"has-text-align-center has-small-font-size\"><strong>ALLEZ OH&nbsp;! HISSE ET HO&nbsp;! HO HO&nbsp;!<\/strong><\/p>\n\n\n\n<p class=\"has-text-align-center has-small-font-size\"><strong>PAR\u00c9S \u00c0 VIRER, HOP&nbsp;! LES GARS<\/strong><\/p>\n\n\n\n<p class=\"has-text-align-center has-small-font-size\"><strong>LE BOSCO DONNE DE LA VOIX<\/strong><\/p>\n\n\n\n<p class=\"has-text-align-center has-small-font-size\"><strong>ALLEZ OH&nbsp;! HISSE ET HO&nbsp;! HO HO&nbsp;!<\/strong><\/p>\n\n\n\n<p class=\"has-text-align-center has-small-font-size\"><strong>IL GUEULE SUR NOUS COMME UN PUTOIS<\/strong><\/p>\n\n\n\n<p class=\"has-text-align-center has-small-font-size\"><strong>COMME SI ON NE SAVAIT PAS<\/strong><\/p>\n\n\n\n<p class=\"has-text-align-center has-small-font-size\"><strong>BIEN FAIRE NOTRE BOULOT, HO HO&nbsp;!<\/strong><\/p>\n\n\n\n<p class=\"has-text-align-center has-small-font-size\"><strong>1<\/strong><\/p>\n\n\n\n<p class=\"has-text-align-center has-small-font-size\">COURIR LES OC\u00c9ANS<\/p>\n\n\n\n<p class=\"has-text-align-center has-small-font-size\">BRAVER LES OURAGANS<em><strong><\/strong><\/em><\/p>\n\n\n\n<p class=\"has-text-align-center has-small-font-size\">ON SAIT LE FAIRE, OH OUAIS&nbsp;!<\/p>\n\n\n\n<p class=\"has-text-align-center has-small-font-size\">NAVIGUER SANS BOUSSOLE<\/p>\n\n\n\n<p class=\"has-text-align-center has-small-font-size\">ET NARGUER LA P\u00c9TOLE<\/p>\n\n\n\n<p class=\"has-text-align-center has-small-font-size\">ON SAIT LE FAIRE OH OUAIS&nbsp;!<\/p>\n\n\n\n<p class=\"has-text-align-center has-small-font-size\">VOIR VENIR LE GROS TEMPS<\/p>\n\n\n\n<p class=\"has-text-align-center has-small-font-size\">MAIS AFFRONTER LE VENT<strong><\/strong><\/p>\n\n\n\n<p class=\"has-text-align-center has-small-font-size\">ON SAIT LE FAIRE, OH OUAIS&nbsp;!<\/p>\n\n\n\n<p class=\"has-text-align-center has-small-font-size\">ALLER PRENDRE DES RIS<\/p>\n\n\n\n<p class=\"has-text-align-center has-small-font-size\">M\u00caME QUAND Y\u2019 A DU ROULIS<\/p>\n\n\n\n<p class=\"has-text-align-center has-small-font-size\">ON SAIT LE FAIRE OH OUAIS&nbsp;!<\/p>\n\n\n\n<p class=\"has-text-align-center has-small-font-size\"><strong>2<\/strong><\/p>\n\n\n\n<p class=\"has-text-align-center has-small-font-size\">SOUQUER AU CABESTAN<\/p>\n\n\n\n<p class=\"has-text-align-center has-small-font-size\">GRIMPER DANS LES HAUBANS<\/p>\n\n\n\n<p class=\"has-text-align-center has-small-font-size\">ON SAIT LE FAIRE, OH OUAIS&nbsp;!<\/p>\n\n\n\n<p class=\"has-text-align-center has-small-font-size\">PRENDRE DES RISQUES FOUS<\/p>\n\n\n\n<p class=\"has-text-align-center has-small-font-size\">CARESSER LES CAILLOUX<\/p>\n\n\n\n<p class=\"has-text-align-center has-small-font-size\">ON SAIT LE FAIRE, OH OUAIS&nbsp;!<\/p>\n\n\n\n<p class=\"has-text-align-center has-small-font-size\">\u00c9COPER DANS LES CALES<\/p>\n\n\n\n<p class=\"has-text-align-center has-small-font-size\">SANS PERDRE LE MORAL<\/p>\n\n\n\n<p class=\"has-text-align-center has-small-font-size\">ON SAIT LE FAIRE, OH OUAIS&nbsp;!<\/p>\n\n\n\n<p class=\"has-text-align-center has-small-font-size\">METTRE LE BOUT AU VENT<\/p>\n\n\n\n<p class=\"has-text-align-center has-small-font-size\">VOGUER EN LOUVOYANT<\/p>\n\n\n\n<p class=\"has-text-align-center has-small-font-size\">ON SAIT LE FAIRE, OH OUAIS&nbsp;!<\/p>\n","protected":false},"excerpt":{"rendered":"<p>PAR\u00c9S \u00c0 VIRER Refrain PAR\u00c9S \u00c0 VIRER, HOP&nbsp;! LES GARS MAINS SUR MAINS, BRAS SUR BRAS ALLEZ OH&nbsp;! HISSE ET HO&nbsp;! HO&nbsp;! HO ! PAR\u00c9S \u00c0 VIRER, HOP&nbsp;! LES GARS BRASSONS LE CACATOIS ALLEZ OH&nbsp;! HISSE ET HO&nbsp;! HO HO&nbsp;! PAR\u00c9S \u00c0 VIRER, HOP&nbsp;! LES GARS LE BOSCO DONNE DE LA VOIX ALLEZ OH&nbsp;! HISSE &hellip; <a href=\"https:\/\/lescopainsdubord.fr\/?page_id=1397\" class=\"more-link\">Continuer la lecture<span class=\"screen-reader-text\"> de &laquo;&nbsp;PAR\u00c9S \u00c0 VIRER&nbsp;&raquo;<\/span><\/a><\/p>\n","protected":false},"author":2,"featured_media":0,"parent":0,"menu_order":0,"comment_status":"closed","ping_status":"closed","template":"elementor_canvas","meta":{"footnotes":""},"class_list":["post-1397","page","type-page","status-publish","hentry"],"_links":{"self":[{"href":"https:\/\/lescopainsdubord.fr\/index.php?rest_route=\/wp\/v2\/pages\/1397","targetHints":{"allow":["GET"]}}],"collection":[{"href":"https:\/\/lescopainsdubord.fr\/index.php?rest_route=\/wp\/v2\/pages"}],"about":[{"href":"https:\/\/lescopainsdubord.fr\/index.php?rest_route=\/wp\/v2\/types\/page"}],"author":[{"embeddable":true,"href":"https:\/\/lescopainsdubord.fr\/index.php?rest_route=\/wp\/v2\/users\/2"}],"replies":[{"embeddable":true,"href":"https:\/\/lescopainsdubord.fr\/index.php?rest_route=%2Fwp%2Fv2%2Fcomments&post=1397"}],"version-history":[{"count":8,"href":"https:\/\/lescopainsdubord.fr\/index.php?rest_route=\/wp\/v2\/pages\/1397\/revisions"}],"predecessor-version":[{"id":2225,"href":"https:\/\/lescopainsdubord.fr\/index.php?rest_route=\/wp\/v2\/pages\/1397\/revisions\/2225"}],"wp:attachment":[{"href":"https:\/\/lescopainsdubord.fr\/index.php?rest_route=%2Fwp%2Fv2%2Fmedia&parent=1397"}],"curies":[{"name":"wp","href":"https:\/\/api.w.org\/{rel}","templated":true}]}}