{"id":1391,"date":"2020-11-08T11:17:44","date_gmt":"2020-11-08T10:17:44","guid":{"rendered":"https:\/\/lescopainsdubord.fr\/?page_id=1391"},"modified":"2022-01-23T13:51:15","modified_gmt":"2022-01-23T12:51:15","slug":"la-revolte-des-sardinieres","status":"publish","type":"page","link":"https:\/\/lescopainsdubord.fr\/?page_id=1391","title":{"rendered":"LA R\u00c9VOLTE DES SARDINI\u00c8RES"},"content":{"rendered":"\n<div class=\"wp-block-image\"><figure class=\"aligncenter size-large\"><img loading=\"lazy\" decoding=\"async\" width=\"519\" height=\"111\" src=\"https:\/\/lescopainsdubord.fr\/wp-content\/uploads\/2020\/11\/boam3u49.gif\" alt=\"\" class=\"wp-image-1152\"\/><\/figure><\/div>\n\n\n\n<div class=\"wp-block-buttons is-layout-flex wp-block-buttons-is-layout-flex\">\n<div class=\"wp-block-button\"><a class=\"wp-block-button__link\" href=\"https:\/\/lescopainsdubord.fr\/?p=1(ouvre un nouvel onglet)\">retour accueil<\/a><\/div>\n\n\n\n<div class=\"wp-block-button\"><a class=\"wp-block-button__link\" href=\"https:\/\/lescopainsdubord.fr\/?page_id=1163(ouvre un nouvel onglet)\">retour liste<\/a><\/div>\n<\/div>\n\n\n\n<p class=\"has-text-align-center has-normal-font-size\">LA R\u00c9VOLTE<strong> DES SARDINI\u00c8RES<\/strong><\/p>\n\n\n\n<p class=\"has-text-align-center has-small-font-size\"><strong>Refrain<\/strong><\/p>\n\n\n\n<p class=\"has-text-align-center has-small-font-size\"><strong>FLOTTANT SUR LE PORT DE DOUARNENEZ<\/strong><\/p>\n\n\n\n<p class=\"has-text-align-center has-small-font-size\"><strong>TRA <\/strong><strong>LA LA LA LE NO TRA LA LO<\/strong><\/p>\n\n\n\n<p class=\"has-text-align-center has-small-font-size\"><strong>FLOTTANT SUR LE PORT DE DOUARNENEZ<\/strong><\/p>\n\n\n\n<p class=\"has-text-align-center has-small-font-size\"><strong>TRA <\/strong><strong>LA LA LA LE NO TRA LA LO<\/strong><\/p>\n\n\n\n<p class=\"has-text-align-center has-small-font-size\"><strong>1<\/strong><\/p>\n\n\n\n<p class=\"has-text-align-center has-small-font-size\">ENTENDS-TU MONTER LE CHANT DES SARDINI\u00c8RES,<\/p>\n\n\n\n<p class=\"has-text-align-center has-small-font-size\">ELLES CHANTENT COMME TU DIRAIS UNE PRI\u00c8RE,<\/p>\n\n\n\n<p class=\"has-text-align-center has-small-font-size\">POUR NE PAS VOIR TA MIS\u00c8RE<\/p>\n\n\n\n<p class=\"has-text-align-center has-small-font-size\"><strong>2<\/strong><\/p>\n\n\n\n<p class=\"has-text-align-center has-small-font-size\">ENTENDS-TU ENFLER LE CHANT DES SARDINI\u00c8RES,<\/p>\n\n\n\n<p class=\"has-text-align-center has-small-font-size\">ELLES CHANTENT COMME TU DIRAIS UNE PRI\u00c8RE,<\/p>\n\n\n\n<p class=\"has-text-align-center has-small-font-size\">POUR CALMER TES LARMES AM\u00c8RES.<\/p>\n\n\n\n<p class=\"has-text-align-center has-small-font-size\"><strong>3<\/strong><\/p>\n\n\n\n<p class=\"has-text-align-center has-small-font-size\">ENTENDS-TU GRONDER LE CHANT DES SARDINI\u00c8RES,<\/p>\n\n\n\n<p class=\"has-text-align-center has-small-font-size\">ELLES CHANTENT COMME TU DIRAIS UNE PRI\u00c8RE,<\/p>\n\n\n\n<p class=\"has-text-align-center has-small-font-size\">POUR \u00c9TOUFFER TA COL\u00c8RE.<\/p>\n\n\n\n<p class=\"has-text-align-center has-small-font-size\"><strong>4<\/strong><\/p>\n\n\n\n<p class=\"has-text-align-center has-small-font-size\">ENTENDS-TU CRIER LE CHANT DES SARDINI\u00c8RES,<\/p>\n\n\n\n<p class=\"has-text-align-center has-small-font-size\">ELLES CHANTENT MAIS CE N&rsquo;EST PLUS UNE PRI\u00c8RE,<\/p>\n\n\n\n<p class=\"has-text-align-center has-small-font-size\">ELLES SE SONT MISES EN GR\u00c9VES HIER.<\/p>\n\n\n\n<p class=\"has-text-align-center has-small-font-size\"><strong>5<\/strong><\/p>\n\n\n\n<p class=\"has-text-align-center has-small-font-size\">EN-TENDS-TU HURLER LE CHANT DES SARDINI\u00c8RES,<\/p>\n\n\n\n<p class=\"has-text-align-center has-small-font-size\">ELLES CHANTENT MAIS CE N&rsquo;EST PLUS UNE PRI\u00c8RE,<\/p>\n\n\n\n<p class=\"has-text-align-center has-small-font-size\">C&rsquo;EST LA MARCHE DES \u00c9MEUTI\u00c8RES.<\/p>\n\n\n\n<p class=\"has-text-align-center has-small-font-size\"><strong>6<\/strong><\/p>\n\n\n\n<p class=\"has-text-align-center has-small-font-size\">ENTENDS-TU LE SILENCE DES SARDINI\u00c8RES,<\/p>\n\n\n\n<p class=\"has-text-align-center has-small-font-size\">LEUR SILENCE PENDANT LA PRI\u00c8RE,<\/p>\n\n\n\n<p class=\"has-text-align-center has-small-font-size\">DU SANG A ROUGI LEUR TERRE.<\/p>\n","protected":false},"excerpt":{"rendered":"<p>LA R\u00c9VOLTE DES SARDINI\u00c8RES Refrain FLOTTANT SUR LE PORT DE DOUARNENEZ TRA LA LA LA LE NO TRA LA LO FLOTTANT SUR LE PORT DE DOUARNENEZ TRA LA LA LA LE NO TRA LA LO 1 ENTENDS-TU MONTER LE CHANT DES SARDINI\u00c8RES, ELLES CHANTENT COMME TU DIRAIS UNE PRI\u00c8RE, POUR NE PAS VOIR TA MIS\u00c8RE &hellip; <a href=\"https:\/\/lescopainsdubord.fr\/?page_id=1391\" class=\"more-link\">Continuer la lecture<span class=\"screen-reader-text\"> de &laquo;&nbsp;LA R\u00c9VOLTE DES SARDINI\u00c8RES&nbsp;&raquo;<\/span><\/a><\/p>\n","protected":false},"author":2,"featured_media":0,"parent":0,"menu_order":0,"comment_status":"closed","ping_status":"closed","template":"elementor_canvas","meta":{"footnotes":""},"class_list":["post-1391","page","type-page","status-publish","hentry"],"_links":{"self":[{"href":"https:\/\/lescopainsdubord.fr\/index.php?rest_route=\/wp\/v2\/pages\/1391","targetHints":{"allow":["GET"]}}],"collection":[{"href":"https:\/\/lescopainsdubord.fr\/index.php?rest_route=\/wp\/v2\/pages"}],"about":[{"href":"https:\/\/lescopainsdubord.fr\/index.php?rest_route=\/wp\/v2\/types\/page"}],"author":[{"embeddable":true,"href":"https:\/\/lescopainsdubord.fr\/index.php?rest_route=\/wp\/v2\/users\/2"}],"replies":[{"embeddable":true,"href":"https:\/\/lescopainsdubord.fr\/index.php?rest_route=%2Fwp%2Fv2%2Fcomments&post=1391"}],"version-history":[{"count":7,"href":"https:\/\/lescopainsdubord.fr\/index.php?rest_route=\/wp\/v2\/pages\/1391\/revisions"}],"predecessor-version":[{"id":2199,"href":"https:\/\/lescopainsdubord.fr\/index.php?rest_route=\/wp\/v2\/pages\/1391\/revisions\/2199"}],"wp:attachment":[{"href":"https:\/\/lescopainsdubord.fr\/index.php?rest_route=%2Fwp%2Fv2%2Fmedia&parent=1391"}],"curies":[{"name":"wp","href":"https:\/\/api.w.org\/{rel}","templated":true}]}}