{"id":1352,"date":"2020-11-07T17:26:40","date_gmt":"2020-11-07T16:26:40","guid":{"rendered":"https:\/\/lescopainsdubord.fr\/?page_id=1352"},"modified":"2022-01-23T13:49:32","modified_gmt":"2022-01-23T12:49:32","slug":"la-mer-toujours-la-mer","status":"publish","type":"page","link":"https:\/\/lescopainsdubord.fr\/?page_id=1352","title":{"rendered":"LA MER, TOUJOURS LA MER"},"content":{"rendered":"\n<div class=\"wp-block-image\"><figure class=\"aligncenter size-large\"><img loading=\"lazy\" decoding=\"async\" width=\"519\" height=\"111\" src=\"https:\/\/lescopainsdubord.fr\/wp-content\/uploads\/2020\/11\/boam3u49.gif\" alt=\"\" class=\"wp-image-1152\"\/><\/figure><\/div>\n\n\n\n<div class=\"wp-block-buttons is-layout-flex wp-block-buttons-is-layout-flex\">\n<div class=\"wp-block-button\"><a class=\"wp-block-button__link\" href=\"https:\/\/lescopainsdubord.fr\/?p=1(ouvre un nouvel onglet)\">retour accueil<\/a><\/div>\n\n\n\n<div class=\"wp-block-button\"><a class=\"wp-block-button__link\" href=\"https:\/\/lescopainsdubord.fr\/?page_id=1163(ouvre un nouvel onglet)\">retour liste<\/a><\/div>\n<\/div>\n\n\n\n<p class=\"has-text-align-center has-normal-font-size\"><strong>LA MER, TOUJOURS LA MER<\/strong><\/p>\n\n\n\n<p class=\"has-text-align-center has-small-font-size\"><strong>Refrain<\/strong><\/p>\n\n\n\n<p class=\"has-text-align-center has-small-font-size\"><strong><br>LA MER, TOUJOURS LA MER A QUELQUE CHOSE \u00c0 DIRE<\/strong><\/p>\n\n\n\n<p class=\"has-text-align-center has-small-font-size\"><strong>MUSIQUE ET PO\u00c9SIE, AMOUR ET LIBERT\u00c9<\/strong><\/p>\n\n\n\n<p class=\"has-text-align-center has-small-font-size\"><strong>LES MOTS QUE NOUS CHANTONS VOGUERONT BEAUX NAVIRES<\/strong><\/p>\n\n\n\n<p class=\"has-text-align-center has-small-font-size\"><strong>\u00c0 TRAVERS LES SAISONS, TOUTE UNE \u00c9TERNIT\u00c9<\/strong><\/p>\n\n\n\n<p class=\"has-text-align-center has-small-font-size\"><strong>1<\/strong><\/p>\n\n\n\n<p class=\"has-text-align-center has-small-font-size\">LES VAGUES SUR LA MER SONT DES PORT\u00c9ES G\u00c9ANTES<\/p>\n\n\n\n<p class=\"has-text-align-center has-small-font-size\">O\u00d9 LES MARINS P\u00caCHEURS INSCRIVENT LEURS BATEAUX<\/p>\n\n\n\n<p class=\"has-text-align-center has-small-font-size\">ON ENTEND NUIT ET JOUR \u00c0 LA MAR\u00c9E MONTANTE<\/p>\n\n\n\n<p class=\"has-text-align-center has-small-font-size\">EN BAIE DE SAINT-BRIEUC LA SYMPHONIE DES EAUX<\/p>\n\n\n\n<p class=\"has-text-align-center has-small-font-size\"><strong>2<\/strong><\/p>\n\n\n\n<p class=\"has-text-align-center has-small-font-size\"><br>C\u2019EST LE CHANT DES GALETS, SOUS LES DOIGTS DE L\u2019\u00c9CUME<\/p>\n\n\n\n<p class=\"has-text-align-center has-small-font-size\">LE PIANO DE LA PLUIE, LE VIOLON DES HAUBANS<\/p>\n\n\n\n<p class=\"has-text-align-center has-small-font-size\">C\u2019EST LE FRACAS DU FLOT QUI BAT SUR SON ENCLUME<\/p>\n\n\n\n<p class=\"has-text-align-center has-small-font-size\">LA RUMEUR DU REFLUX ET L\u2019ADAGIO DU VENT<\/p>\n\n\n\n<p class=\"has-text-align-center has-small-font-size\"><strong>3<\/strong><\/p>\n\n\n\n<p class=\"has-text-align-center has-small-font-size\"><br>NOUS, FILS DE LA MAR\u00c9E, VIVONS \u00c0 LA BOULINE<\/p>\n\n\n\n<p class=\"has-text-align-center has-small-font-size\">ENTENDEZ-VOUS LA MER QUI PORTE NOS \u00c9MOIS<\/p>\n\n\n\n<p class=\"has-text-align-center has-small-font-size\">NOUS AVONS PLEIN LE C\u0152UR DE MUSIQUE MARINE<\/p>\n\n\n\n<p class=\"has-text-align-center has-small-font-size\">DU GO\u00c9MON DANS LES YEUX, DES EMBRUNS DANS LA VOIX<\/p>\n","protected":false},"excerpt":{"rendered":"<p>LA MER, TOUJOURS LA MER Refrain LA MER, TOUJOURS LA MER A QUELQUE CHOSE \u00c0 DIRE MUSIQUE ET PO\u00c9SIE, AMOUR ET LIBERT\u00c9 LES MOTS QUE NOUS CHANTONS VOGUERONT BEAUX NAVIRES \u00c0 TRAVERS LES SAISONS, TOUTE UNE \u00c9TERNIT\u00c9 1 LES VAGUES SUR LA MER SONT DES PORT\u00c9ES G\u00c9ANTES O\u00d9 LES MARINS P\u00caCHEURS INSCRIVENT LEURS BATEAUX ON &hellip; <a href=\"https:\/\/lescopainsdubord.fr\/?page_id=1352\" class=\"more-link\">Continuer la lecture<span class=\"screen-reader-text\"> de &laquo;&nbsp;LA MER, TOUJOURS LA MER&nbsp;&raquo;<\/span><\/a><\/p>\n","protected":false},"author":2,"featured_media":0,"parent":0,"menu_order":0,"comment_status":"closed","ping_status":"closed","template":"elementor_canvas","meta":{"footnotes":""},"class_list":["post-1352","page","type-page","status-publish","hentry"],"_links":{"self":[{"href":"https:\/\/lescopainsdubord.fr\/index.php?rest_route=\/wp\/v2\/pages\/1352","targetHints":{"allow":["GET"]}}],"collection":[{"href":"https:\/\/lescopainsdubord.fr\/index.php?rest_route=\/wp\/v2\/pages"}],"about":[{"href":"https:\/\/lescopainsdubord.fr\/index.php?rest_route=\/wp\/v2\/types\/page"}],"author":[{"embeddable":true,"href":"https:\/\/lescopainsdubord.fr\/index.php?rest_route=\/wp\/v2\/users\/2"}],"replies":[{"embeddable":true,"href":"https:\/\/lescopainsdubord.fr\/index.php?rest_route=%2Fwp%2Fv2%2Fcomments&post=1352"}],"version-history":[{"count":9,"href":"https:\/\/lescopainsdubord.fr\/index.php?rest_route=\/wp\/v2\/pages\/1352\/revisions"}],"predecessor-version":[{"id":2197,"href":"https:\/\/lescopainsdubord.fr\/index.php?rest_route=\/wp\/v2\/pages\/1352\/revisions\/2197"}],"wp:attachment":[{"href":"https:\/\/lescopainsdubord.fr\/index.php?rest_route=%2Fwp%2Fv2%2Fmedia&parent=1352"}],"curies":[{"name":"wp","href":"https:\/\/api.w.org\/{rel}","templated":true}]}}