{"id":1345,"date":"2020-11-07T17:30:56","date_gmt":"2020-11-07T16:30:56","guid":{"rendered":"https:\/\/lescopainsdubord.fr\/?page_id=1345"},"modified":"2022-01-23T18:48:29","modified_gmt":"2022-01-23T17:48:29","slug":"rue-des-trois-matelots","status":"publish","type":"page","link":"https:\/\/lescopainsdubord.fr\/?page_id=1345","title":{"rendered":"RUE DES TROIS MATELOTS"},"content":{"rendered":"\n<div class=\"wp-block-image\"><figure class=\"aligncenter size-large\"><img loading=\"lazy\" decoding=\"async\" width=\"519\" height=\"111\" src=\"https:\/\/lescopainsdubord.fr\/wp-content\/uploads\/2020\/11\/boam3u49.gif\" alt=\"\" class=\"wp-image-1152\"\/><\/figure><\/div>\n\n\n\n<div class=\"wp-block-buttons is-layout-flex wp-block-buttons-is-layout-flex\">\n<div class=\"wp-block-button\"><a class=\"wp-block-button__link\" href=\"https:\/\/lescopainsdubord.fr\/?p=1(ouvre un nouvel onglet)\">retour accueil<\/a><\/div>\n\n\n\n<div class=\"wp-block-button\"><a class=\"wp-block-button__link\" href=\"https:\/\/lescopainsdubord.fr\/?page_id=1163(ouvre un nouvel onglet)\">retour liste<\/a><\/div>\n<\/div>\n\n\n\n<p class=\"has-text-align-center has-normal-font-size\"><strong>RUE DES TROIS MATELOTS<\/strong><strong><\/strong><\/p>\n\n\n\n<p class=\"has-text-align-center has-small-font-size\"><strong>Refrain<\/strong><strong><\/strong><\/p>\n\n\n\n<p class=\"has-text-align-center has-small-font-size\"><strong>RUE DES TROIS MATELOTS \u00c0 NANTES IL Y A DES FILLES<\/strong><\/p>\n\n\n\n<p class=\"has-text-align-center has-small-font-size\"><strong>RUE DES TROIS MATELOTS DES FILLES QU&rsquo;ONT LE SANG CHAUD<\/strong><\/p>\n\n\n\n<p class=\"has-text-align-center has-small-font-size\"><strong>RUE DES TROIS MATELOTS \u00c0 NANTES IL Y A DES FILLES<\/strong><\/p>\n\n\n\n<p class=\"has-text-align-center has-small-font-size\"><strong>RUE DES TROIS MATELOTS DES FILLES QU&rsquo;ONT LE SANG CHAUD<\/strong><\/p>\n\n\n\n<p class=\"has-text-align-center has-small-font-size\"><strong>1<\/strong><\/p>\n\n\n\n<p class=\"has-text-align-center has-small-font-size\">QUAND J&rsquo; FAIS L&rsquo;AMOUR\/QUAND J&rsquo; FAIS L&rsquo;AMOUR<\/p>\n\n\n\n<p class=\"has-text-align-center has-small-font-size\">AVEC FRIDA\/AVEC FRIDA<\/p>\n\n\n\n<p class=\"has-text-align-center has-small-font-size\">QUI ONDULE COMME UN POISSON PLAT\/UN POISSON PLAT<\/p>\n\n\n\n<p class=\"has-text-align-center has-small-font-size\">DU GENRE LIMANDE\/DU GENRE LIMANDE<\/p>\n\n\n\n<p class=\"has-text-align-center has-small-font-size\">SOLE OU FL\u00c9TAN\/SOLE OU FL\u00c9TAN<\/p>\n\n\n\n<p class=\"has-text-align-center has-small-font-size\">NAGEANT AU FOND DE L\u2019OC\u00c9AN\/DE L\u2019OC\u00c9AN<\/p>\n\n\n\n<p class=\"has-text-align-center has-small-font-size\">POUR UN VOYAGE\/POUR UN VOYAGE<\/p>\n\n\n\n<p class=\"has-text-align-center has-small-font-size\">AU SEPTI\u00c8ME CIEL\/AU SEPTI\u00c8ME CIEL&nbsp;&nbsp;<\/p>\n\n\n\n<p class=\"has-text-align-center has-small-font-size\">FAIT DANS LE PLUS SIMPLE APPAREIL\/SIMPLE APPAREIL<strong><\/strong><\/p>\n\n\n\n<p class=\"has-text-align-center has-small-font-size\">FAUT NAVIGUER\/FAUT NAVIGUER<strong><\/strong><\/p>\n\n\n\n<p class=\"has-text-align-center has-small-font-size\">AU PRES SERR\u00c9\/AU PRES SERR\u00c9<\/p>\n\n\n\n<p class=\"has-text-align-center has-small-font-size\">PUIS FAIRE DU SURF DANS LES RIS\u00c9ES<\/p>\n\n\n\n<p class=\"has-text-align-center has-small-font-size\"><strong>2<\/strong><\/p>\n\n\n\n<p class=\"has-text-align-center has-small-font-size\">QUAND J&rsquo; FAIS L&rsquo;AMOUR\/QUAND J&rsquo; FAIS L&rsquo;AMOUR<\/p>\n\n\n\n<p class=\"has-text-align-center has-small-font-size\">AVEC MARIA\/AVEC MARIA<\/p>\n\n\n\n<p class=\"has-text-align-center has-small-font-size\">QUI SE PREND POUR UN R\u00c9MORA\/UN R\u00c9MORA<\/p>\n\n\n\n<p class=\"has-text-align-center has-small-font-size\">AVEC SES L\u00c8VRES\/AVEC SES L\u00c8VRES<\/p>\n\n\n\n<p class=\"has-text-align-center has-small-font-size\">VRES DE M\u00c9ROU\/DE M\u00c9ROU<\/p>\n\n\n\n<p class=\"has-text-align-center has-small-font-size\">ELLE VOUS FAIT DES BAISERS PARTOUT\/BAISERS PARTOUT<\/p>\n\n\n\n<p class=\"has-text-align-center has-small-font-size\">C&rsquo;EST PIRE QUE LA\/C&rsquo;EST PIRE QUE LA<strong><\/strong><\/p>\n\n\n\n<p class=\"has-text-align-center has-small-font-size\">MER DES SARGASSES\/MER DES SARGASSES<\/p>\n\n\n\n<p class=\"has-text-align-center has-small-font-size\">QUAND DE SES JAMBES ELLE VOUS ENLACE\/ELLE VOUS ENLACE<\/p>\n\n\n\n<p class=\"has-text-align-center has-small-font-size\">ON N&rsquo;A PAS LE TEMPS\/ON N&rsquo;A PAS LE TEMPS<\/p>\n\n\n\n<p class=\"has-text-align-center has-small-font-size\">D&rsquo; LARGUER LES RIS\/D&rsquo; LARGUER LES RIS<\/p>\n\n\n\n<p class=\"has-text-align-center has-small-font-size\">QU&rsquo;ON EST D\u00c9J\u00c0 AU PARADIS<\/p>\n\n\n\n<p class=\"has-text-align-center has-small-font-size\"><strong>3<\/strong><\/p>\n\n\n\n<p class=\"has-text-align-center has-small-font-size\">QUAND J&rsquo; FAIS L&rsquo;AMOUR\/QUAND J&rsquo; FAIS L&rsquo;AMOUR<\/p>\n\n\n\n<p class=\"has-text-align-center has-small-font-size\">AVEC OLGA\/AVEC OLGA<\/p>\n\n\n\n<p class=\"has-text-align-center has-small-font-size\">QU&rsquo;A LES SEINS EN CHAPEAU CHINOIS\/CHAPEAU CHINOIS<\/p>\n\n\n\n<p class=\"has-text-align-center has-small-font-size\">ET QUELQUES POILS\/ET QUELQUES POILS<\/p>\n\n\n\n<p class=\"has-text-align-center has-small-font-size\">SOUS LE MENTON\/SOUS LE MENTON<\/p>\n\n\n\n<p class=\"has-text-align-center has-small-font-size\">\u00c0 LA MANI\u00c8RE DES ESTURGEONS\/DES ESTURGEONS<\/p>\n\n\n\n<p class=\"has-text-align-center has-small-font-size\">\u00c7A VAUT BIEN LE\/\u00c7A VAUT BIEN LE<\/p>\n\n\n\n<p class=\"has-text-align-center has-small-font-size\">BODY BODY\/BODY BODY<\/p>\n\n\n\n<p class=\"has-text-align-center has-small-font-size\">DES EURASIENNES DE MALAISIE\/DE MALAISIE<\/p>\n\n\n\n<p class=\"has-text-align-center has-small-font-size\">QUI FONT LEVER\/QUI FONT LEVER<\/p>\n\n\n\n<p class=\"has-text-align-center has-small-font-size\">VOTRE BEAUPR\u00c9\/VOTRE BEAUPR\u00c9<\/p>\n\n\n\n<p class=\"has-text-align-center has-small-font-size\">BIEN QUE LA SOUS BARBE SOIT \u00c9TARQU\u00c9E<\/p>\n\n\n\n<p class=\"has-text-align-center has-small-font-size\">4<\/p>\n\n\n\n<p class=\"has-text-align-center has-small-font-size\">MAIS D\u00c8S QU&rsquo; JE SUIS\/MAIS D\u00c8S QU&rsquo; JE SUIS<\/p>\n\n\n\n<p class=\"has-text-align-center has-small-font-size\">AVEC ROSA\/AVEC ROSA<\/p>\n\n\n\n<p class=\"has-text-align-center has-small-font-size\">J&rsquo;AI LE C\u0152UR QUI EST EN \u00c9MOI\/EST EN \u00c9MOI<\/p>\n\n\n\n<p class=\"has-text-align-center has-small-font-size\">ELLE EST BELLE COMME\/ELLE EST BELLE COMME<\/p>\n\n\n\n<p class=\"has-text-align-center has-small-font-size\">UNE \u00c9PH\u00c9M\u00c8RE\/UNE \u00c9PH\u00c9M\u00c8RE<\/p>\n\n\n\n<p class=\"has-text-align-center has-small-font-size\">DANS LE CORAIL D&rsquo;UN LAGON VERT\/D&rsquo;UN LAGON VERT<\/p>\n\n\n\n<p class=\"has-text-align-center has-small-font-size\">ET JE ME DIS\/ET JE ME DIS<\/p>\n\n\n\n<p class=\"has-text-align-center has-small-font-size\">QUE SI J&rsquo; POUVAIS\/QUE SI J&rsquo; POUVAIS<\/p>\n\n\n\n<p class=\"has-text-align-center has-small-font-size\">POUR MOI SEUL TOUJOURS LA GARDER\/JOURS LA GARDER<\/p>\n\n\n\n<p class=\"has-text-align-center has-small-font-size\">JE N&rsquo;IRAI PLUS\/ JE N&rsquo;IRAI PLUS<\/p>\n\n\n\n<p class=\"has-text-align-center has-small-font-size\">COMME LES COPAINS\/COMME LES COPAINS<\/p>\n\n\n\n<p class=\"has-text-align-center has-small-font-size\">QUAI DE LA FOSSE VOIR LES PUTAINS<\/p>\n","protected":false},"excerpt":{"rendered":"<p>RUE DES TROIS MATELOTS Refrain RUE DES TROIS MATELOTS \u00c0 NANTES IL Y A DES FILLES RUE DES TROIS MATELOTS DES FILLES QU&rsquo;ONT LE SANG CHAUD RUE DES TROIS MATELOTS \u00c0 NANTES IL Y A DES FILLES RUE DES TROIS MATELOTS DES FILLES QU&rsquo;ONT LE SANG CHAUD 1 QUAND J&rsquo; FAIS L&rsquo;AMOUR\/QUAND J&rsquo; FAIS L&rsquo;AMOUR &hellip; <a href=\"https:\/\/lescopainsdubord.fr\/?page_id=1345\" class=\"more-link\">Continuer la lecture<span class=\"screen-reader-text\"> de &laquo;&nbsp;RUE DES TROIS MATELOTS&nbsp;&raquo;<\/span><\/a><\/p>\n","protected":false},"author":2,"featured_media":0,"parent":0,"menu_order":0,"comment_status":"closed","ping_status":"closed","template":"elementor_canvas","meta":{"footnotes":""},"class_list":["post-1345","page","type-page","status-publish","hentry"],"_links":{"self":[{"href":"https:\/\/lescopainsdubord.fr\/index.php?rest_route=\/wp\/v2\/pages\/1345","targetHints":{"allow":["GET"]}}],"collection":[{"href":"https:\/\/lescopainsdubord.fr\/index.php?rest_route=\/wp\/v2\/pages"}],"about":[{"href":"https:\/\/lescopainsdubord.fr\/index.php?rest_route=\/wp\/v2\/types\/page"}],"author":[{"embeddable":true,"href":"https:\/\/lescopainsdubord.fr\/index.php?rest_route=\/wp\/v2\/users\/2"}],"replies":[{"embeddable":true,"href":"https:\/\/lescopainsdubord.fr\/index.php?rest_route=%2Fwp%2Fv2%2Fcomments&post=1345"}],"version-history":[{"count":8,"href":"https:\/\/lescopainsdubord.fr\/index.php?rest_route=\/wp\/v2\/pages\/1345\/revisions"}],"predecessor-version":[{"id":2233,"href":"https:\/\/lescopainsdubord.fr\/index.php?rest_route=\/wp\/v2\/pages\/1345\/revisions\/2233"}],"wp:attachment":[{"href":"https:\/\/lescopainsdubord.fr\/index.php?rest_route=%2Fwp%2Fv2%2Fmedia&parent=1345"}],"curies":[{"name":"wp","href":"https:\/\/api.w.org\/{rel}","templated":true}]}}