{"id":1339,"date":"2020-11-07T17:30:03","date_gmt":"2020-11-07T16:30:03","guid":{"rendered":"https:\/\/lescopainsdubord.fr\/?page_id=1339"},"modified":"2022-01-23T18:37:03","modified_gmt":"2022-01-23T17:37:03","slug":"philibert-et-nicolas","status":"publish","type":"page","link":"https:\/\/lescopainsdubord.fr\/?page_id=1339","title":{"rendered":"PHILIBERT ET NICOLAS"},"content":{"rendered":"\n<div class=\"wp-block-image\"><figure class=\"aligncenter size-large\"><img loading=\"lazy\" decoding=\"async\" width=\"519\" height=\"111\" src=\"https:\/\/lescopainsdubord.fr\/wp-content\/uploads\/2020\/11\/boam3u49.gif\" alt=\"\" class=\"wp-image-1152\"\/><\/figure><\/div>\n\n\n\n<div class=\"wp-block-buttons is-layout-flex wp-block-buttons-is-layout-flex\">\n<div class=\"wp-block-button\"><a class=\"wp-block-button__link\" href=\"https:\/\/lescopainsdubord.fr\/?p=1(ouvre un nouvel onglet)\">retour accueil<\/a><\/div>\n\n\n\n<div class=\"wp-block-button\"><a class=\"wp-block-button__link\" href=\"https:\/\/lescopainsdubord.fr\/?page_id=1163(ouvre un nouvel onglet)\">retour liste<\/a><\/div>\n<\/div>\n\n\n\n<p class=\"has-text-align-center\"><strong>PHILIBERT ET NICOLAS<\/strong><\/p>\n\n\n\n<p class=\"has-text-align-center has-small-font-size\"><strong>Refrain<\/strong><\/p>\n\n\n\n<h1 class=\"has-text-align-center has-small-font-size wp-block-heading\"><strong>HO ! HO ! HO ! IL Y AVAIT DEUX MAT\u2019LOTS<\/strong><\/h1>\n\n\n\n<p class=\"has-text-align-center has-small-font-size\"><strong>DEUX MAT\u2019LOTS, COMPAGNONS DE GAL\u00c8RE<\/strong><\/p>\n\n\n\n<p class=\"has-text-align-center has-small-font-size\"><strong>HO ! HO ! HO ! IL Y AVAIT DEUX MAT\u2019LOTS<\/strong><\/p>\n\n\n\n<p class=\"has-text-align-center has-small-font-size\"><strong>EMBARQU\u00c9S SUR LE M\u00caME RAFIOT<\/strong><\/p>\n\n\n\n<p class=\"has-text-align-center has-small-font-size\"><strong>1<\/strong><\/p>\n\n\n\n<p class=\"has-text-align-center has-small-font-size\">IL A VU LE JOUR \u00c0 SAINT-PIERRE, PHILIBERT<\/p>\n\n\n\n<p class=\"has-text-align-center has-small-font-size\">IL EST N\u00c9 \u00c0 PORT MARIA, NICOLAS<\/p>\n\n\n\n<p class=\"has-text-align-center has-small-font-size\">C\u2019\u00c9TAIT UN FAMEUX LOUP DE MER , PHILIBERT <\/p>\n\n\n\n<p class=\"has-text-align-center has-small-font-size\">UN GABIER COMME Y EN A PAS , NICOLAS <\/p>\n\n\n\n<p class=\"has-text-align-center has-small-font-size\">IL AVAIT UN \u0152IL DE VERRE , PHILIBERT <\/p>\n\n\n\n<p class=\"has-text-align-center has-small-font-size\">IL AVAIT UNE JAMBE DE BOIS , NICOLAS <\/p>\n\n\n\n<p class=\"has-text-align-center has-small-font-size\">IL \u00c9TAIT CHAUVE COMME UNE CUILL\u00c8RE , PHILIBERT <\/p>\n\n\n\n<p class=\"has-text-align-center has-small-font-size\">IL N\u2019AVAIT PLUS QU\u2019UN SEUL BRAS , NICOLAS <\/p>\n\n\n\n<p class=\"has-text-align-center has-small-font-size\"><strong>2<\/strong><\/p>\n\n\n\n<p class=\"has-text-align-center has-small-font-size\">C\u2019EST FOU CE QU\u2019IL BUVAIT COMME BI\u00c8RE , PHILIBERT <\/p>\n\n\n\n<p class=\"has-text-align-center has-small-font-size\">IL CRACHAIT PAS SUR LE TAFIA , NICOLAS <\/p>\n\n\n\n<p class=\"has-text-align-center has-small-font-size\">CUL-SEC, IL VIDAIT SON VERRE , PHILIBERT <\/p>\n\n\n\n<p class=\"has-text-align-center has-small-font-size\">SUR QU\u2019IL N\u2019EN RENVERSAIT PAS , NICOLAS <\/p>\n\n\n\n<p class=\"has-text-align-center has-small-font-size\">IL FAISAIT DES CRISES DE NERFS , PHILIBERT <\/p>\n\n\n\n<p class=\"has-text-align-center has-small-font-size\">IL FAISAIT DES CRISES DE FOIE , NICOLAS <\/p>\n\n\n\n<p class=\"has-text-align-center has-small-font-size\">IL D\u00c9PRIMAIT EN HIVER, PHILIBERT<\/p>\n\n\n\n<p class=\"has-text-align-center has-small-font-size\">IL \u00c9TAIT TOUJOURS EN JOIE , NICOLAS <\/p>\n\n\n\n<p class=\"has-text-align-center has-small-font-size\"><strong>3<\/strong><\/p>\n\n\n\n<p class=\"has-text-align-center has-small-font-size\">IL AVAIT UNE PIPE EN TERRE , PHILIBERT <\/p>\n\n\n\n<p class=\"has-text-align-center has-small-font-size\">IL AVAIT UNE PIPE EN BOIS , NICOLAS <\/p>\n\n\n\n<p class=\"has-text-align-center has-small-font-size\">IL FUMAIT COMME UNE CHAUDI\u00c8RE , PHILIBERT <\/p>\n\n\n\n<p class=\"has-text-align-center has-small-font-size\">IL SE PRENAIT POUR L\u2019ETNA , NICOLAS <\/p>\n\n\n\n<p class=\"has-text-align-center has-small-font-size\">CE N\u2019\u00c9TAIT PAS UNE LUMI\u00c8RE , PHILIBERT <\/p>\n\n\n\n<p class=\"has-text-align-center has-small-font-size\">IL N\u2019AURAIT PU FAIRE L\u2019\u00c9NA , NICOLAS <\/p>\n\n\n\n<p class=\"has-text-align-center has-small-font-size\">DES ID\u00c9ES IL EN AVAIT GU\u00c8RE , PHILIBERT <\/p>\n\n\n\n<p class=\"has-text-align-center has-small-font-size\">DES ID\u00c9ES IL EN AVAIT PAS , NICOLAS <\/p>\n\n\n\n<p class=\"has-text-align-center has-small-font-size\"><strong>4<\/strong><\/p>\n\n\n\n<p class=\"has-text-align-center has-small-font-size\">IL EST TOMB\u00c9 \u00c0 LA MER , PHILIBERT <\/p>\n\n\n\n<p class=\"has-text-align-center has-small-font-size\">IL S\u2019EST TU\u00c9 DU HAUT D\u2019UN M\u00c2T , NICOLAS <\/p>\n\n\n\n<p class=\"has-text-align-center has-small-font-size\">IL EST DEVENU L\u00c9GENDAIRE , PHILIBERT <\/p>\n\n\n\n<p class=\"has-text-align-center has-small-font-size\">JAMAIS ON NE L\u2019OUBLIERA , NICOLAS <\/p>\n\n\n\n<p class=\"has-text-align-center has-small-font-size\">IL A VU LE JOUR \u00c0 SAINT-PIERRE , PHILIBERT <\/p>\n\n\n\n<p class=\"has-text-align-center has-small-font-size\">IL EST N\u00c9 A PORT-MARIA , NICOLAS <\/p>\n\n\n\n<p class=\"has-text-align-center has-small-font-size\">C\u2019\u00c9TAIT UN FAMEUX LOUP DE MER , PHILIBERT <\/p>\n\n\n\n<p class=\"has-text-align-center has-small-font-size\">UN GABIER COMME Y\u2019 EN A PAS , NICOLAS <\/p>\n","protected":false},"excerpt":{"rendered":"<p>PHILIBERT ET NICOLAS Refrain HO ! HO ! HO ! IL Y AVAIT DEUX MAT\u2019LOTS DEUX MAT\u2019LOTS, COMPAGNONS DE GAL\u00c8RE HO ! HO ! HO ! IL Y AVAIT DEUX MAT\u2019LOTS EMBARQU\u00c9S SUR LE M\u00caME RAFIOT 1 IL A VU LE JOUR \u00c0 SAINT-PIERRE, PHILIBERT IL EST N\u00c9 \u00c0 PORT MARIA, NICOLAS C\u2019\u00c9TAIT UN FAMEUX &hellip; <a href=\"https:\/\/lescopainsdubord.fr\/?page_id=1339\" class=\"more-link\">Continuer la lecture<span class=\"screen-reader-text\"> de &laquo;&nbsp;PHILIBERT ET NICOLAS&nbsp;&raquo;<\/span><\/a><\/p>\n","protected":false},"author":2,"featured_media":0,"parent":0,"menu_order":0,"comment_status":"closed","ping_status":"closed","template":"elementor_canvas","meta":{"footnotes":""},"class_list":["post-1339","page","type-page","status-publish","hentry"],"_links":{"self":[{"href":"https:\/\/lescopainsdubord.fr\/index.php?rest_route=\/wp\/v2\/pages\/1339","targetHints":{"allow":["GET"]}}],"collection":[{"href":"https:\/\/lescopainsdubord.fr\/index.php?rest_route=\/wp\/v2\/pages"}],"about":[{"href":"https:\/\/lescopainsdubord.fr\/index.php?rest_route=\/wp\/v2\/types\/page"}],"author":[{"embeddable":true,"href":"https:\/\/lescopainsdubord.fr\/index.php?rest_route=\/wp\/v2\/users\/2"}],"replies":[{"embeddable":true,"href":"https:\/\/lescopainsdubord.fr\/index.php?rest_route=%2Fwp%2Fv2%2Fcomments&post=1339"}],"version-history":[{"count":10,"href":"https:\/\/lescopainsdubord.fr\/index.php?rest_route=\/wp\/v2\/pages\/1339\/revisions"}],"predecessor-version":[{"id":2227,"href":"https:\/\/lescopainsdubord.fr\/index.php?rest_route=\/wp\/v2\/pages\/1339\/revisions\/2227"}],"wp:attachment":[{"href":"https:\/\/lescopainsdubord.fr\/index.php?rest_route=%2Fwp%2Fv2%2Fmedia&parent=1339"}],"curies":[{"name":"wp","href":"https:\/\/api.w.org\/{rel}","templated":true}]}}