{"id":1328,"date":"2020-11-07T17:27:54","date_gmt":"2020-11-07T16:27:54","guid":{"rendered":"https:\/\/lescopainsdubord.fr\/?page_id=1328"},"modified":"2022-01-23T15:48:39","modified_gmt":"2022-01-23T14:48:39","slug":"le-quai-billy","status":"publish","type":"page","link":"https:\/\/lescopainsdubord.fr\/?page_id=1328","title":{"rendered":"LE QUAI BILLY"},"content":{"rendered":"\n<div class=\"wp-block-image\"><figure class=\"aligncenter size-large\"><img loading=\"lazy\" decoding=\"async\" width=\"519\" height=\"111\" src=\"https:\/\/lescopainsdubord.fr\/wp-content\/uploads\/2020\/11\/boam3u49.gif\" alt=\"\" class=\"wp-image-1152\"\/><\/figure><\/div>\n\n\n\n<div class=\"wp-block-buttons is-layout-flex wp-block-buttons-is-layout-flex\">\n<div class=\"wp-block-button\"><a class=\"wp-block-button__link\" href=\"https:\/\/lescopainsdubord.fr\/?p=1(ouvre un nouvel onglet)\">retour accueil<\/a><\/div>\n\n\n\n<div class=\"wp-block-button\"><a class=\"wp-block-button__link\" href=\"https:\/\/lescopainsdubord.fr\/?page_id=1163(ouvre un nouvel onglet))\">retour liste<\/a><\/div>\n<\/div>\n\n\n\n<p class=\"has-text-align-center has-normal-font-size\"><strong>LE QUAI BILLY<\/strong><\/p>\n\n\n\n<p class=\"has-text-align-center has-small-font-size\"><strong>Refrain<\/strong><\/p>\n\n\n\n<p class=\"has-text-align-center has-small-font-size\"><strong>ON \u00c9CHANGERA QUELQUES P\u00c9PITES<\/strong><\/p>\n\n\n\n<p class=\"has-text-align-center has-small-font-size\"><strong>POUR UNE CAGNA ET UNE PETITE<\/strong><\/p>\n\n\n\n<p class=\"has-text-align-center has-small-font-size\"><strong>EN ARRIVANT AU QUAI BILLY<\/strong><\/p>\n\n\n\n<p class=\"has-text-align-center has-small-font-size\"><strong>\u00c0 SANTIAGO DU CHILI<\/strong><\/p>\n\n\n\n<p class=\"has-text-align-center has-small-font-size\"><strong>1<\/strong><\/p>\n\n\n\n<p class=\"has-text-align-center has-small-font-size\">UN PETIT MOMENT O\u00d9 TU T\u2019EN VAS<\/p>\n\n\n\n<p class=\"has-text-align-center has-small-font-size\">D\u00c9J\u00c0 TROIS ANS ET LE TEMPS PASSE<\/p>\n\n\n\n<p class=\"has-text-align-center has-small-font-size\">SURTOUT NE T\u2019EN FAIS PAS L\u00c0-BAS<\/p>\n\n\n\n<p class=\"has-text-align-center has-small-font-size\">QUAND TU REVIENDRAS ON TE FERAS DE LA PLACE<\/p>\n\n\n\n<p class=\"has-text-align-center has-small-font-size\"><strong>2<\/strong><\/p>\n\n\n\n<p class=\"has-text-align-center has-small-font-size\">C\u2019EST COMME SI DEPUIS L\u2019\u00c9TERNIT\u00c9<\/p>\n\n\n\n<p class=\"has-text-align-center has-small-font-size\">ENSEMBLE ON AVAIT JOU\u00c9 AUX BILLES<\/p>\n\n\n\n<p class=\"has-text-align-center has-small-font-size\">AU PASSE-MAIN OU \u00c0 LA POUP\u00c9E<\/p>\n\n\n\n<p class=\"has-text-align-center has-small-font-size\">QUAND TU REVIENDRAS ON SE FERA DES FILLES<\/p>\n\n\n\n<p class=\"has-text-align-center has-small-font-size\"><strong>3<\/strong><\/p>\n\n\n\n<p class=\"has-text-align-center has-small-font-size\">TOUS LES MATINS JE ME FAIS LES QUAIS<\/p>\n\n\n\n<p class=\"has-text-align-center has-small-font-size\">EN ME DISANT QUE TU ES SUR LE RETOUR<\/p>\n\n\n\n<p class=\"has-text-align-center has-small-font-size\">JE PASSE DEVANT LE BAR DU STORNOWAY<\/p>\n\n\n\n<p class=\"has-text-align-center has-small-font-size\">PEUT-\u00caTRE QU\u2019ON Y RETOURNERA UN JOUR<\/p>\n\n\n\n<p class=\"has-text-align-center has-small-font-size\"><strong>4<\/strong><\/p>\n\n\n\n<p class=\"has-text-align-center has-small-font-size\">MAMAN ELLE DIT QUE TU ES NOY\u00c9<\/p>\n\n\n\n<p class=\"has-text-align-center has-small-font-size\">QUELQUE PART \u00c0 SAN FRANCISCO<\/p>\n\n\n\n<p class=\"has-text-align-center has-small-font-size\">PARAIT QU\u2019Y A DE L\u2019 OR COMME DU FUMIER<\/p>\n\n\n\n<p class=\"has-text-align-center has-small-font-size\">QUAND TU REVIENDRAS DE L\u2019ELDORADO<\/p>\n","protected":false},"excerpt":{"rendered":"<p>LE QUAI BILLY Refrain ON \u00c9CHANGERA QUELQUES P\u00c9PITES POUR UNE CAGNA ET UNE PETITE EN ARRIVANT AU QUAI BILLY \u00c0 SANTIAGO DU CHILI 1 UN PETIT MOMENT O\u00d9 TU T\u2019EN VAS D\u00c9J\u00c0 TROIS ANS ET LE TEMPS PASSE SURTOUT NE T\u2019EN FAIS PAS L\u00c0-BAS QUAND TU REVIENDRAS ON TE FERAS DE LA PLACE 2 C\u2019EST &hellip; <a href=\"https:\/\/lescopainsdubord.fr\/?page_id=1328\" class=\"more-link\">Continuer la lecture<span class=\"screen-reader-text\"> de &laquo;&nbsp;LE QUAI BILLY&nbsp;&raquo;<\/span><\/a><\/p>\n","protected":false},"author":2,"featured_media":0,"parent":0,"menu_order":0,"comment_status":"closed","ping_status":"closed","template":"elementor_canvas","meta":{"footnotes":""},"class_list":["post-1328","page","type-page","status-publish","hentry"],"_links":{"self":[{"href":"https:\/\/lescopainsdubord.fr\/index.php?rest_route=\/wp\/v2\/pages\/1328","targetHints":{"allow":["GET"]}}],"collection":[{"href":"https:\/\/lescopainsdubord.fr\/index.php?rest_route=\/wp\/v2\/pages"}],"about":[{"href":"https:\/\/lescopainsdubord.fr\/index.php?rest_route=\/wp\/v2\/types\/page"}],"author":[{"embeddable":true,"href":"https:\/\/lescopainsdubord.fr\/index.php?rest_route=\/wp\/v2\/users\/2"}],"replies":[{"embeddable":true,"href":"https:\/\/lescopainsdubord.fr\/index.php?rest_route=%2Fwp%2Fv2%2Fcomments&post=1328"}],"version-history":[{"count":8,"href":"https:\/\/lescopainsdubord.fr\/index.php?rest_route=\/wp\/v2\/pages\/1328\/revisions"}],"predecessor-version":[{"id":2211,"href":"https:\/\/lescopainsdubord.fr\/index.php?rest_route=\/wp\/v2\/pages\/1328\/revisions\/2211"}],"wp:attachment":[{"href":"https:\/\/lescopainsdubord.fr\/index.php?rest_route=%2Fwp%2Fv2%2Fmedia&parent=1328"}],"curies":[{"name":"wp","href":"https:\/\/api.w.org\/{rel}","templated":true}]}}