{"id":1323,"date":"2020-11-07T17:24:46","date_gmt":"2020-11-07T16:24:46","guid":{"rendered":"https:\/\/lescopainsdubord.fr\/?page_id=1323"},"modified":"2022-01-23T13:35:55","modified_gmt":"2022-01-23T12:35:55","slug":"lolonnois","status":"publish","type":"page","link":"https:\/\/lescopainsdubord.fr\/?page_id=1323","title":{"rendered":"L&rsquo;OLONNOIS"},"content":{"rendered":"\n<div class=\"wp-block-image\"><figure class=\"aligncenter size-large\"><img loading=\"lazy\" decoding=\"async\" width=\"519\" height=\"111\" src=\"https:\/\/lescopainsdubord.fr\/wp-content\/uploads\/2020\/11\/boam3u49.gif\" alt=\"\" class=\"wp-image-1152\"\/><\/figure><\/div>\n\n\n\n<div class=\"wp-block-buttons is-layout-flex wp-block-buttons-is-layout-flex\">\n<div class=\"wp-block-button\"><a class=\"wp-block-button__link\" href=\"https:\/\/lescopainsdubord.fr\/?p=1(ouvre un nouvel onglet)\">retour ACCUEIL<\/a><\/div>\n\n\n\n<div class=\"wp-block-button\"><a class=\"wp-block-button__link\" href=\"https:\/\/lescopainsdubord.fr\/?page_id=1163(ouvre un nouvel onglet)\">retour liste<\/a><\/div>\n<\/div>\n\n\n\n<p class=\"has-text-align-center has-normal-font-size\"><strong>L\u2019OLONNOIS<\/strong><\/p>\n\n\n\n<p class=\"has-text-align-center has-small-font-size\"><strong>Refrain<\/strong><\/p>\n\n\n\n<p class=\"has-text-align-center has-small-font-size\"><strong>TUEZ-MOI CHIENS GALEUX<\/strong><\/p>\n\n\n\n<p class=\"has-text-align-center has-small-font-size\"><strong>LE TEMPS POUR MOI N&rsquo;EST RIEN<\/strong><\/p>\n\n\n\n<p class=\"has-text-align-center has-small-font-size\"><strong>JE NE POURRAIS MOURIR<\/strong><\/p>\n\n\n\n<p class=\"has-text-align-center has-small-font-size\"><strong>QUE DE FL\u00c8CHES D&rsquo;INDIENS<\/strong><\/p>\n\n\n\n<p class=\"has-text-align-center has-small-font-size\"><strong>1<\/strong><\/p>\n\n\n\n<p class=\"has-text-align-center has-small-font-size\">ILS M&rsquo;APPELAIENT L&rsquo;OLONNOIS ET JE FUS BOUCANIER<\/p>\n\n\n\n<p class=\"has-text-align-center has-small-font-size\">SUR UN CORSAIRE DU ROI JE ME SUIS ENR\u00d4L\u00c9<\/p>\n\n\n\n<p class=\"has-text-align-center has-small-font-size\">MAIS UN JOUR DE COMBAT, CAPTUR\u00c9 ET JET\u00c9<\/p>\n\n\n\n<p class=\"has-text-align-center has-small-font-size\">SUR UNE \u00ceLE INCONNUE ILS M&rsquo;ONT ABANDONN\u00c9<\/p>\n\n\n\n<p class=\"has-text-align-center has-small-font-size\"><strong>2<\/strong><\/p>\n\n\n\n<p class=\"has-text-align-center has-small-font-size\">J&rsquo;AI SURV\u00c9CU DIX ANS, EXIL\u00c9 DU VIEUX MONDE<\/p>\n\n\n\n<p class=\"has-text-align-center has-small-font-size\">NE VIVANT QUE DE P\u00caCHE, DE FRUITS ET DE GIBIER<\/p>\n\n\n\n<p class=\"has-text-align-center has-small-font-size\">JE REDEVINS SAUVAGE TELLE UNE B\u00caTE IMMONDE<\/p>\n\n\n\n<p class=\"has-text-align-center has-small-font-size\">LES TRIBUS CANNIBALES M&rsquo;ONT TRAQU\u00c9, POURCHASS\u00c9<\/p>\n\n\n\n<p class=\"has-text-align-center has-small-font-size\"><strong>3<\/strong><\/p>\n\n\n\n<p class=\"has-text-align-center has-small-font-size\">UN JOUR PR\u00c8S DU RIVAGE JE VIS UNE GO\u00c9LETTE<\/p>\n\n\n\n<p class=\"has-text-align-center has-small-font-size\">JE PARTIS \u00c0 LA NAGE POUR DEMANDER ASILE<\/p>\n\n\n\n<p class=\"has-text-align-center has-small-font-size\">MOITI\u00c9 MORT, MI-NOY\u00c9, J&rsquo;AI PU SAUVER MA T\u00caTE<\/p>\n\n\n\n<p class=\"has-text-align-center has-small-font-size\">LES PIRATES M&rsquo;ACCUEILLIRENT ET JE LEUR DOIS LA VIE<\/p>\n\n\n\n<p class=\"has-text-align-center has-small-font-size\"><strong>4<\/strong><\/p>\n\n\n\n<p class=\"has-text-align-center has-small-font-size\">DEPUIS CE JOUR DE GRACE, JE PARTAGEAIS LEUR SORT,<\/p>\n\n\n\n<p class=\"has-text-align-center has-small-font-size\">TUANT, PILLANT, BRULANT, ET AVEC TANT DE HAINE<\/p>\n\n\n\n<p class=\"has-text-align-center has-small-font-size\">L\u2019\u00c9QUIPAGE ME SUIVAIT \u00c0 LA VIE \u00c0 LA MORT<\/p>\n\n\n\n<p class=\"has-text-align-center has-small-font-size\">J&rsquo;AI SABR\u00c9 TANT DE T\u00caTE QU&rsquo;ILS ME FIRENT CAPITAINE<\/p>\n\n\n\n<p class=\"has-text-align-center has-small-font-size\"><strong>5<\/strong><\/p>\n\n\n\n<p class=\"has-text-align-center has-small-font-size\">LIBRE ET DEVENU ROI, J&rsquo;AVAIS CHOISI MA REINE<\/p>\n\n\n\n<p class=\"has-text-align-center has-small-font-size\">LA MER D\u2019O\u00d9 JE VENAIS, CETTE MER \u00c9TAIT MIENNE&nbsp;<\/p>\n\n\n\n<p class=\"has-text-align-center has-small-font-size\">JE R\u00c9GNAIS SUR LES GUEUX, REPEUPLANT L&rsquo;ARCHIPEL&nbsp;<\/p>\n\n\n\n<p class=\"has-text-align-center has-small-font-size\">DE L&rsquo;\u00ceLE DE TORTUGA JUSQU&rsquo;AUX TERRES LOINTAINES<\/p>\n\n\n\n<p class=\"has-text-align-center has-small-font-size\"><strong>6<\/strong><\/p>\n\n\n\n<p class=\"has-text-align-center has-small-font-size\">PEUPLES DES CARA\u00cfBES, DES NOUVELLES AM\u00c9RIQUES<\/p>\n\n\n\n<p class=\"has-text-align-center has-small-font-size\">VOUS \u00caTES FILS D&rsquo;ESCLAVES, N&rsquo;OUBLIEZ JAMAIS \u00c7A&nbsp;<\/p>\n\n\n\n<p class=\"has-text-align-center has-small-font-size\">DESCENDANTS DES PIRATES, DES GUEUX DE L&rsquo;ATLANTIQUE<\/p>\n\n\n\n<p class=\"has-text-align-center has-small-font-size\">ET J\u2019\u00c9TAIS VOTRE ROI, ON M&rsquo;APPELAIT L&rsquo;OLONNOIS<\/p>\n","protected":false},"excerpt":{"rendered":"<p>L\u2019OLONNOIS Refrain TUEZ-MOI CHIENS GALEUX LE TEMPS POUR MOI N&rsquo;EST RIEN JE NE POURRAIS MOURIR QUE DE FL\u00c8CHES D&rsquo;INDIENS 1 ILS M&rsquo;APPELAIENT L&rsquo;OLONNOIS ET JE FUS BOUCANIER SUR UN CORSAIRE DU ROI JE ME SUIS ENR\u00d4L\u00c9 MAIS UN JOUR DE COMBAT, CAPTUR\u00c9 ET JET\u00c9 SUR UNE \u00ceLE INCONNUE ILS M&rsquo;ONT ABANDONN\u00c9 2 J&rsquo;AI SURV\u00c9CU DIX &hellip; <a href=\"https:\/\/lescopainsdubord.fr\/?page_id=1323\" class=\"more-link\">Continuer la lecture<span class=\"screen-reader-text\"> de &laquo;&nbsp;L&rsquo;OLONNOIS&nbsp;&raquo;<\/span><\/a><\/p>\n","protected":false},"author":2,"featured_media":0,"parent":0,"menu_order":0,"comment_status":"closed","ping_status":"closed","template":"elementor_canvas","meta":{"footnotes":""},"class_list":["post-1323","page","type-page","status-publish","hentry"],"_links":{"self":[{"href":"https:\/\/lescopainsdubord.fr\/index.php?rest_route=\/wp\/v2\/pages\/1323","targetHints":{"allow":["GET"]}}],"collection":[{"href":"https:\/\/lescopainsdubord.fr\/index.php?rest_route=\/wp\/v2\/pages"}],"about":[{"href":"https:\/\/lescopainsdubord.fr\/index.php?rest_route=\/wp\/v2\/types\/page"}],"author":[{"embeddable":true,"href":"https:\/\/lescopainsdubord.fr\/index.php?rest_route=\/wp\/v2\/users\/2"}],"replies":[{"embeddable":true,"href":"https:\/\/lescopainsdubord.fr\/index.php?rest_route=%2Fwp%2Fv2%2Fcomments&post=1323"}],"version-history":[{"count":7,"href":"https:\/\/lescopainsdubord.fr\/index.php?rest_route=\/wp\/v2\/pages\/1323\/revisions"}],"predecessor-version":[{"id":2189,"href":"https:\/\/lescopainsdubord.fr\/index.php?rest_route=\/wp\/v2\/pages\/1323\/revisions\/2189"}],"wp:attachment":[{"href":"https:\/\/lescopainsdubord.fr\/index.php?rest_route=%2Fwp%2Fv2%2Fmedia&parent=1323"}],"curies":[{"name":"wp","href":"https:\/\/api.w.org\/{rel}","templated":true}]}}