{"id":1317,"date":"2020-11-07T17:31:41","date_gmt":"2020-11-07T16:31:41","guid":{"rendered":"https:\/\/lescopainsdubord.fr\/?page_id=1317"},"modified":"2022-01-23T18:53:07","modified_gmt":"2022-01-23T17:53:07","slug":"satanicles","status":"publish","type":"page","link":"https:\/\/lescopainsdubord.fr\/?page_id=1317","title":{"rendered":"SATANICL\u00c8S"},"content":{"rendered":"\n<div class=\"wp-block-image\"><figure class=\"aligncenter size-large\"><img loading=\"lazy\" decoding=\"async\" width=\"519\" height=\"111\" src=\"https:\/\/lescopainsdubord.fr\/wp-content\/uploads\/2020\/11\/boam3u49.gif\" alt=\"\" class=\"wp-image-1152\"\/><\/figure><\/div>\n\n\n\n<div class=\"wp-block-buttons is-layout-flex wp-block-buttons-is-layout-flex\">\n<div class=\"wp-block-button\"><a class=\"wp-block-button__link\" href=\"https:\/\/lescopainsdubord.fr\/?p=1(ouvre un nouvel onglet)\">retour accueil<\/a><\/div>\n\n\n\n<div class=\"wp-block-button\"><a class=\"wp-block-button__link\" href=\"https:\/\/lescopainsdubord.fr\/?page_id=1163(ouvre un nouvel onglet)\">retour liste<\/a><\/div>\n<\/div>\n\n\n\n<p class=\"has-text-align-center has-normal-font-size\"><strong>SATANICL\u00c8S<\/strong><\/p>\n\n\n\n<p class=\"has-text-align-center has-small-font-size\"><strong>Refrain<\/strong><\/p>\n\n\n\n<p class=\"has-text-align-center has-small-font-size\"><strong>MATELOT, LE VIN EST BON,<\/strong><\/p>\n\n\n\n<p class=\"has-text-align-center has-small-font-size\"><strong>LA CAMBUSE PLEINE DE JAMBON,<\/strong><\/p>\n\n\n\n<p class=\"has-text-align-center has-small-font-size\"><strong>AVONS \u00c9T\u00c9 SI LONGTEMPS,<\/strong><\/p>\n\n\n\n<p class=\"has-text-align-center has-small-font-size\"><strong>\u00c0 SEC DE TOILE DANS LE GROS TEMPS.<\/strong><\/p>\n\n\n\n<p class=\"has-text-align-center has-small-font-size\"><strong>1<\/strong><\/p>\n\n\n\n<p class=\"has-text-align-center has-small-font-size\">D\u2019O\u00d9 VIENS-TU OISEAU DE MER,<\/p>\n\n\n\n<p class=\"has-text-align-center has-small-font-size\">J\u2019ARRIVE D\u2019UNE GRANDE \u00ceLE,<\/p>\n\n\n\n<p class=\"has-text-align-center has-small-font-size\">VOUS ANNONCER QUE LA TERRE,<\/p>\n\n\n\n<p class=\"has-text-align-center has-small-font-size\">EST PROCHE DE QUELQUES MILLES.<\/p>\n\n\n\n<p class=\"has-text-align-center has-small-font-size\"><strong>2<\/strong><\/p>\n\n\n\n<p class=\"has-text-align-center has-small-font-size\">EST-CE VOUS, CAPITAINE TROUDE,<\/p>\n\n\n\n<p class=\"has-text-align-center has-small-font-size\">QUI VOUS POSEZ SUR LE PONT,<\/p>\n\n\n\n<p class=\"has-text-align-center has-small-font-size\">LORSQUE S\u2019\u00c9CORCHENT NOS COUDES,<\/p>\n\n\n\n<p class=\"has-text-align-center has-small-font-size\">AU BOIS DU M\u00c2T D\u2019ARTIMON.<\/p>\n\n\n\n<p class=\"has-text-align-center has-small-font-size\"><strong>3<\/strong><\/p>\n\n\n\n<p class=\"has-text-align-center has-small-font-size\">ET ME RECONNAISSEZ-VOUS,<\/p>\n\n\n\n<p class=\"has-text-align-center has-small-font-size\">CAPITAINE TROUDE, MOI QUI DE VOUS,<\/p>\n\n\n\n<p class=\"has-text-align-center has-small-font-size\">AI PRIS CENT COUPS DE B\u00c2TON,<\/p>\n\n\n\n<p class=\"has-text-align-center has-small-font-size\">\u00c0 CHARGE DE PUNITION.<\/p>\n\n\n\n<p class=\"has-text-align-center has-small-font-size\"><strong>4<\/strong><\/p>\n\n\n\n<p class=\"has-text-align-center has-small-font-size\">DITES-NOUS QUE TERRE EST PROCHE,<\/p>\n\n\n\n<p class=\"has-text-align-center has-small-font-size\">ET QUE LES VENTS SONT PORTANTS,<\/p>\n\n\n\n<p class=\"has-text-align-center has-small-font-size\">SONNE L\u2019HEURE DE LA BAMBOCHE,<\/p>\n\n\n\n<p class=\"has-text-align-center has-small-font-size\">ATTENDUE DE SI LONGTEMPS.<\/p>\n","protected":false},"excerpt":{"rendered":"<p>SATANICL\u00c8S Refrain MATELOT, LE VIN EST BON, LA CAMBUSE PLEINE DE JAMBON, AVONS \u00c9T\u00c9 SI LONGTEMPS, \u00c0 SEC DE TOILE DANS LE GROS TEMPS. 1 D\u2019O\u00d9 VIENS-TU OISEAU DE MER, J\u2019ARRIVE D\u2019UNE GRANDE \u00ceLE, VOUS ANNONCER QUE LA TERRE, EST PROCHE DE QUELQUES MILLES. 2 EST-CE VOUS, CAPITAINE TROUDE, QUI VOUS POSEZ SUR LE PONT, &hellip; <a href=\"https:\/\/lescopainsdubord.fr\/?page_id=1317\" class=\"more-link\">Continuer la lecture<span class=\"screen-reader-text\"> de &laquo;&nbsp;SATANICL\u00c8S&nbsp;&raquo;<\/span><\/a><\/p>\n","protected":false},"author":2,"featured_media":0,"parent":0,"menu_order":0,"comment_status":"closed","ping_status":"closed","template":"elementor_canvas","meta":{"footnotes":""},"class_list":["post-1317","page","type-page","status-publish","hentry"],"_links":{"self":[{"href":"https:\/\/lescopainsdubord.fr\/index.php?rest_route=\/wp\/v2\/pages\/1317","targetHints":{"allow":["GET"]}}],"collection":[{"href":"https:\/\/lescopainsdubord.fr\/index.php?rest_route=\/wp\/v2\/pages"}],"about":[{"href":"https:\/\/lescopainsdubord.fr\/index.php?rest_route=\/wp\/v2\/types\/page"}],"author":[{"embeddable":true,"href":"https:\/\/lescopainsdubord.fr\/index.php?rest_route=\/wp\/v2\/users\/2"}],"replies":[{"embeddable":true,"href":"https:\/\/lescopainsdubord.fr\/index.php?rest_route=%2Fwp%2Fv2%2Fcomments&post=1317"}],"version-history":[{"count":7,"href":"https:\/\/lescopainsdubord.fr\/index.php?rest_route=\/wp\/v2\/pages\/1317\/revisions"}],"predecessor-version":[{"id":2237,"href":"https:\/\/lescopainsdubord.fr\/index.php?rest_route=\/wp\/v2\/pages\/1317\/revisions\/2237"}],"wp:attachment":[{"href":"https:\/\/lescopainsdubord.fr\/index.php?rest_route=%2Fwp%2Fv2%2Fmedia&parent=1317"}],"curies":[{"name":"wp","href":"https:\/\/api.w.org\/{rel}","templated":true}]}}