{"id":1312,"date":"2020-11-07T17:29:10","date_gmt":"2020-11-07T16:29:10","guid":{"rendered":"https:\/\/lescopainsdubord.fr\/?page_id=1312"},"modified":"2022-01-23T15:54:04","modified_gmt":"2022-01-23T14:54:04","slug":"les-chansons-de-marins","status":"publish","type":"page","link":"https:\/\/lescopainsdubord.fr\/?page_id=1312","title":{"rendered":"LES CHANSONS DE MARINS"},"content":{"rendered":"\n<div class=\"wp-block-image\"><figure class=\"aligncenter size-large\"><img loading=\"lazy\" decoding=\"async\" width=\"519\" height=\"111\" src=\"https:\/\/lescopainsdubord.fr\/wp-content\/uploads\/2020\/11\/boam3u49.gif\" alt=\"\" class=\"wp-image-1152\"\/><\/figure><\/div>\n\n\n\n<div class=\"wp-block-buttons is-layout-flex wp-block-buttons-is-layout-flex\">\n<div class=\"wp-block-button\"><a class=\"wp-block-button__link\" href=\"https:\/\/lescopainsdubord.fr\/?p=1(ouvre un nouvel onglet)\">retour accueil<\/a><\/div>\n\n\n\n<div class=\"wp-block-button\"><a class=\"wp-block-button__link\" href=\"https:\/\/lescopainsdubord.fr\/?page_id=1163(ouvre un nouvel onglet)\">retour liste<\/a><\/div>\n<\/div>\n\n\n\n<p class=\"has-text-align-center has-normal-font-size\"><strong>LES CHANSONS DE MARINS<\/strong><\/p>\n\n\n\n<p class=\"has-text-align-center has-small-font-size\"><strong>Refrain<\/strong><\/p>\n\n\n\n<p class=\"has-text-align-center has-small-font-size\"><strong>LES CHANSONS DE MARINS<\/strong><\/p>\n\n\n\n<p class=\"has-text-align-center has-small-font-size\"><strong>NOUS SONT VENUES DU LARGE<\/strong><\/p>\n\n\n\n<p class=\"has-text-align-center has-small-font-size\"><strong>RAMEN\u00c9ES DE TR\u00c8S LOIN<\/strong><\/p>\n\n\n\n<p class=\"has-text-align-center has-small-font-size\"><strong>PAR LES NAVIGATEURS<\/strong><\/p>\n\n\n\n<p class=\"has-text-align-center has-small-font-size\"><strong>ELLES TIENNENT BON LE VENT<\/strong><\/p>\n\n\n\n<p class=\"has-text-align-center has-small-font-size\"><strong>CES CHANSONS D\u2019UN AUTRE AGE<\/strong><\/p>\n\n\n\n<p class=\"has-text-align-center has-small-font-size\"><strong>ET NOUS AIMONS SOUVENT<\/strong><\/p>\n\n\n\n<p class=\"has-text-align-center has-small-font-size\"><strong>LES CHANTER TOUS EN CH\u0152UR<\/strong><\/p>\n\n\n\n<p class=\"has-text-align-center has-small-font-size\"><strong>1<\/strong><\/p>\n\n\n\n<p class=\"has-text-align-center has-small-font-size\">ELLES NOUS PARLENT DU TEMPS<\/p>\n\n\n\n<p class=\"has-text-align-center has-small-font-size\">DE LA MARINE \u00c0 VOILE<\/p>\n\n\n\n<p class=\"has-text-align-center has-small-font-size\">DU TEMPS O\u00d9 LES GABIERS<\/p>\n\n\n\n<p class=\"has-text-align-center has-small-font-size\">GRIMPAIENT DANS LES HUNIERS<\/p>\n\n\n\n<p class=\"has-text-align-center has-small-font-size\">LORSQUE LES PAVILLONS<\/p>\n\n\n\n<p class=\"has-text-align-center has-small-font-size\">DE LA FLOTTE ROYALE<\/p>\n\n\n\n<p class=\"has-text-align-center has-small-font-size\">CLAQUAIENT SUR LES TROIS-M\u00c2TS<\/p>\n\n\n\n<p class=\"has-text-align-center has-small-font-size\">DE LA MARINE EN BOIS<\/p>\n\n\n\n<p class=\"has-text-align-center has-small-font-size\"><strong>2<\/strong><\/p>\n\n\n\n<p class=\"has-text-align-center has-small-font-size\">DE REFRAINS EN REFRAINS<\/p>\n\n\n\n<p class=\"has-text-align-center has-small-font-size\">ET D\u2019ESCALES EN ESCALES<\/p>\n\n\n\n<p class=\"has-text-align-center has-small-font-size\">ON VA DE PANAMA<\/p>\n\n\n\n<p class=\"has-text-align-center has-small-font-size\">AU PORT DE TACOMA<\/p>\n\n\n\n<p class=\"has-text-align-center has-small-font-size\">ET BRAVANT LES EMBRUNS<\/p>\n\n\n\n<p class=\"has-text-align-center has-small-font-size\">ON CINGLE \u00c0 TOUTES VOILES<\/p>\n\n\n\n<p class=\"has-text-align-center has-small-font-size\">DU PORT DE SAINT-MALO<\/p>\n\n\n\n<p class=\"has-text-align-center has-small-font-size\">JUSQU\u2019\u00c0 VALPARAISO<\/p>\n\n\n\n<p class=\"has-text-align-center has-small-font-size\"><strong>3<\/strong><\/p>\n\n\n\n<p class=\"has-text-align-center has-small-font-size\">DES CHANSONS \u00c0 HISSER<\/p>\n\n\n\n<p class=\"has-text-align-center has-small-font-size\">POUR \u00c9TARQUER LES VOILES<\/p>\n\n\n\n<p class=\"has-text-align-center has-small-font-size\">AUX ORDRES DU BOSCO<\/p>\n\n\n\n<p class=\"has-text-align-center has-small-font-size\">QUI GUEULE HO HISSE ET HO<\/p>\n\n\n\n<p class=\"has-text-align-center has-small-font-size\">DES CHANSONS \u00c0 VIRER<\/p>\n\n\n\n<p class=\"has-text-align-center has-small-font-size\">POUR PARER LES RAFALES<\/p>\n\n\n\n<p class=\"has-text-align-center has-small-font-size\">ET DES AIRS \u00c0 DANSER<\/p>\n\n\n\n<p class=\"has-text-align-center has-small-font-size\">RONDES ET POLKAS PIQU\u00c9ES<\/p>\n","protected":false},"excerpt":{"rendered":"<p>LES CHANSONS DE MARINS Refrain LES CHANSONS DE MARINS NOUS SONT VENUES DU LARGE RAMEN\u00c9ES DE TR\u00c8S LOIN PAR LES NAVIGATEURS ELLES TIENNENT BON LE VENT CES CHANSONS D\u2019UN AUTRE AGE ET NOUS AIMONS SOUVENT LES CHANTER TOUS EN CH\u0152UR 1 ELLES NOUS PARLENT DU TEMPS DE LA MARINE \u00c0 VOILE DU TEMPS O\u00d9 LES &hellip; <a href=\"https:\/\/lescopainsdubord.fr\/?page_id=1312\" class=\"more-link\">Continuer la lecture<span class=\"screen-reader-text\"> de &laquo;&nbsp;LES CHANSONS DE MARINS&nbsp;&raquo;<\/span><\/a><\/p>\n","protected":false},"author":2,"featured_media":0,"parent":0,"menu_order":0,"comment_status":"closed","ping_status":"closed","template":"elementor_canvas","meta":{"footnotes":""},"class_list":["post-1312","page","type-page","status-publish","hentry"],"_links":{"self":[{"href":"https:\/\/lescopainsdubord.fr\/index.php?rest_route=\/wp\/v2\/pages\/1312","targetHints":{"allow":["GET"]}}],"collection":[{"href":"https:\/\/lescopainsdubord.fr\/index.php?rest_route=\/wp\/v2\/pages"}],"about":[{"href":"https:\/\/lescopainsdubord.fr\/index.php?rest_route=\/wp\/v2\/types\/page"}],"author":[{"embeddable":true,"href":"https:\/\/lescopainsdubord.fr\/index.php?rest_route=\/wp\/v2\/users\/2"}],"replies":[{"embeddable":true,"href":"https:\/\/lescopainsdubord.fr\/index.php?rest_route=%2Fwp%2Fv2%2Fcomments&post=1312"}],"version-history":[{"count":6,"href":"https:\/\/lescopainsdubord.fr\/index.php?rest_route=\/wp\/v2\/pages\/1312\/revisions"}],"predecessor-version":[{"id":2214,"href":"https:\/\/lescopainsdubord.fr\/index.php?rest_route=\/wp\/v2\/pages\/1312\/revisions\/2214"}],"wp:attachment":[{"href":"https:\/\/lescopainsdubord.fr\/index.php?rest_route=%2Fwp%2Fv2%2Fmedia&parent=1312"}],"curies":[{"name":"wp","href":"https:\/\/api.w.org\/{rel}","templated":true}]}}