{"id":1306,"date":"2020-11-07T17:29:32","date_gmt":"2020-11-07T16:29:32","guid":{"rendered":"https:\/\/lescopainsdubord.fr\/?page_id=1306"},"modified":"2022-01-23T15:57:27","modified_gmt":"2022-01-23T14:57:27","slug":"les-copains-du-bord","status":"publish","type":"page","link":"https:\/\/lescopainsdubord.fr\/?page_id=1306","title":{"rendered":"LES COPAINS DU BORD"},"content":{"rendered":"\n<div class=\"wp-block-image\"><figure class=\"aligncenter size-large\"><img loading=\"lazy\" decoding=\"async\" width=\"519\" height=\"111\" src=\"https:\/\/lescopainsdubord.fr\/wp-content\/uploads\/2020\/11\/boam3u49.gif\" alt=\"\" class=\"wp-image-1152\"\/><\/figure><\/div>\n\n\n\n<div class=\"wp-block-buttons is-layout-flex wp-block-buttons-is-layout-flex\">\n<div class=\"wp-block-button\"><a class=\"wp-block-button__link\" href=\"https:\/\/lescopainsdubord.fr\/?p=1(ouvre un nouvel onglet)\">retour accueil<\/a><\/div>\n\n\n\n<div class=\"wp-block-button\"><a class=\"wp-block-button__link\" href=\"https:\/\/lescopainsdubord.fr\/?page_id=1163(ouvre un nouvel onglet)\">retour liste<\/a><\/div>\n<\/div>\n\n\n\n<p class=\"has-text-align-center has-normal-font-size\"><strong>LES COPAINS DU BORD<\/strong><\/p>\n\n\n\n<p class=\"has-text-align-center has-small-font-size\"><strong>1<\/strong><\/p>\n\n\n\n<p class=\"has-text-align-center has-small-font-size\">NOUS SOMMES LES COPAINS DU BORD<\/p>\n\n\n\n<p class=\"has-text-align-center has-small-font-size\">ET \u00c0 B\u00c2BORD , COMME \u00c0 TRIBORD<\/p>\n\n\n\n<p class=\"has-text-align-center has-small-font-size\">UNIS COMME LES DOIGTS DE LA MAIN<\/p>\n\n\n\n<p class=\"has-text-align-center has-small-font-size\">SUR LE NAVIRE ON S\u2019ENTEND BIEN<\/p>\n\n\n\n<p class=\"has-text-align-center has-small-font-size\">ET SI D\u2019AVENTURE LE BOSCO OH OH<\/p>\n\n\n\n<p class=\"has-text-align-center has-small-font-size\">NOUS CRIE UN PEU FORT SUR LE DOS OH OH<\/p>\n\n\n\n<p class=\"has-text-align-center has-small-font-size\">ALORS POUR QU\u2019IL CHANGE DE TON<\/p>\n\n\n\n<p class=\"has-text-align-center has-small-font-size\">ON SE MET TOUS AU DIAPASON<\/p>\n\n\n\n<p class=\"has-text-align-center has-small-font-size\"><strong>ET NOUS LUI CHANTONS DES REFRAINS<\/strong><\/p>\n\n\n\n<p class=\"has-text-align-center has-small-font-size\"><strong>LES GAIS REFRAINS DES CHANSONS DE MARINS<\/strong><\/p>\n\n\n\n<p class=\"has-text-align-center has-small-font-size\"><strong>DE CELLES QU\u2019ON VIENT CHANTER POUR VOUS<\/strong><\/p>\n\n\n\n<p class=\"has-text-align-center has-small-font-size\"><strong>TOUTES LES VOILES DEHORS ET VENT DEBOUT<\/strong><\/p>\n\n\n\n<p class=\"has-text-align-center has-small-font-size\"><strong>VIN QUI P\u00c9TILLE, FEMMES GENTILLES<\/strong><\/p>\n\n\n\n<p class=\"has-text-align-center has-small-font-size\"><strong>SOUS TES BAISERS BR\u00dbLANT D\u2019AMOUR<\/strong><\/p>\n\n\n\n<p class=\"has-text-align-center has-small-font-size\"><strong>PLAISIRS BATAILLES<\/strong><\/p>\n\n\n\n<p class=\"has-text-align-center has-small-font-size\"><strong>VIVE LA CANAILLE<\/strong><\/p>\n\n\n\n<p class=\"has-text-align-center has-small-font-size\"><strong>JE BOIS JE CHANTE ET JE TUE TOUR \u00c0 TOUR<\/strong><\/p>\n\n\n\n<p class=\"has-text-align-center has-small-font-size\"><strong>2<\/strong><\/p>\n\n\n\n<p class=\"has-text-align-center has-small-font-size\">NOUS SOMMES LES COPAINS DU BORD<\/p>\n\n\n\n<p class=\"has-text-align-center has-small-font-size\">ET QUAND ON EST TR\u00c8S LOIN DU PORT<\/p>\n\n\n\n<p class=\"has-text-align-center has-small-font-size\">IL NOUS ARRIVE PARFOIS D\u2019AVOIR<\/p>\n\n\n\n<p class=\"has-text-align-center has-small-font-size\">COMME UN PETIT COUP DE CAFARD<\/p>\n\n\n\n<p class=\"has-text-align-center has-small-font-size\">SI Y\u2019EN A UN SUR LE RAFIOT OH OH<\/p>\n\n\n\n<p class=\"has-text-align-center has-small-font-size\">AVEC LE MORAL \u00c0 Z\u00c9RO OH OH<\/p>\n\n\n\n<p class=\"has-text-align-center has-small-font-size\">ALORS ON LUI DONNE UN WHISKY<\/p>\n\n\n\n<p class=\"has-text-align-center has-small-font-size\">POUR QU\u2019IL REPRENNE GO\u00dbT \u00c0 LA VIE<\/p>\n\n\n\n<p class=\"has-text-align-center has-small-font-size\"><strong>ET NOUS LUI CHANTONS DES REFRAINS<\/strong><\/p>\n\n\n\n<p class=\"has-text-align-center has-small-font-size\"><strong>LES GAIS REFRAINS DES CHANSONS DE MARINS<\/strong><\/p>\n\n\n\n<p class=\"has-text-align-center has-small-font-size\"><strong>DE CELLES QU\u2019ON VIENT CHANTER POUR VOUS<\/strong><\/p>\n\n\n\n<p class=\"has-text-align-center has-small-font-size\"><strong>TOUTES LES VOILES DEHORS ET VENT DEBOUT<\/strong><\/p>\n\n\n\n<p class=\"has-text-align-center has-small-font-size\"><strong>C\u2019EST JEAN-FRAN\u00c7OIS DE NANTES OUAIS OUAIS OUAIS<\/strong><\/p>\n\n\n\n<p class=\"has-text-align-center has-small-font-size\"><strong>GABIER SUR LA FRINGANTE OH MES BOU\u00c9S<\/strong><\/p>\n\n\n\n<p class=\"has-text-align-center has-small-font-size\"><strong>JEAN- FRAN\u00c7OU\u00c9<\/strong><\/p>\n\n\n\n<p class=\"has-text-align-center has-small-font-size\"><strong>3<\/strong><\/p>\n\n\n\n<p class=\"has-text-align-center has-small-font-size\">NOUS SOMMES LES COPAINS DU BORD<\/p>\n\n\n\n<p class=\"has-text-align-center has-small-font-size\">DE BONS AMIS, TOUJOURS D\u2019ACCORD<\/p>\n\n\n\n<p class=\"has-text-align-center has-small-font-size\">SURTOUT QUAND IL S\u2019AGIT D\u2019ALLER<\/p>\n\n\n\n<p class=\"has-text-align-center has-small-font-size\">DANS UN BISTROT POUR Y TRINQUER<\/p>\n\n\n\n<p class=\"has-text-align-center has-small-font-size\">CE N\u2019EST PAS TELLEMENT QU\u2019ON AIME \u00c7A AH AH<\/p>\n\n\n\n<p class=\"has-text-align-center has-small-font-size\">MAIS LE VIN BLANC C\u2019EST BON POUR LA VOIX AH AH<\/p>\n\n\n\n<p class=\"has-text-align-center has-small-font-size\">ALORS LE PATRON DU CAF\u00c9<\/p>\n\n\n\n<p class=\"has-text-align-center has-small-font-size\">BIEN SOUVENT REMET LA TOURN\u00c9E<\/p>\n\n\n\n<p class=\"has-text-align-center has-small-font-size\"><strong>ET NOUS LUI CHANTONS DES REFRAINS<\/strong><\/p>\n\n\n\n<p class=\"has-text-align-center has-small-font-size\"><strong>LES GAIS REFRAINS DES CHANSONS DE MARINS<\/strong><\/p>\n\n\n\n<p class=\"has-text-align-center has-small-font-size\"><strong>DE CELLES QU\u2019ON VIENT CHANTER POUR VOUS<\/strong><\/p>\n\n\n\n<p class=\"has-text-align-center has-small-font-size\"><strong>TOUTES LES VOILES DEHORS ET VENT DEBOUT<\/strong><\/p>\n\n\n\n<p class=\"has-text-align-center has-small-font-size\"><strong>ET SI VOUS LES CONNAISSEZ BIEN<\/strong><\/p>\n\n\n\n<p class=\"has-text-align-center has-small-font-size\"><strong>TOUS CES REFRAINS DE CHANSONS DE MARINS<\/strong><\/p>\n\n\n\n<p class=\"has-text-align-center has-small-font-size\"><strong>ALORS DE SUITE EMBARQUEZ-VOUS<\/strong><\/p>\n\n\n\n<p class=\"has-text-align-center has-small-font-size\"><strong>ET VENEZ DONC LES CHANTER AVEC NOUS<\/strong><\/p>\n","protected":false},"excerpt":{"rendered":"<p>LES COPAINS DU BORD 1 NOUS SOMMES LES COPAINS DU BORD ET \u00c0 B\u00c2BORD , COMME \u00c0 TRIBORD UNIS COMME LES DOIGTS DE LA MAIN SUR LE NAVIRE ON S\u2019ENTEND BIEN ET SI D\u2019AVENTURE LE BOSCO OH OH NOUS CRIE UN PEU FORT SUR LE DOS OH OH ALORS POUR QU\u2019IL CHANGE DE TON ON &hellip; <a href=\"https:\/\/lescopainsdubord.fr\/?page_id=1306\" class=\"more-link\">Continuer la lecture<span class=\"screen-reader-text\"> de &laquo;&nbsp;LES COPAINS DU BORD&nbsp;&raquo;<\/span><\/a><\/p>\n","protected":false},"author":2,"featured_media":0,"parent":0,"menu_order":0,"comment_status":"closed","ping_status":"closed","template":"elementor_canvas","meta":{"footnotes":""},"class_list":["post-1306","page","type-page","status-publish","hentry"],"_links":{"self":[{"href":"https:\/\/lescopainsdubord.fr\/index.php?rest_route=\/wp\/v2\/pages\/1306","targetHints":{"allow":["GET"]}}],"collection":[{"href":"https:\/\/lescopainsdubord.fr\/index.php?rest_route=\/wp\/v2\/pages"}],"about":[{"href":"https:\/\/lescopainsdubord.fr\/index.php?rest_route=\/wp\/v2\/types\/page"}],"author":[{"embeddable":true,"href":"https:\/\/lescopainsdubord.fr\/index.php?rest_route=\/wp\/v2\/users\/2"}],"replies":[{"embeddable":true,"href":"https:\/\/lescopainsdubord.fr\/index.php?rest_route=%2Fwp%2Fv2%2Fcomments&post=1306"}],"version-history":[{"count":7,"href":"https:\/\/lescopainsdubord.fr\/index.php?rest_route=\/wp\/v2\/pages\/1306\/revisions"}],"predecessor-version":[{"id":2215,"href":"https:\/\/lescopainsdubord.fr\/index.php?rest_route=\/wp\/v2\/pages\/1306\/revisions\/2215"}],"wp:attachment":[{"href":"https:\/\/lescopainsdubord.fr\/index.php?rest_route=%2Fwp%2Fv2%2Fmedia&parent=1306"}],"curies":[{"name":"wp","href":"https:\/\/api.w.org\/{rel}","templated":true}]}}