{"id":1241,"date":"2020-11-07T10:07:30","date_gmt":"2020-11-07T09:07:30","guid":{"rendered":"https:\/\/lescopainsdubord.fr\/?page_id=1241"},"modified":"2022-01-23T16:03:33","modified_gmt":"2022-01-23T15:03:33","slug":"les-trente","status":"publish","type":"page","link":"https:\/\/lescopainsdubord.fr\/?page_id=1241","title":{"rendered":"LES TRENTE"},"content":{"rendered":"\n<div class=\"wp-block-image\"><figure class=\"aligncenter size-large\"><img loading=\"lazy\" decoding=\"async\" width=\"519\" height=\"111\" src=\"https:\/\/lescopainsdubord.fr\/wp-content\/uploads\/2020\/11\/boam3u49.gif\" alt=\"\" class=\"wp-image-1152\"\/><\/figure><\/div>\n\n\n\n<div class=\"wp-block-buttons is-layout-flex wp-block-buttons-is-layout-flex\">\n<div class=\"wp-block-button\"><a class=\"wp-block-button__link\" href=\"https:\/\/lescopainsdubord.fr\/?p=1\">retour accueil<\/a><\/div>\n\n\n\n<div class=\"wp-block-button\"><a class=\"wp-block-button__link\" href=\"https:\/\/lescopainsdubord.fr\/?page_id=1163(ouvre un nouvel onglet)\">retour liste<\/a><\/div>\n<\/div>\n\n\n\n<p class=\"has-text-align-center has-normal-font-size\"><strong>LES TRENTE<\/strong><\/p>\n\n\n\n<p class=\"has-text-align-center has-small-font-size\"><strong>Refrain<\/strong><\/p>\n\n\n\n<p class=\"has-text-align-center has-small-font-size\"><strong>VIVE LES FEMMES, VIVE LA MER,<\/strong><\/p>\n\n\n\n<p class=\"has-text-align-center has-small-font-size\"><strong>CHANTONS TOUS AVEC ARDEUR,<\/strong><\/p>\n\n\n\n<p class=\"has-text-align-center has-small-font-size\"><strong>VIVE LES FEMMES, VIVE LA MER<\/strong><strong>,<\/strong><\/p>\n\n\n\n<p class=\"has-text-align-center has-small-font-size\"><strong>REPRENONS TOUS EN CH\u0152UR, OUAIS !<\/strong><\/p>\n\n\n\n<p class=\"has-text-align-center has-small-font-size\"><strong>VIVE LES FEMMES, VIVE LA MER,<\/strong><\/p>\n\n\n\n<p class=\"has-text-align-center has-small-font-size\"><strong>CHANTONS TOUS AVEC ARDEUR,<\/strong><\/p>\n\n\n\n<p class=\"has-text-align-center has-small-font-size\"><strong>VIVE LES FEMMES, ADIEU MIS\u00c8RE,<\/strong><\/p>\n\n\n\n<p class=\"has-text-align-center has-small-font-size\"><strong>C&rsquo;EST L\u00c0 LE VRAI BONHEUR.<\/strong><\/p>\n\n\n\n<p class=\"has-text-align-center has-small-font-size\"><strong>1<\/strong><\/p>\n\n\n\n<p class=\"has-text-align-center has-small-font-size\">NOUS SOMMES PR\u00c8S DE TRENTE<\/p>\n\n\n\n<p class=\"has-text-align-center has-small-font-size\">COPAINS DANS CETTE BANDE,<\/p>\n\n\n\n<p class=\"has-text-align-center has-small-font-size\">DE RETOUR DE VOYAGE,<\/p>\n\n\n\n<p class=\"has-text-align-center has-small-font-size\">\u00c0 L&rsquo;AUTRE BOUT DU MONDE,<\/p>\n\n\n\n<p class=\"has-text-align-center has-small-font-size\">AVONS POS\u00c9 NOS SACS,<\/p>\n\n\n\n<p class=\"has-text-align-center has-small-font-size\">C\u2019\u00c9TAIT PLUS DE NOTRE AGE<\/p>\n\n\n\n<p class=\"has-text-align-center has-small-font-size\">DE PARTIR FAIRE LA RONDE<\/p>\n\n\n\n<p class=\"has-text-align-center has-small-font-size\">DES PAYS DE COCAGNE.<\/p>\n\n\n\n<p class=\"has-text-align-center has-small-font-size\"><strong>2<\/strong><\/p>\n\n\n\n<p class=\"has-text-align-center has-small-font-size\">C&rsquo;EST EN QUATRE VINGT NEUF,<\/p>\n\n\n\n<p class=\"has-text-align-center has-small-font-size\">POUR LA F\u00caTE DES GR\u00c9EMENTS,<\/p>\n\n\n\n<p class=\"has-text-align-center has-small-font-size\">ILS \u00c9TAIENT HUIT OU NEUF,<\/p>\n\n\n\n<p class=\"has-text-align-center has-small-font-size\">\u00c7A FAIT PLUS DE TRENTE ANS,<\/p>\n\n\n\n<p class=\"has-text-align-center has-small-font-size\">IL FALLAIT POUR AVOIR,<\/p>\n\n\n\n<p class=\"has-text-align-center has-small-font-size\">L&rsquo;ENVIE DE BIEN CHANTER,<\/p>\n\n\n\n<p class=\"has-text-align-center has-small-font-size\">UN MA\u00ceTRE DONT LE VOULOIR,<\/p>\n\n\n\n<p class=\"has-text-align-center has-small-font-size\">\u00c9TAIT DE FAIRE VOYAGER.<\/p>\n\n\n\n<p class=\"has-text-align-center has-small-font-size\"><strong>3<\/strong><\/p>\n\n\n\n<p class=\"has-text-align-center has-small-font-size\">LES ANN\u00c9ES SONT PASS\u00c9ES,<\/p>\n\n\n\n<p class=\"has-text-align-center has-small-font-size\">CERTAINS S&rsquo;EN SONT ALL\u00c9S,<\/p>\n\n\n\n<p class=\"has-text-align-center has-small-font-size\">POUR DE PLUS BEAUX VOYAGES,<\/p>\n\n\n\n<p class=\"has-text-align-center has-small-font-size\">VERS DE PLUS GRANDS RIVAGES,<\/p>\n\n\n\n<p class=\"has-text-align-center has-small-font-size\">LES NOTES DE MUSIQUE,<\/p>\n\n\n\n<p class=\"has-text-align-center has-small-font-size\">ONT UN POUVOIR MAGIQUE,<\/p>\n\n\n\n<p class=\"has-text-align-center has-small-font-size\">ET, DANS BEAUCOUP DE PAYS,<\/p>\n\n\n\n<p class=\"has-text-align-center has-small-font-size\">C&rsquo;EST SOUVENT DO R\u00c9 MI.<\/p>\n\n\n\n<p class=\"has-text-align-center has-small-font-size\"><strong>4<\/strong><\/p>\n\n\n\n<p class=\"has-text-align-center has-small-font-size\">POUR CONTINUER LEURS ROUTES,<\/p>\n\n\n\n<p class=\"has-text-align-center has-small-font-size\">ET FAIRE CHANTER LONGTEMPS,<\/p>\n\n\n\n<p class=\"has-text-align-center has-small-font-size\">LES CHANTEURS DE CE GROUPE,<\/p>\n\n\n\n<p class=\"has-text-align-center has-small-font-size\">ONT AGRANDI LEURS RANGS,<\/p>\n\n\n\n<p class=\"has-text-align-center has-small-font-size\">IL FAUT QUE CE VOYAGE,<\/p>\n\n\n\n<p class=\"has-text-align-center has-small-font-size\">\u00c0 CHACUN DE VOUS PLAISE<strong>,<\/strong><\/p>\n\n\n\n<p class=\"has-text-align-center has-small-font-size\">POUR QU&rsquo;\u00c0 TRAVERS LES AGES,<\/p>\n\n\n\n<p class=\"has-text-align-center has-small-font-size\">IL NE S\u2019ARR\u00caTE JAMAIS<strong>.&nbsp;<\/strong><\/p>\n","protected":false},"excerpt":{"rendered":"<p>LES TRENTE Refrain VIVE LES FEMMES, VIVE LA MER, CHANTONS TOUS AVEC ARDEUR, VIVE LES FEMMES, VIVE LA MER, REPRENONS TOUS EN CH\u0152UR, OUAIS ! VIVE LES FEMMES, VIVE LA MER, CHANTONS TOUS AVEC ARDEUR, VIVE LES FEMMES, ADIEU MIS\u00c8RE, C&rsquo;EST L\u00c0 LE VRAI BONHEUR. 1 NOUS SOMMES PR\u00c8S DE TRENTE COPAINS DANS CETTE BANDE, &hellip; <a href=\"https:\/\/lescopainsdubord.fr\/?page_id=1241\" class=\"more-link\">Continuer la lecture<span class=\"screen-reader-text\"> de &laquo;&nbsp;LES TRENTE&nbsp;&raquo;<\/span><\/a><\/p>\n","protected":false},"author":2,"featured_media":0,"parent":0,"menu_order":0,"comment_status":"closed","ping_status":"closed","template":"elementor_canvas","meta":{"footnotes":""},"class_list":["post-1241","page","type-page","status-publish","hentry"],"_links":{"self":[{"href":"https:\/\/lescopainsdubord.fr\/index.php?rest_route=\/wp\/v2\/pages\/1241","targetHints":{"allow":["GET"]}}],"collection":[{"href":"https:\/\/lescopainsdubord.fr\/index.php?rest_route=\/wp\/v2\/pages"}],"about":[{"href":"https:\/\/lescopainsdubord.fr\/index.php?rest_route=\/wp\/v2\/types\/page"}],"author":[{"embeddable":true,"href":"https:\/\/lescopainsdubord.fr\/index.php?rest_route=\/wp\/v2\/users\/2"}],"replies":[{"embeddable":true,"href":"https:\/\/lescopainsdubord.fr\/index.php?rest_route=%2Fwp%2Fv2%2Fcomments&post=1241"}],"version-history":[{"count":7,"href":"https:\/\/lescopainsdubord.fr\/index.php?rest_route=\/wp\/v2\/pages\/1241\/revisions"}],"predecessor-version":[{"id":2217,"href":"https:\/\/lescopainsdubord.fr\/index.php?rest_route=\/wp\/v2\/pages\/1241\/revisions\/2217"}],"wp:attachment":[{"href":"https:\/\/lescopainsdubord.fr\/index.php?rest_route=%2Fwp%2Fv2%2Fmedia&parent=1241"}],"curies":[{"name":"wp","href":"https:\/\/api.w.org\/{rel}","templated":true}]}}