{"id":1237,"date":"2020-11-07T10:06:37","date_gmt":"2020-11-07T09:06:37","guid":{"rendered":"https:\/\/lescopainsdubord.fr\/?page_id=1237"},"modified":"2022-01-23T15:45:47","modified_gmt":"2022-01-23T14:45:47","slug":"le-peuple-irlandais","status":"publish","type":"page","link":"https:\/\/lescopainsdubord.fr\/?page_id=1237","title":{"rendered":"LE PEUPLE IRLANDAIS"},"content":{"rendered":"\n<div class=\"wp-block-image\"><figure class=\"aligncenter size-large\"><img loading=\"lazy\" decoding=\"async\" width=\"519\" height=\"111\" src=\"https:\/\/lescopainsdubord.fr\/wp-content\/uploads\/2020\/11\/boam3u49.gif\" alt=\"\" class=\"wp-image-1152\"\/><\/figure><\/div>\n\n\n\n<div class=\"wp-block-buttons is-layout-flex wp-block-buttons-is-layout-flex\">\n<div class=\"wp-block-button\"><a class=\"wp-block-button__link\" href=\"https:\/\/lescopainsdubord.fr\/?p=1(ouvre un nouvel onglet)\">retour accueil<\/a><\/div>\n\n\n\n<div class=\"wp-block-button\"><a class=\"wp-block-button__link\" href=\"https:\/\/lescopainsdubord.fr\/?page_id=1163(ouvre un nouvel onglet)\">retour liste<\/a><\/div>\n<\/div>\n\n\n\n<p class=\"has-text-align-center\"><strong>LE PEUPLE IRLANDAIS<\/strong><\/p>\n\n\n\n<p class=\"has-text-align-center has-small-font-size\"><strong>Refrain<\/strong><\/p>\n\n\n\n<p class=\"has-text-align-center has-small-font-size\"><strong>POUR LA LONGUE PATIENCE,<\/strong><\/p>\n\n\n\n<p class=\"has-text-align-center has-small-font-size\"><strong>LES LARMES ET LE SILENCE,<\/strong><\/p>\n\n\n\n<p class=\"has-text-align-center has-small-font-size\"><strong>DE BELFAST \u00c0 DUBLIN ET DE CORK \u00c0 GALWAY,<\/strong><\/p>\n\n\n\n<p class=\"has-text-align-center has-small-font-size\"><strong>JE SALUE LE PEUPLE IRLANDAI<\/strong>S,<\/p>\n\n\n\n<p class=\"has-text-align-center has-small-font-size\"><strong>DE BELFAST \u00c0 DUBLIN ET DE CORK \u00c0 GALWAY,<\/strong><\/p>\n\n\n\n<p class=\"has-text-align-center has-small-font-size\"><strong>JE SALUE LE PEUPLE IRLANDAIS<\/strong>.<\/p>\n\n\n\n<p class=\"has-text-align-center has-small-font-size\"><strong>1<\/strong><\/p>\n\n\n\n<p class=\"has-text-align-center has-small-font-size\">POUSS\u00c9ES PAR LES GRANDS VENTS<\/p>\n\n\n\n<p class=\"has-text-align-center has-small-font-size\">QUI BALAIENT L\u2019OC\u00c9AN,<\/p>\n\n\n\n<p class=\"has-text-align-center has-small-font-size\">SONT VENUES LES TRIBUS DU LEVANT,<\/p>\n\n\n\n<p class=\"has-text-align-center has-small-font-size\">LORSQU&rsquo;ILS ONT D\u00c9BARQU\u00c9S,<\/p>\n\n\n\n<p class=\"has-text-align-center has-small-font-size\">SUR CETTE \u00ceLE OUBLI\u00c9E,<\/p>\n\n\n\n<p class=\"has-text-align-center has-small-font-size\">LEUR HISTOIRE VENAIT DE COMMENCER.<\/p>\n\n\n\n<p class=\"has-text-align-center has-small-font-size\">POURSUIVANT LE SOLEIL,<strong><\/strong><\/p>\n\n\n\n<p class=\"has-text-align-center has-small-font-size\">ILS ONT ENFIN TROUV\u00c9,<\/p>\n\n\n\n<p class=\"has-text-align-center has-small-font-size\">\u00a0\u00bbTIR NA NOG\u00a0\u00bb LEUR TERRE SACR\u00c9E,<\/p>\n\n\n\n<p class=\"has-text-align-center has-small-font-size\">ILS ONT B\u00c2TI DES TEMPLES<strong>,<\/strong><\/p>\n\n\n\n<p class=\"has-text-align-center has-small-font-size\">POUR MIEUX REMERCIER,<strong><\/strong><\/p>\n\n\n\n<p class=\"has-text-align-center has-small-font-size\">LES DIEUX QUI LES AVAIENT GUID\u00c9S.<\/p>\n\n\n\n<p class=\"has-text-align-center has-small-font-size\"><strong>2<\/strong><\/p>\n\n\n\n<p class=\"has-text-align-center has-small-font-size\">ET LES SI\u00c8CLES ONT PASS\u00c9,<\/p>\n\n\n\n<p class=\"has-text-align-center has-small-font-size\">ENTRE LUMI\u00c8RE ET OMBRE,<\/p>\n\n\n\n<p class=\"has-text-align-center has-small-font-size\">CAR L\u00c0-BAS, ON VIT ENTRE DEUX MONDES,<\/p>\n\n\n\n<p class=\"has-text-align-center has-small-font-size\">DANS LES PUBS ENFUM\u00c9S,<\/p>\n\n\n\n<p class=\"has-text-align-center has-small-font-size\">ON PR\u00c9F\u00c8RE CHANTER,<\/p>\n\n\n\n<p class=\"has-text-align-center has-small-font-size\">LES VIEUX R\u00caVES \u00c0 LA R\u00c9ALIT\u00c9.<\/p>\n\n\n\n<p class=\"has-text-align-center has-small-font-size\"><strong>2<sup>\u00e8me<\/sup> partie du couplet 2 en murmure<\/strong><\/p>\n\n\n\n<p class=\"has-text-align-center has-small-font-size\"><strong>3<\/strong><\/p>\n\n\n\n<p class=\"has-text-align-center has-small-font-size\">ENCORE COMBIEN DE PLUIE,<\/p>\n\n\n\n<p class=\"has-text-align-center has-small-font-size\">AVANT QU&rsquo;IL FASSE BLEU,<\/p>\n\n\n\n<p class=\"has-text-align-center has-small-font-size\">SOUS LA TOURBE, COUVE ENCORE LE FEU,<\/p>\n\n\n\n<p class=\"has-text-align-center has-small-font-size\">CAR CHACUN SE SOUVIENT,<\/p>\n\n\n\n<p class=\"has-text-align-center has-small-font-size\">DES CROIX SUR LE CHEMIN,<\/p>\n\n\n\n<p class=\"has-text-align-center has-small-font-size\">FAIT DE PIERRES SERR\u00c9ES COMME DES POINGS.<\/p>\n\n\n\n<p class=\"has-text-align-center has-small-font-size\">LA RAISON DU PLUS FORT,<\/p>\n\n\n\n<p class=\"has-text-align-center has-small-font-size\">EST TOUJOURS LA MEILLEURE,<\/p>\n\n\n\n<p class=\"has-text-align-center has-small-font-size\">L&rsquo;HISTOIRE EST T&rsquo; \u00c9CRITE PAR LES VAINQUEURS,<\/p>\n\n\n\n<p class=\"has-text-align-center has-small-font-size\">UNE CAUSE \u00c0 JUSTIFIER,<\/p>\n\n\n\n<p class=\"has-text-align-center has-small-font-size\">MAIS QUI POURRA JUGER, LA M\u00c9MOIRE D&rsquo;UN PEUPLE OUBLI\u00c9.<\/p>\n","protected":false},"excerpt":{"rendered":"<p>LE PEUPLE IRLANDAIS Refrain POUR LA LONGUE PATIENCE, LES LARMES ET LE SILENCE, DE BELFAST \u00c0 DUBLIN ET DE CORK \u00c0 GALWAY, JE SALUE LE PEUPLE IRLANDAIS, DE BELFAST \u00c0 DUBLIN ET DE CORK \u00c0 GALWAY, JE SALUE LE PEUPLE IRLANDAIS. 1 POUSS\u00c9ES PAR LES GRANDS VENTS QUI BALAIENT L\u2019OC\u00c9AN, SONT VENUES LES TRIBUS DU &hellip; <a href=\"https:\/\/lescopainsdubord.fr\/?page_id=1237\" class=\"more-link\">Continuer la lecture<span class=\"screen-reader-text\"> de &laquo;&nbsp;LE PEUPLE IRLANDAIS&nbsp;&raquo;<\/span><\/a><\/p>\n","protected":false},"author":2,"featured_media":0,"parent":0,"menu_order":0,"comment_status":"closed","ping_status":"closed","template":"elementor_canvas","meta":{"footnotes":""},"class_list":["post-1237","page","type-page","status-publish","hentry"],"_links":{"self":[{"href":"https:\/\/lescopainsdubord.fr\/index.php?rest_route=\/wp\/v2\/pages\/1237","targetHints":{"allow":["GET"]}}],"collection":[{"href":"https:\/\/lescopainsdubord.fr\/index.php?rest_route=\/wp\/v2\/pages"}],"about":[{"href":"https:\/\/lescopainsdubord.fr\/index.php?rest_route=\/wp\/v2\/types\/page"}],"author":[{"embeddable":true,"href":"https:\/\/lescopainsdubord.fr\/index.php?rest_route=\/wp\/v2\/users\/2"}],"replies":[{"embeddable":true,"href":"https:\/\/lescopainsdubord.fr\/index.php?rest_route=%2Fwp%2Fv2%2Fcomments&post=1237"}],"version-history":[{"count":6,"href":"https:\/\/lescopainsdubord.fr\/index.php?rest_route=\/wp\/v2\/pages\/1237\/revisions"}],"predecessor-version":[{"id":2209,"href":"https:\/\/lescopainsdubord.fr\/index.php?rest_route=\/wp\/v2\/pages\/1237\/revisions\/2209"}],"wp:attachment":[{"href":"https:\/\/lescopainsdubord.fr\/index.php?rest_route=%2Fwp%2Fv2%2Fmedia&parent=1237"}],"curies":[{"name":"wp","href":"https:\/\/api.w.org\/{rel}","templated":true}]}}