{"id":1227,"date":"2020-11-07T10:15:03","date_gmt":"2020-11-07T09:15:03","guid":{"rendered":"https:\/\/lescopainsdubord.fr\/?page_id=1227"},"modified":"2022-01-23T18:42:31","modified_gmt":"2022-01-23T17:42:31","slug":"reves-de-mer","status":"publish","type":"page","link":"https:\/\/lescopainsdubord.fr\/?page_id=1227","title":{"rendered":"R\u00caVES DE MER"},"content":{"rendered":"\n<div class=\"wp-block-image\"><figure class=\"aligncenter size-large\"><img loading=\"lazy\" decoding=\"async\" width=\"519\" height=\"111\" src=\"https:\/\/lescopainsdubord.fr\/wp-content\/uploads\/2020\/11\/boam3u49.gif\" alt=\"\" class=\"wp-image-1152\"\/><\/figure><\/div>\n\n\n\n<div class=\"wp-block-buttons is-layout-flex wp-block-buttons-is-layout-flex\">\n<div class=\"wp-block-button\"><a class=\"wp-block-button__link\" href=\"https:\/\/lescopainsdubord.fr\/?p=1(ouvre un nouvel onglet)\">retour accueil<\/a><\/div>\n\n\n\n<div class=\"wp-block-button\"><a class=\"wp-block-button__link\" href=\"https:\/\/lescopainsdubord.fr\/?page_id=1163(ouvre un nouvel onglet)\">retour liste<\/a><\/div>\n<\/div>\n\n\n\n<p class=\"has-text-align-center has-normal-font-size\"><strong>R\u00caVES DE MER<\/strong><\/p>\n\n\n\n<p class=\"has-text-align-center has-small-font-size\"><strong>Refrain<\/strong><\/p>\n\n\n\n<p class=\"has-text-align-center has-small-font-size\"><strong>DONNE TOI DU MAL DANS LES VERGUES ET LES HAUBANS,<\/strong><\/p>\n\n\n\n<p class=\"has-text-align-center has-small-font-size\"><strong>DONNE TOI DU MAL TOUT LE TEMPS.<\/strong><\/p>\n\n\n\n<p class=\"has-text-align-center has-small-font-size\"><strong>1<\/strong><\/p>\n\n\n\n<p class=\"has-text-align-center has-small-font-size\">TU AVAIS TOUT JUSTE QUATORZE ANS, QUAND T&rsquo; ES PARTI DE CHEZ TA M\u00c8RE,<\/p>\n\n\n\n<p class=\"has-text-align-center has-small-font-size\">ET LE C\u0152UR BATTANT DANS LE VENT, TU ES ALL\u00c9 COURIR LES MERS,<\/p>\n\n\n\n<p class=\"has-text-align-center has-small-font-size\">MAIS ICI LA VIE DE MARIN, LAISSE VRAIMENT PAS DE PLACE AUX R\u00caVES,<\/p>\n\n\n\n<p class=\"has-text-align-center has-small-font-size\">QUAND IL FAUT SE LEVER LE MATIN, EN SACHANT QUE LES PAUSES SERONT BR\u00c8VES.<\/p>\n\n\n\n<p class=\"has-text-align-center has-small-font-size\"><strong>2<\/strong><\/p>\n\n\n\n<p class=\"has-text-align-center has-small-font-size\">PARCE QUE T\u2019 ES MOUSSE IL FAUT BRIQUER, LE PONT, TU NE SAIS PAS TROP POURQUOI,<\/p>\n\n\n\n<p class=\"has-text-align-center has-small-font-size\">MAIS LE BOSCO, LUI A VITE FAIT, DE T\u2019ENGUEULER, ET TU FIL&rsquo; DROIT,<\/p>\n\n\n\n<p class=\"has-text-align-center has-small-font-size\">TU AS BOURLINGU\u00c9 SUR LES SEPT MERS, LES COUPS DE TABAC TU CONNAIS BIEN,<\/p>\n\n\n\n<p class=\"has-text-align-center has-small-font-size\">MAIS TU POSERAS TON SAC A TERRE, QUAND LA CAMARD\u2019 TE DIRA VIENS.<\/p>\n\n\n\n<p class=\"has-text-align-center has-small-font-size\"><strong>3<\/strong><\/p>\n\n\n\n<p class=\"has-text-align-center has-small-font-size\">EN ATTENDANT \u00c0 CHAQUE ESCALE, LES FILLES TE FONT OUBLIER,<\/p>\n\n\n\n<p class=\"has-text-align-center has-small-font-size\">QUE \u00c7A FAIT TRENTE ANS QUE TU TRIMBALES, TA CARCASSE ET TON CUIR TANN\u00c9,<\/p>\n\n\n\n<p class=\"has-text-align-center has-small-font-size\">\u00c0 PORTIVY TA M\u00c8RE T\u2019ATTEND, DANS SA ROBE NOIRE \u00c9TERNELLE,<\/p>\n\n\n\n<p class=\"has-text-align-center has-small-font-size\">TU LUI \u00c9CRIS DE TEMPS EN TEMPS, TU LUI DONNES DE TES NOUVELLES.<\/p>\n\n\n\n<p class=\"has-text-align-center has-small-font-size\"><strong>4<\/strong><\/p>\n\n\n\n<p class=\"has-text-align-center has-small-font-size\">M\u00c8RE MA VIE, C\u2019EST L\u2019OC\u00c9AN, LES D\u00c9FERLANTES SUR LE PONT,<\/p>\n\n\n\n<p class=\"has-text-align-center has-small-font-size\">C\u2019EST LES TAVERNES, C\u2019EST LE GROS TEMPS, C\u2019EST LES VAGUES ET C\u2019EST L\u2019HORIZON,<\/p>\n\n\n\n<p class=\"has-text-align-center has-small-font-size\">JE CROIS PAS QUE TU REVIENNES AU PAYS, LA MER TE GAGNE, LA MER TE PREND,<\/p>\n\n\n\n<p class=\"has-text-align-center has-small-font-size\">MAIS APR\u00c8S TOUT SI C\u2019EST TA VIE, T\u2019AURAS V\u00c9CU TES R\u00caVES D\u2019ENFANT.<\/p>\n","protected":false},"excerpt":{"rendered":"<p>R\u00caVES DE MER Refrain DONNE TOI DU MAL DANS LES VERGUES ET LES HAUBANS, DONNE TOI DU MAL TOUT LE TEMPS. 1 TU AVAIS TOUT JUSTE QUATORZE ANS, QUAND T&rsquo; ES PARTI DE CHEZ TA M\u00c8RE, ET LE C\u0152UR BATTANT DANS LE VENT, TU ES ALL\u00c9 COURIR LES MERS, MAIS ICI LA VIE DE MARIN, &hellip; <a href=\"https:\/\/lescopainsdubord.fr\/?page_id=1227\" class=\"more-link\">Continuer la lecture<span class=\"screen-reader-text\"> de &laquo;&nbsp;R\u00caVES DE MER&nbsp;&raquo;<\/span><\/a><\/p>\n","protected":false},"author":2,"featured_media":0,"parent":0,"menu_order":0,"comment_status":"closed","ping_status":"closed","template":"elementor_canvas","meta":{"footnotes":""},"class_list":["post-1227","page","type-page","status-publish","hentry"],"_links":{"self":[{"href":"https:\/\/lescopainsdubord.fr\/index.php?rest_route=\/wp\/v2\/pages\/1227","targetHints":{"allow":["GET"]}}],"collection":[{"href":"https:\/\/lescopainsdubord.fr\/index.php?rest_route=\/wp\/v2\/pages"}],"about":[{"href":"https:\/\/lescopainsdubord.fr\/index.php?rest_route=\/wp\/v2\/types\/page"}],"author":[{"embeddable":true,"href":"https:\/\/lescopainsdubord.fr\/index.php?rest_route=\/wp\/v2\/users\/2"}],"replies":[{"embeddable":true,"href":"https:\/\/lescopainsdubord.fr\/index.php?rest_route=%2Fwp%2Fv2%2Fcomments&post=1227"}],"version-history":[{"count":6,"href":"https:\/\/lescopainsdubord.fr\/index.php?rest_route=\/wp\/v2\/pages\/1227\/revisions"}],"predecessor-version":[{"id":2231,"href":"https:\/\/lescopainsdubord.fr\/index.php?rest_route=\/wp\/v2\/pages\/1227\/revisions\/2231"}],"wp:attachment":[{"href":"https:\/\/lescopainsdubord.fr\/index.php?rest_route=%2Fwp%2Fv2%2Fmedia&parent=1227"}],"curies":[{"name":"wp","href":"https:\/\/api.w.org\/{rel}","templated":true}]}}