{"id":1222,"date":"2020-11-07T10:04:53","date_gmt":"2020-11-07T09:04:53","guid":{"rendered":"https:\/\/lescopainsdubord.fr\/?page_id=1222"},"modified":"2022-01-23T13:58:37","modified_gmt":"2022-01-23T12:58:37","slug":"le-gabier-noir","status":"publish","type":"page","link":"https:\/\/lescopainsdubord.fr\/?page_id=1222","title":{"rendered":"LE GABIER NOIR"},"content":{"rendered":"\n<div class=\"wp-block-image\"><figure class=\"aligncenter size-large\"><img loading=\"lazy\" decoding=\"async\" width=\"519\" height=\"111\" src=\"https:\/\/lescopainsdubord.fr\/wp-content\/uploads\/2020\/11\/boam3u49.gif\" alt=\"\" class=\"wp-image-1152\"\/><\/figure><\/div>\n\n\n\n<div class=\"wp-block-buttons is-layout-flex wp-block-buttons-is-layout-flex\">\n<div class=\"wp-block-button\"><a class=\"wp-block-button__link\" href=\"https:\/\/lescopainsdubord.fr\/?p=1(ouvre un nouvel onglet)\">retour accueil<\/a><\/div>\n\n\n\n<div class=\"wp-block-button\"><a class=\"wp-block-button__link\" href=\"https:\/\/lescopainsdubord.fr\/?page_id=1163\">retour liste<\/a><\/div>\n<\/div>\n\n\n\n<h1 class=\"has-text-align-center has-normal-font-size wp-block-heading\">LE GABIEN NOIR<\/h1>\n\n\n\n<p><\/p>\n\n\n\n<p class=\"has-text-align-center has-small-font-size\"><strong>Refrain<\/strong><\/p>\n\n\n\n<p class=\"has-text-align-center has-small-font-size\"><strong>DIX CENTS ET DEMI, C&rsquo;EST LA PAYE DU NOIR,<\/strong><\/p>\n\n\n\n<p class=\"has-text-align-center has-small-font-size\"><strong>LA PAYE DU BLANC, C&rsquo;EST UN DOLLAR.<\/strong><\/p>\n\n\n\n<p class=\"has-text-align-center has-small-font-size\"><strong>1<\/strong><\/p>\n\n\n\n<p class=\"has-text-align-center has-small-font-size\">\u00c9COUTEZ LES GARS MON HISTOIRE,<\/p>\n\n\n\n<p class=\"has-text-align-center has-small-font-size\">\u00c7A\u00a0SE PASSAIT\u00a0\u00c0 LIVERPOOL, HO HO HO HO\u00a0!\u00a0<\/p>\n\n\n\n<p class=\"has-text-align-center has-small-font-size\">C&rsquo;EST L&rsquo;HISTOIRE D&rsquo;UN GABIER NOIR,<\/p>\n\n\n\n<p class=\"has-text-align-center has-small-font-size\">QUI&nbsp;TRAINAIT&nbsp;TROP AVEC LES POULES, HO HO HO HO&nbsp;!&nbsp;&nbsp;<\/p>\n\n\n\n<p class=\"has-text-align-center has-small-font-size\">UN SOIR QU&rsquo;IL AVAIT BU SA PAYE,<\/p>\n\n\n\n<p class=\"has-text-align-center has-small-font-size\">\u00c0 FORCE DE WHISKY ET DE BI\u00c8RE, HO HO HO HO\u00a0!\u00a0\u00a0<\/p>\n\n\n\n<p class=\"has-text-align-center has-small-font-size\">IL A RENCONTR\u00c9&nbsp;MAGGIE&nbsp;MAY,<\/p>\n\n\n\n<p class=\"has-text-align-center has-small-font-size\">\u00c0 LA TAVERNE DES HIGHLANDERS, HO HO HO HO&nbsp;!<\/p>\n\n\n\n<p class=\"has-text-align-center has-small-font-size\"><strong>2<\/strong><\/p>\n\n\n\n<p class=\"has-text-align-center has-small-font-size\">BELLE COMME UNE FR\u00c9GATE DE LIGNE,<\/p>\n\n\n\n<p class=\"has-text-align-center has-small-font-size\">MAIS IL N&rsquo;AVAIT PAS UN SHILLING, HO HO HO HO&nbsp;!&nbsp;&nbsp;<\/p>\n\n\n\n<p class=\"has-text-align-center has-small-font-size\">ET C&rsquo;EST ELLE QUI LUI FIT UN SIGNE,<\/p>\n\n\n\n<p class=\"has-text-align-center has-small-font-size\">POUR VENIR PRES D&rsquo;ELLE BOIRE UN GIN, HO HO HO HO&nbsp;!&nbsp;&nbsp;<\/p>\n\n\n\n<p class=\"has-text-align-center has-small-font-size\">C&rsquo;EST \u00c0 LA TAVERNE DU NID DE CORBEAU,<\/p>\n\n\n\n<p class=\"has-text-align-center has-small-font-size\">QU&rsquo;ILS ONT MIS EN BERNE ET VIR\u00c9 AU GUINDEAU, HO HO HO HO&nbsp;!&nbsp;&nbsp;<\/p>\n\n\n\n<p class=\"has-text-align-center has-small-font-size\">CE FUT UNE NUIT POUR LE VIEIL&nbsp;OLD&nbsp;BLACK&nbsp;JOE,<\/p>\n\n\n\n<p class=\"has-text-align-center has-small-font-size\">COMME UN COUP&nbsp;DE TABAC, QUI VOUS TOMBE SUR LE DOS, HO HO HO HO&nbsp;!<\/p>\n\n\n\n<p class=\"has-text-align-center has-small-font-size\"><strong>3<\/strong><\/p>\n\n\n\n<p class=\"has-text-align-center has-small-font-size\">MAIS AU&nbsp;PETIT&nbsp;MATIN ELLE \u00c9TAIT PARTIE,<\/p>\n\n\n\n<p class=\"has-text-align-center has-small-font-size\">EN EMPORTANT SON DERNIER PENNY, HO HO HO HO&nbsp;!&nbsp;&nbsp;&nbsp;<\/p>\n\n\n\n<p class=\"has-text-align-center has-small-font-size\">IL A MIS AU CLOU SES FRUSQUES ET SA PEINE,<\/p>\n\n\n\n<p class=\"has-text-align-center has-small-font-size\">\u00c0 LA BOUTIQ&rsquo; NEUF DU PR\u00caT \u00c0 LONG TERME, HO HO HO HO\u00a0!\u00a0\u00a0<\/p>\n\n\n\n<p class=\"has-text-align-center has-small-font-size\">C\u2019\u00c9TAIT UNE MATIN\u00c9E FROIDE DE JANVIER<\/p>\n\n\n\n<p class=\"has-text-align-center has-small-font-size\">IL PENSA ALORS QU&rsquo;IL FALLAIT S&rsquo;EMBARQUER, HO HO HO HO&nbsp;!&nbsp;&nbsp;&nbsp;<\/p>\n\n\n\n<p class=\"has-text-align-center has-small-font-size\">LE\u00a0VOIL\u00c0\u00a0QUI S&rsquo;ARRIME, NAVIGUANT \u00c0 L&rsquo;ESTIME,<\/p>\n\n\n\n<p class=\"has-text-align-center has-small-font-size\">S&rsquo;EN VA TOUT DROIT \u00c0 L&rsquo;INSCRIPTION MARITIME, HO HO HO HO&nbsp;!<\/p>\n\n\n\n<p class=\"has-text-align-center has-small-font-size\"><strong>4<\/strong><\/p>\n\n\n\n<p class=\"has-text-align-center has-small-font-size\">GABIERS DE TOUS LES PAYS<\/p>\n\n\n\n<p class=\"has-text-align-center has-small-font-size\">NE CROYEZ DONC PAS LES FILLES, HO HO HO HO&nbsp;!&nbsp;&nbsp;<\/p>\n\n\n\n<p class=\"has-text-align-center has-small-font-size\">QU&rsquo;ON TROUVE DANS TOUS LES BISTROTS<\/p>\n\n\n\n<p class=\"has-text-align-center has-small-font-size\">ET LES BARS \u00c0 MATELOTS, HO HO HO HO&nbsp;!&nbsp;&nbsp;<\/p>\n\n\n\n<p class=\"has-text-align-center has-small-font-size\">CE NE SONT QUE&nbsp;GAR\u00c7AILLES&nbsp;BRIGANDEAUX,<\/p>\n\n\n\n<p class=\"has-text-align-center has-small-font-size\">FOUILLES AU POT, HO HO HO HO&nbsp;!&nbsp;&nbsp;<\/p>\n\n\n\n<p class=\"has-text-align-center has-small-font-size\">QUE CELLES QUI SONT ICI,<\/p>\n\n\n\n<p class=\"has-text-align-center has-small-font-size\">RANGENT LEURS ACABITS, HO HO HO HO&nbsp;!<\/p>\n","protected":false},"excerpt":{"rendered":"<p>LE GABIEN NOIR Refrain DIX CENTS ET DEMI, C&rsquo;EST LA PAYE DU NOIR, LA PAYE DU BLANC, C&rsquo;EST UN DOLLAR. 1 \u00c9COUTEZ LES GARS MON HISTOIRE, \u00c7A\u00a0SE PASSAIT\u00a0\u00c0 LIVERPOOL, HO HO HO HO\u00a0!\u00a0 C&rsquo;EST L&rsquo;HISTOIRE D&rsquo;UN GABIER NOIR, QUI&nbsp;TRAINAIT&nbsp;TROP AVEC LES POULES, HO HO HO HO&nbsp;!&nbsp;&nbsp; UN SOIR QU&rsquo;IL AVAIT BU SA PAYE, \u00c0 FORCE &hellip; <a href=\"https:\/\/lescopainsdubord.fr\/?page_id=1222\" class=\"more-link\">Continuer la lecture<span class=\"screen-reader-text\"> de &laquo;&nbsp;LE GABIER NOIR&nbsp;&raquo;<\/span><\/a><\/p>\n","protected":false},"author":2,"featured_media":0,"parent":0,"menu_order":0,"comment_status":"closed","ping_status":"closed","template":"elementor_canvas","meta":{"footnotes":""},"class_list":["post-1222","page","type-page","status-publish","hentry"],"_links":{"self":[{"href":"https:\/\/lescopainsdubord.fr\/index.php?rest_route=\/wp\/v2\/pages\/1222","targetHints":{"allow":["GET"]}}],"collection":[{"href":"https:\/\/lescopainsdubord.fr\/index.php?rest_route=\/wp\/v2\/pages"}],"about":[{"href":"https:\/\/lescopainsdubord.fr\/index.php?rest_route=\/wp\/v2\/types\/page"}],"author":[{"embeddable":true,"href":"https:\/\/lescopainsdubord.fr\/index.php?rest_route=\/wp\/v2\/users\/2"}],"replies":[{"embeddable":true,"href":"https:\/\/lescopainsdubord.fr\/index.php?rest_route=%2Fwp%2Fv2%2Fcomments&post=1222"}],"version-history":[{"count":8,"href":"https:\/\/lescopainsdubord.fr\/index.php?rest_route=\/wp\/v2\/pages\/1222\/revisions"}],"predecessor-version":[{"id":2205,"href":"https:\/\/lescopainsdubord.fr\/index.php?rest_route=\/wp\/v2\/pages\/1222\/revisions\/2205"}],"wp:attachment":[{"href":"https:\/\/lescopainsdubord.fr\/index.php?rest_route=%2Fwp%2Fv2%2Fmedia&parent=1222"}],"curies":[{"name":"wp","href":"https:\/\/api.w.org\/{rel}","templated":true}]}}