{"id":1212,"date":"2020-11-07T10:11:56","date_gmt":"2020-11-07T09:11:56","guid":{"rendered":"https:\/\/lescopainsdubord.fr\/?page_id=1212"},"modified":"2022-01-23T16:15:08","modified_gmt":"2022-01-23T15:15:08","slug":"mon-ptit-garcon","status":"publish","type":"page","link":"https:\/\/lescopainsdubord.fr\/?page_id=1212","title":{"rendered":"MON P&rsquo;TIT GARCON"},"content":{"rendered":"\n<div class=\"wp-block-image\"><figure class=\"aligncenter size-large\"><img loading=\"lazy\" decoding=\"async\" width=\"519\" height=\"111\" src=\"https:\/\/lescopainsdubord.fr\/wp-content\/uploads\/2020\/11\/boam3u49.gif\" alt=\"\" class=\"wp-image-1152\"\/><\/figure><\/div>\n\n\n\n<div class=\"wp-block-buttons is-layout-flex wp-block-buttons-is-layout-flex\">\n<div class=\"wp-block-button\"><a class=\"wp-block-button__link\" href=\"https:\/\/lescopainsdubord.fr\/?p=1(ouvre un nouvel onglet)\">retour accueil<\/a><\/div>\n\n\n\n<div class=\"wp-block-button\"><a class=\"wp-block-button__link\" href=\"https:\/\/lescopainsdubord.fr\/?page_id=1163(ouvre un nouvel onglet)\">retour liste<\/a><\/div>\n<\/div>\n\n\n\n<p class=\"has-text-align-center has-normal-font-size\"><strong>MON P\u2019TIT GAR\u00c7ON<\/strong>&nbsp;<\/p>\n\n\n\n<p class=\"has-text-align-center has-small-font-size\"><strong>Refrain<\/strong><\/p>\n\n\n\n<p class=\"has-text-align-center has-small-font-size\"><strong>MON P\u2019TIT GAR\u00c7ON METS DANS TA T\u00caTE,<\/strong><\/p>\n\n\n\n<p class=\"has-text-align-center has-small-font-size\"><strong>Y\u2019 A QUE LES CHANSONS QUI FONT LA F\u00caTE,<\/strong><\/p>\n\n\n\n<p class=\"has-text-align-center has-small-font-size\"><strong>ET CROIS-MOI DEPUIS LE TEMPS QUE JE TRAINE,<\/strong><\/p>\n\n\n\n<p class=\"has-text-align-center has-small-font-size\"><strong>J\u2019EN AI VU POUSSER DES RENGAINES,<\/strong><\/p>\n\n\n\n<p class=\"has-text-align-center has-small-font-size\"><strong>DE MACAO \u00c0 LA BARBADE,<\/strong><\/p>\n\n\n\n<p class=\"has-text-align-center has-small-font-size\"><strong>CA FAIT UNE PAYE QUE JE ME BALADE,<\/strong><\/p>\n\n\n\n<p class=\"has-text-align-center has-small-font-size\"><strong>ET LE TEMPS QUI PASSE A FAIT AU VIEUX,<\/strong><\/p>\n\n\n\n<p class=\"has-text-align-center has-small-font-size\"><strong>UNE BORD\u00c9E DE RIDES AUTOUR DES YEUX.<\/strong><\/p>\n\n\n\n<p class=\"has-text-align-center has-small-font-size\"><strong>1<\/strong><\/p>\n\n\n\n<p class=\"has-text-align-center has-small-font-size\">ON RACONTE \u00c0 LA NUIT TOMB\u00c9E<strong>\u00a0<\/strong><\/p>\n\n\n\n<p class=\"has-text-align-center has-small-font-size\">QU\u2019ON CHANTE ENCORE SUR LES VIOLONS<strong>&nbsp;<\/strong><\/p>\n\n\n\n<p class=\"has-text-align-center has-small-font-size\">AU BISTROT SUR L\u2019ACCORD\u00c9ON<\/p>\n\n\n\n<p class=\"has-text-align-center has-small-font-size\">C\u2019EST PAS LA BI\u00c8RE QUI TE FAIT PLEURER&nbsp;<\/p>\n\n\n\n<p class=\"has-text-align-center has-small-font-size\">ET L\u2019ACCORD\u00c9ON DU VIEUX JOE<\/p>\n\n\n\n<p class=\"has-text-align-center has-small-font-size\">ENVOIE LE VEIL AIR DU MATELOT<\/p>\n\n\n\n<p class=\"has-text-align-center has-small-font-size\">FOUT DES EMBRUNS AU FOND DES YEUX<\/p>\n\n\n\n<p class=\"has-text-align-center has-small-font-size\">ET \u00c7A TE REPREND CHAQUE FOIS QU\u2019IL PLEUT<\/p>\n\n\n\n<p class=\"has-text-align-center has-small-font-size\"><strong>2<\/strong><\/p>\n\n\n\n<p class=\"has-text-align-center has-small-font-size\">ALLEZ JOE JOUE NOUS L\u2019IRLANDAIS<\/p>\n\n\n\n<p class=\"has-text-align-center has-small-font-size\">QUE TU AS APPRIS QUAND TU NAVIGUAIS<\/p>\n\n\n\n<p class=\"has-text-align-center has-small-font-size\">PENDANT TON ESCALE \u00c0 GALWAY<\/p>\n\n\n\n<p class=\"has-text-align-center has-small-font-size\">DU TEMPS O\u00d9 T&rsquo; \u00c9TAIS TRIBORDAIS<\/p>\n\n\n\n<p class=\"has-text-align-center has-small-font-size\">DU TEMPS O\u00d9 C\u2019\u00c9TAIT PAS LA JOIE<\/p>\n\n\n\n<p class=\"has-text-align-center has-small-font-size\">DE VEILLER AU GRAIN DANS LAS PAVOIS<\/p>\n\n\n\n<p class=\"has-text-align-center has-small-font-size\">LES MAINS COUP\u00c9ES AU VENT GLAC\u00c9<\/p>\n\n\n\n<p class=\"has-text-align-center has-small-font-size\">SANS M\u00caME LA FORCE DE FREDONNER<\/p>\n\n\n\n<p class=\"has-text-align-center has-small-font-size\"><strong>3<\/strong><\/p>\n\n\n\n<p class=\"has-text-align-center has-small-font-size\">ET Y A LE TEMPS QUI MOUILLE AU DEHORS<\/p>\n\n\n\n<p class=\"has-text-align-center has-small-font-size\">DANS LA TOITURE Y A LE VENT DU NORD<\/p>\n\n\n\n<p class=\"has-text-align-center has-small-font-size\">LES YEUX DES FILLES BELLES S&rsquo;\u00c0 AIMER<\/p>\n\n\n\n<p class=\"has-text-align-center has-small-font-size\">ET LA CHANSON QUI TE FAIT PLEURER<strong>&nbsp;<\/strong><\/p>\n\n\n\n<p class=\"has-text-align-center has-small-font-size\">ET M\u00caME SI TU N&rsquo; AS PAS NAVIGU\u00c9<\/p>\n\n\n\n<p class=\"has-text-align-center has-small-font-size\">TU AS LE DROIT DE BOIRE AVEC LES AUTRES<\/p>\n\n\n\n<p class=\"has-text-align-center has-small-font-size\">TU ES QUAND M\u00caME UN FR\u00c8RE DE LA C\u00d4TE<\/p>\n\n\n\n<p class=\"has-text-align-center has-small-font-size\">ET TU AS M\u00caME LE DROIT DE LA GUEULER<\/p>\n\n\n\n<p class=\"has-text-align-center has-small-font-size\"><strong>4<\/strong><\/p>\n\n\n\n<p class=\"has-text-align-center has-small-font-size\">QUAND ON SERA SAOULS COMME DES BOURRIQUES<\/p>\n\n\n\n<p class=\"has-text-align-center has-small-font-size\">ON IRA CHANTER SUR LES QUAIS<\/p>\n\n\n\n<p class=\"has-text-align-center has-small-font-size\">EN R\u00caVANT DES FILLES DU MEXIQUE<\/p>\n\n\n\n<p class=\"has-text-align-center has-small-font-size\">LES CHANTS DES NAVIRE N\u00c9GRIER<\/p>\n\n\n\n<p class=\"has-text-align-center has-small-font-size\">HALE SUR LA BOULINE, ENVOYEZ,<\/p>\n\n\n\n<p class=\"has-text-align-center has-small-font-size\">QUAND LA BOITEUSE VA-T\u2019 AU MARCH\u00c9<\/p>\n\n\n\n<p class=\"has-text-align-center has-small-font-size\">QUAND ON VIRAIT AU CABESTAN<\/p>\n\n\n\n<p class=\"has-text-align-center has-small-font-size\">ET TOUTES LES VIEILLES CHANSONS D\u2019ANTAN<\/p>\n","protected":false},"excerpt":{"rendered":"<p>MON P\u2019TIT GAR\u00c7ON&nbsp; Refrain MON P\u2019TIT GAR\u00c7ON METS DANS TA T\u00caTE, Y\u2019 A QUE LES CHANSONS QUI FONT LA F\u00caTE, ET CROIS-MOI DEPUIS LE TEMPS QUE JE TRAINE, J\u2019EN AI VU POUSSER DES RENGAINES, DE MACAO \u00c0 LA BARBADE, CA FAIT UNE PAYE QUE JE ME BALADE, ET LE TEMPS QUI PASSE A FAIT AU &hellip; <a href=\"https:\/\/lescopainsdubord.fr\/?page_id=1212\" class=\"more-link\">Continuer la lecture<span class=\"screen-reader-text\"> de &laquo;&nbsp;MON P&rsquo;TIT GARCON&nbsp;&raquo;<\/span><\/a><\/p>\n","protected":false},"author":2,"featured_media":0,"parent":0,"menu_order":0,"comment_status":"closed","ping_status":"closed","template":"elementor_canvas","meta":{"footnotes":""},"class_list":["post-1212","page","type-page","status-publish","hentry"],"_links":{"self":[{"href":"https:\/\/lescopainsdubord.fr\/index.php?rest_route=\/wp\/v2\/pages\/1212","targetHints":{"allow":["GET"]}}],"collection":[{"href":"https:\/\/lescopainsdubord.fr\/index.php?rest_route=\/wp\/v2\/pages"}],"about":[{"href":"https:\/\/lescopainsdubord.fr\/index.php?rest_route=\/wp\/v2\/types\/page"}],"author":[{"embeddable":true,"href":"https:\/\/lescopainsdubord.fr\/index.php?rest_route=\/wp\/v2\/users\/2"}],"replies":[{"embeddable":true,"href":"https:\/\/lescopainsdubord.fr\/index.php?rest_route=%2Fwp%2Fv2%2Fcomments&post=1212"}],"version-history":[{"count":11,"href":"https:\/\/lescopainsdubord.fr\/index.php?rest_route=\/wp\/v2\/pages\/1212\/revisions"}],"predecessor-version":[{"id":2221,"href":"https:\/\/lescopainsdubord.fr\/index.php?rest_route=\/wp\/v2\/pages\/1212\/revisions\/2221"}],"wp:attachment":[{"href":"https:\/\/lescopainsdubord.fr\/index.php?rest_route=%2Fwp%2Fv2%2Fmedia&parent=1212"}],"curies":[{"name":"wp","href":"https:\/\/api.w.org\/{rel}","templated":true}]}}