{"id":1204,"date":"2020-11-07T10:10:45","date_gmt":"2020-11-07T09:10:45","guid":{"rendered":"https:\/\/lescopainsdubord.fr\/?page_id=1204"},"modified":"2022-01-23T16:11:33","modified_gmt":"2022-01-23T15:11:33","slug":"matlots-de-saint-malo","status":"publish","type":"page","link":"https:\/\/lescopainsdubord.fr\/?page_id=1204","title":{"rendered":"MAT&rsquo;LOTS DE SAINT MALO"},"content":{"rendered":"\n<div class=\"wp-block-image\"><figure class=\"aligncenter size-large\"><img loading=\"lazy\" decoding=\"async\" width=\"519\" height=\"111\" src=\"https:\/\/lescopainsdubord.fr\/wp-content\/uploads\/2020\/11\/boam3u49.gif\" alt=\"\" class=\"wp-image-1152\"\/><\/figure><\/div>\n\n\n\n<div class=\"wp-block-buttons is-layout-flex wp-block-buttons-is-layout-flex\">\n<div class=\"wp-block-button\"><a class=\"wp-block-button__link\" href=\"https:\/\/lescopainsdubord.fr\/?p=1(ouvre un nouvel onglet)\">retour accueil<\/a><\/div>\n\n\n\n<div class=\"wp-block-button\"><a class=\"wp-block-button__link\" href=\"https:\/\/lescopainsdubord.fr\/?page_id=1163(ouvre un nouvel onglet)\">retour liste<\/a><\/div>\n<\/div>\n\n\n\n<p class=\"has-text-align-center has-normal-font-size\"><strong>MAT\u2019LOT DE SAINT-MALO<\/strong><strong><\/strong><\/p>\n\n\n\n<p class=\"has-text-align-center has-small-font-size\"><strong>Refrain<\/strong><strong><\/strong><\/p>\n\n\n\n<p class=\"has-text-align-center has-small-font-size\"><strong>TE SOUVIENS-TU MAT\u2019LOT, DE CE PORT DE SAINT-MALO<\/strong><\/p>\n\n\n\n<p class=\"has-text-align-center has-small-font-size\"><strong>MAT\u2019LOT TE SOUVIENS-TU, DES PLAGES D\u2019HONOLULU<\/strong><\/p>\n\n\n\n<p class=\"has-text-align-center has-small-font-size\"><strong>TE RAPELLES TU MON GARS, DU CANAL DE PANAMA<\/strong><\/p>\n\n\n\n<p class=\"has-text-align-center has-small-font-size\"><strong>RAPPELLES TOI L\u2019AMI, DU SOLEIL DE TAHITI<\/strong><strong><\/strong><\/p>\n\n\n\n<p class=\"has-text-align-center has-small-font-size\"><strong>1<\/strong><strong><\/strong><\/p>\n\n\n\n<p class=\"has-text-align-center has-small-font-size\">J\u2019AI VU \u00c0 SAINT-MALO, SON PORT ET SES BATEAUX<\/p>\n\n\n\n<p class=\"has-text-align-center has-small-font-size\">ET DERRI\u00c8RE SES REMPARTS, PARFOIS ON ALLAIT AU BAR&nbsp;&nbsp;&nbsp;&nbsp;&nbsp;&nbsp;<\/p>\n\n\n\n<p class=\"has-text-align-center has-small-font-size\">DANS SES PETITES RUES, DANSAIENT DES DEMOISELLES<\/p>\n\n\n\n<p class=\"has-text-align-center has-small-font-size\">O\u00d9 NOTRE AMI LULU, ADMIRAIT TOUTES CES DENTELLES<\/p>\n\n\n\n<p class=\"has-text-align-center has-small-font-size\"><strong>2<\/strong><strong><\/strong><\/p>\n\n\n\n<p class=\"has-text-align-center has-small-font-size\">DE PASSAGE \u00c0 CUBA, J\u2019AI BU UN BON COCA<\/p>\n\n\n\n<p class=\"has-text-align-center has-small-font-size\">QUI ME FAISAIT R\u00caVER, C\u2019\u00c9TAIT UN CUBA-LIBR\u00c9<\/p>\n\n\n\n<p class=\"has-text-align-center has-small-font-size\">EN D\u00c9BARQUANT \u00c0 TERRE, J\u2019AI ENFIN PU GOUTER<\/p>\n\n\n\n<p class=\"has-text-align-center has-small-font-size\">DES PLATS PLEIN DE MYST\u00c8RE, AVANT DE PRENDRE UN BON CAF\u00c9<\/p>\n\n\n\n<p class=\"has-text-align-center has-small-font-size\"><strong>3<\/strong><strong><\/strong><\/p>\n\n\n\n<p class=\"has-text-align-center has-small-font-size\">LE CANAL DE PANAMA, AVAIT PLUSIEURS \u00c9TAGES<\/p>\n\n\n\n<p class=\"has-text-align-center has-small-font-size\">&nbsp;ET IL FAISAIT SI CHAUD, QU\u2019ON \u00c9TAIT TOUJOURS EN NAGE<\/p>\n\n\n\n<p class=\"has-text-align-center has-small-font-size\">\u00a0\u00a0\u00a0MAIS DE L\u2019AUTRE C\u00d4T\u00c9, C\u2019\u00c9TAIT LE PACIFIQUE<\/p>\n\n\n\n<p class=\"has-text-align-center has-small-font-size\">ON ENTENDAIT CHANTER, DES FILLES AUX REGARDS MAGIQUES<\/p>\n\n\n\n<p class=\"has-text-align-center has-small-font-size\"><strong>4<\/strong><strong><\/strong><\/p>\n\n\n\n<p class=\"has-text-align-center has-small-font-size\">DE RETOUR AU PAYS, J\u2019AI RETROUV\u00c9 MA MIE<\/p>\n\n\n\n<p class=\"has-text-align-center has-small-font-size\">QUI M\u2019ATTENDAIT AU PORT, QUAND J\u2019AI QUITT\u00c9 NOTRE BORD<\/p>\n\n\n\n<p class=\"has-text-align-center has-small-font-size\">NOUS SOMMES RENTR\u00c9S CHEZ-NOUS, CHANTANT BRAS DESSUS, BRAS DESSOUS<\/p>\n\n\n\n<p class=\"has-text-align-center has-small-font-size\">POUR FAIRE LA JAVA, TOUS LES AMIS \u00c9TAIENT L\u00c0<\/p>\n\n\n\n<p class=\"has-text-align-center has-small-font-size\"><strong>5<\/strong><strong><\/strong><\/p>\n\n\n\n<p class=\"has-text-align-center has-small-font-size\">CETTE CHANSON DE MARINS, VOUS A FAIT VOYAGER<\/p>\n\n\n\n<p class=\"has-text-align-center has-small-font-size\">DANS TOUS LES PORTS DU MONDE, OU NOUS AVONS NAVIGU\u00c9<\/p>\n\n\n\n<p class=\"has-text-align-center has-small-font-size\">COMME VOUS L\u2019AUREZ COMPRIS, ON NE VOUS A PAS TOUT DIT <\/p>\n\n\n\n<p class=\"has-text-align-center has-small-font-size\">NOUS AVONS ON L\u2019ESP\u00c8RE, SU PR\u00c9SERVER NOTRE MYST\u00c8RE<\/p>\n","protected":false},"excerpt":{"rendered":"<p>MAT\u2019LOT DE SAINT-MALO Refrain TE SOUVIENS-TU MAT\u2019LOT, DE CE PORT DE SAINT-MALO MAT\u2019LOT TE SOUVIENS-TU, DES PLAGES D\u2019HONOLULU TE RAPELLES TU MON GARS, DU CANAL DE PANAMA RAPPELLES TOI L\u2019AMI, DU SOLEIL DE TAHITI 1 J\u2019AI VU \u00c0 SAINT-MALO, SON PORT ET SES BATEAUX ET DERRI\u00c8RE SES REMPARTS, PARFOIS ON ALLAIT AU BAR&nbsp;&nbsp;&nbsp;&nbsp;&nbsp;&nbsp; DANS SES &hellip; <a href=\"https:\/\/lescopainsdubord.fr\/?page_id=1204\" class=\"more-link\">Continuer la lecture<span class=\"screen-reader-text\"> de &laquo;&nbsp;MAT&rsquo;LOTS DE SAINT MALO&nbsp;&raquo;<\/span><\/a><\/p>\n","protected":false},"author":2,"featured_media":0,"parent":0,"menu_order":0,"comment_status":"closed","ping_status":"closed","template":"elementor_canvas","meta":{"footnotes":""},"class_list":["post-1204","page","type-page","status-publish","hentry"],"_links":{"self":[{"href":"https:\/\/lescopainsdubord.fr\/index.php?rest_route=\/wp\/v2\/pages\/1204","targetHints":{"allow":["GET"]}}],"collection":[{"href":"https:\/\/lescopainsdubord.fr\/index.php?rest_route=\/wp\/v2\/pages"}],"about":[{"href":"https:\/\/lescopainsdubord.fr\/index.php?rest_route=\/wp\/v2\/types\/page"}],"author":[{"embeddable":true,"href":"https:\/\/lescopainsdubord.fr\/index.php?rest_route=\/wp\/v2\/users\/2"}],"replies":[{"embeddable":true,"href":"https:\/\/lescopainsdubord.fr\/index.php?rest_route=%2Fwp%2Fv2%2Fcomments&post=1204"}],"version-history":[{"count":7,"href":"https:\/\/lescopainsdubord.fr\/index.php?rest_route=\/wp\/v2\/pages\/1204\/revisions"}],"predecessor-version":[{"id":2219,"href":"https:\/\/lescopainsdubord.fr\/index.php?rest_route=\/wp\/v2\/pages\/1204\/revisions\/2219"}],"wp:attachment":[{"href":"https:\/\/lescopainsdubord.fr\/index.php?rest_route=%2Fwp%2Fv2%2Fmedia&parent=1204"}],"curies":[{"name":"wp","href":"https:\/\/api.w.org\/{rel}","templated":true}]}}