{"id":1195,"date":"2020-11-07T10:01:35","date_gmt":"2020-11-07T09:01:35","guid":{"rendered":"https:\/\/lescopainsdubord.fr\/?page_id=1195"},"modified":"2022-01-23T13:39:07","modified_gmt":"2022-01-23T12:39:07","slug":"la-ballade-nord-irlandaise","status":"publish","type":"page","link":"https:\/\/lescopainsdubord.fr\/?page_id=1195","title":{"rendered":"LA BALLADE NORD IRLANDAISE"},"content":{"rendered":"\n<div class=\"wp-block-image\"><figure class=\"aligncenter size-large\"><img loading=\"lazy\" decoding=\"async\" width=\"519\" height=\"111\" src=\"https:\/\/lescopainsdubord.fr\/wp-content\/uploads\/2020\/11\/boam3u49.gif\" alt=\"\" class=\"wp-image-1152\"\/><\/figure><\/div>\n\n\n\n<div class=\"wp-block-buttons is-layout-flex wp-block-buttons-is-layout-flex\">\n<div class=\"wp-block-button\"><a class=\"wp-block-button__link\" href=\"https:\/\/lescopainsdubord.fr\/?p=1(ouvre un nouvel onglet)\">retour accueil<\/a><\/div>\n\n\n\n<div class=\"wp-block-button\"><a class=\"wp-block-button__link\" href=\"https:\/\/lescopainsdubord.fr\/?page_id=1163(ouvre un nouvel onglet)\">retour liste<\/a><\/div>\n<\/div>\n\n\n\n<p class=\"has-text-align-center has-normal-font-size\"><strong>LA BALLADE NORD IRLANDAISE<\/strong><\/p>\n\n\n\n<p class=\"has-text-align-center has-small-font-size\"><strong>1<\/strong><\/p>\n\n\n\n<p class=\"has-text-align-center has-small-font-size\">J&rsquo;AI VOULU PLANTER, UN ORANGER,<\/p>\n\n\n\n<p class=\"has-text-align-center has-small-font-size\">L\u00c0 OU LA CHANSON, N&rsquo;EN VERRA JAMAIS<\/p>\n\n\n\n<p class=\"has-text-align-center has-small-font-size\">L\u00c0 O\u00d9 LES ARBRES, N&rsquo;ONT JAMAIS DONN\u00c9,<\/p>\n\n\n\n<p class=\"has-text-align-center has-small-font-size\">DES GRENADES, D\u00c9GOUPILL\u00c9ES,<\/p>\n\n\n\n<p class=\"has-text-align-center has-small-font-size\"><strong>2<\/strong><\/p>\n\n\n\n<p class=\"has-text-align-center has-small-font-size\">JUSQU&rsquo;\u00c0 DERRY, MA BIEN AIM\u00c9E,<\/p>\n\n\n\n<p class=\"has-text-align-center has-small-font-size\">SUR MON BATEAU, J&rsquo;AI NAVIGU\u00c9,<\/p>\n\n\n\n<p class=\"has-text-align-center has-small-font-size\">J&rsquo;AI DIT AUX HOMMES, QUI SE BATTAIENT,<\/p>\n\n\n\n<p class=\"has-text-align-center has-small-font-size\">JE VIENS PLANTER, UN ORANGER,<\/p>\n\n\n\n<p class=\"has-text-align-center has-small-font-size\"><strong>3<\/strong><\/p>\n\n\n\n<p class=\"has-text-align-center has-small-font-size\">BUVONS UN VERRE, ALLONS P\u00c9CHER,<\/p>\n\n\n\n<p class=\"has-text-align-center has-small-font-size\">PAS UNE GUERRE, NE POURRA DURER,<\/p>\n\n\n\n<p class=\"has-text-align-center has-small-font-size\">LORSQUE LA BI\u00c8RE, ET L\u2019AMITI\u00c9,<\/p>\n\n\n\n<p class=\"has-text-align-center has-small-font-size\">ET LA MUSIQUE, NOUS FERONT DANSER,<\/p>\n\n\n\n<p class=\"has-text-align-center has-small-font-size\"><strong>4<\/strong><\/p>\n\n\n\n<p class=\"has-text-align-center has-small-font-size\">TUEZ VOS DIEUX, \u00c0 TOUT JAMAIS,<\/p>\n\n\n\n<p class=\"has-text-align-center has-small-font-size\">SOUS AUCUNE CROIX, L&rsquo;AMOUR NE SE PLAIT,<\/p>\n\n\n\n<p class=\"has-text-align-center has-small-font-size\">CE SONT LES HOMMES, PAS LES CUR\u00c9S,<\/p>\n\n\n\n<p class=\"has-text-align-center has-small-font-size\">QUI FONT POUSSER, LES ORANGERS,<\/p>\n\n\n\n<p class=\"has-text-align-center has-small-font-size\"><strong>5<\/strong><\/p>\n\n\n\n<p class=\"has-text-align-center has-small-font-size\">JE VOULAIS PLANTER, UN ORANGER,<\/p>\n\n\n\n<p class=\"has-text-align-center has-small-font-size\">L\u00c0 O\u00d9 LA CHANSON, N&rsquo;EN VERRA JAMAIS<\/p>\n\n\n\n<p class=\"has-text-align-center has-small-font-size\">IL A FLEURI, ET IL A DONN\u00c9,&nbsp;<\/p>\n\n\n\n<p class=\"has-text-align-center has-small-font-size\">&nbsp;LES FRUITS SUCR\u00c9S, DE LA LIBERT\u00c9.<\/p>\n","protected":false},"excerpt":{"rendered":"<p>LA BALLADE NORD IRLANDAISE 1 J&rsquo;AI VOULU PLANTER, UN ORANGER, L\u00c0 OU LA CHANSON, N&rsquo;EN VERRA JAMAIS L\u00c0 O\u00d9 LES ARBRES, N&rsquo;ONT JAMAIS DONN\u00c9, DES GRENADES, D\u00c9GOUPILL\u00c9ES, 2 JUSQU&rsquo;\u00c0 DERRY, MA BIEN AIM\u00c9E, SUR MON BATEAU, J&rsquo;AI NAVIGU\u00c9, J&rsquo;AI DIT AUX HOMMES, QUI SE BATTAIENT, JE VIENS PLANTER, UN ORANGER, 3 BUVONS UN VERRE, ALLONS &hellip; <a href=\"https:\/\/lescopainsdubord.fr\/?page_id=1195\" class=\"more-link\">Continuer la lecture<span class=\"screen-reader-text\"> de &laquo;&nbsp;LA BALLADE NORD IRLANDAISE&nbsp;&raquo;<\/span><\/a><\/p>\n","protected":false},"author":2,"featured_media":0,"parent":0,"menu_order":0,"comment_status":"closed","ping_status":"closed","template":"elementor_canvas","meta":{"footnotes":""},"class_list":["post-1195","page","type-page","status-publish","hentry"],"_links":{"self":[{"href":"https:\/\/lescopainsdubord.fr\/index.php?rest_route=\/wp\/v2\/pages\/1195","targetHints":{"allow":["GET"]}}],"collection":[{"href":"https:\/\/lescopainsdubord.fr\/index.php?rest_route=\/wp\/v2\/pages"}],"about":[{"href":"https:\/\/lescopainsdubord.fr\/index.php?rest_route=\/wp\/v2\/types\/page"}],"author":[{"embeddable":true,"href":"https:\/\/lescopainsdubord.fr\/index.php?rest_route=\/wp\/v2\/users\/2"}],"replies":[{"embeddable":true,"href":"https:\/\/lescopainsdubord.fr\/index.php?rest_route=%2Fwp%2Fv2%2Fcomments&post=1195"}],"version-history":[{"count":7,"href":"https:\/\/lescopainsdubord.fr\/index.php?rest_route=\/wp\/v2\/pages\/1195\/revisions"}],"predecessor-version":[{"id":2191,"href":"https:\/\/lescopainsdubord.fr\/index.php?rest_route=\/wp\/v2\/pages\/1195\/revisions\/2191"}],"wp:attachment":[{"href":"https:\/\/lescopainsdubord.fr\/index.php?rest_route=%2Fwp%2Fv2%2Fmedia&parent=1195"}],"curies":[{"name":"wp","href":"https:\/\/api.w.org\/{rel}","templated":true}]}}