{"id":1190,"date":"2020-11-07T10:16:00","date_gmt":"2020-11-07T09:16:00","guid":{"rendered":"https:\/\/lescopainsdubord.fr\/?page_id=1190"},"modified":"2020-11-08T21:52:22","modified_gmt":"2020-11-08T20:52:22","slug":"petit-jean","status":"publish","type":"page","link":"https:\/\/lescopainsdubord.fr\/?page_id=1190","title":{"rendered":"PETIT JEAN"},"content":{"rendered":"\n<div class=\"wp-block-image\"><figure class=\"aligncenter size-large\"><img loading=\"lazy\" decoding=\"async\" width=\"519\" height=\"111\" src=\"https:\/\/lescopainsdubord.fr\/wp-content\/uploads\/2020\/11\/boam3u49.gif\" alt=\"\" class=\"wp-image-1152\"\/><\/figure><\/div>\n\n\n\n<div class=\"wp-block-buttons is-layout-flex wp-block-buttons-is-layout-flex\">\n<div class=\"wp-block-button\"><a class=\"wp-block-button__link\" href=\"https:\/\/lescopainsdubord.fr\/?p=1(ouvre un nouvel onglet)\">retour accueil<\/a><\/div>\n\n\n\n<div class=\"wp-block-button\"><a class=\"wp-block-button__link\" href=\"https:\/\/lescopainsdubord.fr\/?page_id=1163(ouvre un nouvel onglet)\">Retour liste<\/a><\/div>\n<\/div>\n\n\n\n<p class=\"has-text-align-center has-normal-font-size\"><strong>PETIT JEAN<\/strong><\/p>\n\n\n\n<p class=\"has-text-align-center has-small-font-size\"><strong>Refrain<\/strong><\/p>\n\n\n\n<p class=\"has-text-align-center has-small-font-size\"><strong>PETIT JEAN N\u2019A PAS VOULU,<\/strong><\/p>\n\n\n\n<p class=\"has-text-align-center has-small-font-size\"><strong>EMBARQUER POUR LE GRAND BANC,<\/strong><\/p>\n\n\n\n<p class=\"has-text-align-center has-small-font-size\"><strong>PETIT JEAN N\u2019A PAS VOULU,<\/strong><\/p>\n\n\n\n<p class=\"has-text-align-center has-small-font-size\"><strong>IL A PRIS LA CL\u00c9 DES CHAMPS.<\/strong><\/p>\n\n\n\n<p class=\"has-text-align-center has-small-font-size\"><strong>1<\/strong><\/p>\n\n\n\n<p class=\"has-text-align-center has-small-font-size\">IL SAVAIT DANS QUELLE MIS\u00c8RE,<\/p>\n\n\n\n<p class=\"has-text-align-center has-small-font-size\">AVAIT V\u00c9CU SA PROPRE M\u00c8RE,<\/p>\n\n\n\n<p class=\"has-text-align-center has-small-font-size\">ELLE N\u2019AURA PLUS DE CHAGRIN,<\/p>\n\n\n\n<p class=\"has-text-align-center has-small-font-size\">SON FILS NE SERA PAS MARIN.<\/p>\n\n\n\n<p class=\"has-text-align-center has-small-font-size\"><strong>2<\/strong><\/p>\n\n\n\n<p class=\"has-text-align-center has-small-font-size\">MAIS QUAND IL A VU SON P\u00c8RE,<\/p>\n\n\n\n<p class=\"has-text-align-center has-small-font-size\">L\u00c0, IL N\u2019\u00c9TAIT PAS TR\u00c8S FIER,<\/p>\n\n\n\n<p class=\"has-text-align-center has-small-font-size\">CAR POUR NOURRIR SES ENFANTS,<\/p>\n\n\n\n<p class=\"has-text-align-center has-small-font-size\">LUI AVAIT RAM\u00c9 SUR LES BANCS.<\/p>\n\n\n\n<p class=\"has-text-align-center has-small-font-size\"><strong>3<\/strong><\/p>\n\n\n\n<p class=\"has-text-align-center has-small-font-size\">PETIT JEAN NOUS A QUITT\u00c9,<\/p>\n\n\n\n<p class=\"has-text-align-center has-small-font-size\">IL Y A DE \u00c7A BIEN LONGTEMPS,<\/p>\n\n\n\n<p class=\"has-text-align-center has-small-font-size\">IL NOUS RESTE SES CHANSONS,<\/p>\n\n\n\n<p class=\"has-text-align-center has-small-font-size\">POUR FAIRE DANSER FILLES ET GAR\u00c7ONS.<\/p>\n","protected":false},"excerpt":{"rendered":"<p>PETIT JEAN Refrain PETIT JEAN N\u2019A PAS VOULU, EMBARQUER POUR LE GRAND BANC, PETIT JEAN N\u2019A PAS VOULU, IL A PRIS LA CL\u00c9 DES CHAMPS. 1 IL SAVAIT DANS QUELLE MIS\u00c8RE, AVAIT V\u00c9CU SA PROPRE M\u00c8RE, ELLE N\u2019AURA PLUS DE CHAGRIN, SON FILS NE SERA PAS MARIN. 2 MAIS QUAND IL A VU SON P\u00c8RE, &hellip; <a href=\"https:\/\/lescopainsdubord.fr\/?page_id=1190\" class=\"more-link\">Continuer la lecture<span class=\"screen-reader-text\"> de &laquo;&nbsp;PETIT JEAN&nbsp;&raquo;<\/span><\/a><\/p>\n","protected":false},"author":2,"featured_media":0,"parent":0,"menu_order":0,"comment_status":"closed","ping_status":"closed","template":"elementor_canvas","meta":{"footnotes":""},"class_list":["post-1190","page","type-page","status-publish","hentry"],"_links":{"self":[{"href":"https:\/\/lescopainsdubord.fr\/index.php?rest_route=\/wp\/v2\/pages\/1190","targetHints":{"allow":["GET"]}}],"collection":[{"href":"https:\/\/lescopainsdubord.fr\/index.php?rest_route=\/wp\/v2\/pages"}],"about":[{"href":"https:\/\/lescopainsdubord.fr\/index.php?rest_route=\/wp\/v2\/types\/page"}],"author":[{"embeddable":true,"href":"https:\/\/lescopainsdubord.fr\/index.php?rest_route=\/wp\/v2\/users\/2"}],"replies":[{"embeddable":true,"href":"https:\/\/lescopainsdubord.fr\/index.php?rest_route=%2Fwp%2Fv2%2Fcomments&post=1190"}],"version-history":[{"count":5,"href":"https:\/\/lescopainsdubord.fr\/index.php?rest_route=\/wp\/v2\/pages\/1190\/revisions"}],"predecessor-version":[{"id":1499,"href":"https:\/\/lescopainsdubord.fr\/index.php?rest_route=\/wp\/v2\/pages\/1190\/revisions\/1499"}],"wp:attachment":[{"href":"https:\/\/lescopainsdubord.fr\/index.php?rest_route=%2Fwp%2Fv2%2Fmedia&parent=1190"}],"curies":[{"name":"wp","href":"https:\/\/api.w.org\/{rel}","templated":true}]}}