{"id":1184,"date":"2020-11-07T09:59:10","date_gmt":"2020-11-07T08:59:10","guid":{"rendered":"https:\/\/lescopainsdubord.fr\/?page_id=1184"},"modified":"2022-01-20T17:57:17","modified_gmt":"2022-01-20T16:57:17","slug":"away-all-away","status":"publish","type":"page","link":"https:\/\/lescopainsdubord.fr\/?page_id=1184","title":{"rendered":"AWAY ALL AWAY"},"content":{"rendered":"\n<div class=\"wp-block-image\"><figure class=\"aligncenter size-large\"><img loading=\"lazy\" decoding=\"async\" width=\"519\" height=\"111\" src=\"https:\/\/lescopainsdubord.fr\/wp-content\/uploads\/2020\/11\/boam3u49.gif\" alt=\"\" class=\"wp-image-1152\"\/><\/figure><\/div>\n\n\n\n<div class=\"wp-block-buttons is-layout-flex wp-block-buttons-is-layout-flex\">\n<div class=\"wp-block-button\"><a class=\"wp-block-button__link\" href=\"https:\/\/lescopainsdubord.fr\/?p=1(ouvre un nouvel onglet)\">retour accueil<\/a><\/div>\n\n\n\n<div class=\"wp-block-button\"><a class=\"wp-block-button__link\" href=\"https:\/\/lescopainsdubord.fr\/?page_id=1163(ouvre un nouvel onglet)\">retour liste<\/a><\/div>\n<\/div>\n\n\n\n<p class=\"has-text-align-center\"><strong>AWAY&nbsp;ALL AWAY<\/strong><\/p>\n\n\n\n<p class=\"has-text-align-center has-small-font-size\"><strong>Refrain<\/strong><\/p>\n\n\n\n<p class=\"has-text-align-center has-small-font-size\"><strong>AWAY&nbsp;ALL AWAY HO&nbsp;! LA MER NOUS R &lsquo;PREND LA PEAU, LES GARS&nbsp;!<\/strong><\/p>\n\n\n\n<p class=\"has-text-align-center has-small-font-size\"><strong>AWAY ALL AWAY HO ! HO HISSE !&nbsp;OH\u00c9 ! HO&nbsp;!<\/strong><\/p>\n\n\n\n<p class=\"has-text-align-center has-small-font-size\"><strong>AWAY&nbsp;ALL AWAY HO&nbsp;! LA MER NOUS REPREND LA PEAU, LES GARS&nbsp;!<\/strong><\/p>\n\n\n\n<p class=\"has-text-align-center has-small-font-size\"><strong>AWAY ALL AWAY HO ! HO HISSE !&nbsp;OH\u00c9 ! HO&nbsp;!<\/strong><\/p>\n\n\n\n<p class=\"has-text-align-center has-small-font-size\"><strong>1<\/strong><\/p>\n\n\n\n<p class=\"has-text-align-center has-small-font-size\">L&rsquo;ANCRE EST \u00c0 PIC, FAUT D\u00c9RAPER<\/p>\n\n\n\n<p class=\"has-text-align-center has-small-font-size\">LES AMARRES SONT RELEV\u00c9ES, LES GARS&nbsp;!<\/p>\n\n\n\n<p class=\"has-text-align-center has-small-font-size\"><strong>2<\/strong><\/p>\n\n\n\n<p class=\"has-text-align-center has-small-font-size\">ADIEU LA TERRE, ADIEU BEAUX JOURS<\/p>\n\n\n\n<p class=\"has-text-align-center has-small-font-size\">POUR NOUS Y&rsquo;A PLUS D&rsquo;AMOUR, LES GARS&nbsp;!<strong>&nbsp;&nbsp;<\/strong><\/p>\n\n\n\n<p class=\"has-text-align-center has-small-font-size\"><strong>3&nbsp;&nbsp;<\/strong><\/p>\n\n\n\n<p class=\"has-text-align-center has-small-font-size\">FAITES UN N\u0152UD PLAT&nbsp;SUR LE PASS\u00c9<\/p>\n\n\n\n<p class=\"has-text-align-center has-small-font-size\">NOTRE VIE C&rsquo;EST D&rsquo; RECOMMENCER, LES GARS\u00a0!<strong>\u00a0\u00a0<\/strong><\/p>\n\n\n\n<p class=\"has-text-align-center has-small-font-size\"><strong>4<\/strong><\/p>\n\n\n\n<p class=\"has-text-align-center has-small-font-size\">PORTEZ VOTRE C\u0152UR AU BOUT DE L&rsquo;AVANT<\/p>\n\n\n\n<p class=\"has-text-align-center has-small-font-size\">CRACHEZ DROIT DEVANT, LES GARS&nbsp;!<\/p>\n\n\n\n<p class=\"has-text-align-center has-small-font-size\"><strong>5<\/strong><\/p>\n\n\n\n<p class=\"has-text-align-center has-small-font-size\">LA COTE S&rsquo;EFFACE, ON N&rsquo; VOIT PLUS RIEN<\/p>\n\n\n\n<p class=\"has-text-align-center has-small-font-size\">LE GRAND LARGE NOUS TIENT, LES GARS&nbsp;!<strong><\/strong><\/p>\n","protected":false},"excerpt":{"rendered":"<p>AWAY&nbsp;ALL AWAY Refrain AWAY&nbsp;ALL AWAY HO&nbsp;! LA MER NOUS R &lsquo;PREND LA PEAU, LES GARS&nbsp;! AWAY ALL AWAY HO ! HO HISSE !&nbsp;OH\u00c9 ! HO&nbsp;! AWAY&nbsp;ALL AWAY HO&nbsp;! LA MER NOUS REPREND LA PEAU, LES GARS&nbsp;! AWAY ALL AWAY HO ! HO HISSE !&nbsp;OH\u00c9 ! HO&nbsp;! 1 L&rsquo;ANCRE EST \u00c0 PIC, FAUT D\u00c9RAPER LES AMARRES &hellip; <a href=\"https:\/\/lescopainsdubord.fr\/?page_id=1184\" class=\"more-link\">Continuer la lecture<span class=\"screen-reader-text\"> de &laquo;&nbsp;AWAY ALL AWAY&nbsp;&raquo;<\/span><\/a><\/p>\n","protected":false},"author":2,"featured_media":0,"parent":0,"menu_order":0,"comment_status":"closed","ping_status":"closed","template":"elementor_canvas","meta":{"footnotes":""},"class_list":["post-1184","page","type-page","status-publish","hentry"],"_links":{"self":[{"href":"https:\/\/lescopainsdubord.fr\/index.php?rest_route=\/wp\/v2\/pages\/1184","targetHints":{"allow":["GET"]}}],"collection":[{"href":"https:\/\/lescopainsdubord.fr\/index.php?rest_route=\/wp\/v2\/pages"}],"about":[{"href":"https:\/\/lescopainsdubord.fr\/index.php?rest_route=\/wp\/v2\/types\/page"}],"author":[{"embeddable":true,"href":"https:\/\/lescopainsdubord.fr\/index.php?rest_route=\/wp\/v2\/users\/2"}],"replies":[{"embeddable":true,"href":"https:\/\/lescopainsdubord.fr\/index.php?rest_route=%2Fwp%2Fv2%2Fcomments&post=1184"}],"version-history":[{"count":9,"href":"https:\/\/lescopainsdubord.fr\/index.php?rest_route=\/wp\/v2\/pages\/1184\/revisions"}],"predecessor-version":[{"id":2158,"href":"https:\/\/lescopainsdubord.fr\/index.php?rest_route=\/wp\/v2\/pages\/1184\/revisions\/2158"}],"wp:attachment":[{"href":"https:\/\/lescopainsdubord.fr\/index.php?rest_route=%2Fwp%2Fv2%2Fmedia&parent=1184"}],"curies":[{"name":"wp","href":"https:\/\/api.w.org\/{rel}","templated":true}]}}