{"id":1171,"date":"2020-11-07T10:12:53","date_gmt":"2020-11-07T09:12:53","guid":{"rendered":"https:\/\/lescopainsdubord.fr\/?page_id=1171"},"modified":"2022-01-23T18:26:33","modified_gmt":"2022-01-23T17:26:33","slug":"ohe-marins","status":"publish","type":"page","link":"https:\/\/lescopainsdubord.fr\/?page_id=1171","title":{"rendered":"OH\u00c9 MARINS"},"content":{"rendered":"\n<div class=\"wp-block-image\"><figure class=\"aligncenter size-large\"><img loading=\"lazy\" decoding=\"async\" width=\"519\" height=\"111\" src=\"https:\/\/lescopainsdubord.fr\/wp-content\/uploads\/2020\/11\/boam3u49.gif\" alt=\"\" class=\"wp-image-1152\"\/><\/figure><\/div>\n\n\n\n<div class=\"wp-block-buttons is-layout-flex wp-block-buttons-is-layout-flex\">\n<div class=\"wp-block-button\"><a class=\"wp-block-button__link\" href=\"https:\/\/lescopainsdubord.fr\/?p=1(ouvre un nouvel onglet)\">Retour accueil<\/a><\/div>\n\n\n\n<div class=\"wp-block-button\"><a class=\"wp-block-button__link\" href=\"https:\/\/lescopainsdubord.fr\/?page_id=1163(ouvre un nouvel onglet)\">retour Liste<\/a><\/div>\n<\/div>\n\n\n\n<p class=\"has-text-align-center has-normal-font-size\"><strong>OH\u00c9 MARINS<\/strong><\/p>\n\n\n\n<p class=\"has-text-align-center has-small-font-size\"><strong>Refrain<\/strong><\/p>\n\n\n\n<p class=\"has-text-align-center has-small-font-size\"><strong>OH\u00c9 MARINS, \u00c0 VOUS LA LIBERT\u00c9,<\/strong><\/p>\n\n\n\n<p class=\"has-text-align-center has-small-font-size\"><strong>VERS CES PAYS LOINTAINS, QUI NOUS FONT R\u00caVER<\/strong><\/p>\n\n\n\n<p class=\"has-text-align-center has-small-font-size\"><strong>OH\u00c9 MARINS, AU M\u00c9PRIS DU DANGER,<\/strong><\/p>\n\n\n\n<p class=\"has-text-align-center has-small-font-size\"><strong>TEL EST VOTRE DESTIN D&rsquo;AVENTURIER.<\/strong><\/p>\n\n\n\n<p class=\"has-text-align-center has-small-font-size\"><strong>1<\/strong><\/p>\n\n\n\n<p class=\"has-text-align-center has-small-font-size\">DANS LES PORTS, QUAND ON VIENT LE SOIR,<\/p>\n\n\n\n<p class=\"has-text-align-center has-small-font-size\">SE GRISER DE RHUM ET DE VIEILLES CHANSONS,<\/p>\n\n\n\n<p class=\"has-text-align-center has-small-font-size\">LES L\u00c9GENDES ENTOURENT LES M\u00c9MOIRES,<\/p>\n\n\n\n<p class=\"has-text-align-center has-small-font-size\">DE CES MATELOTS, DE CES MOUSSAILLONS,<\/p>\n\n\n\n<p class=\"has-text-align-center has-small-font-size\">DEMAIN, IL LEUR FAUT PARTIR,&nbsp;&nbsp;&nbsp;<\/p>\n\n\n\n<p class=\"has-text-align-center has-small-font-size\">LARGUER LES AMARRES, BRAVER L\u2019OC\u00c9AN,<\/p>\n\n\n\n<p class=\"has-text-align-center has-small-font-size\">OUBLIER LES FANT\u00d4MES DES NAVIRES,<\/p>\n\n\n\n<p class=\"has-text-align-center has-small-font-size\">ET TOUS CES FORBANS ASSOIFFES DE SANG.<\/p>\n\n\n\n<p class=\"has-text-align-center has-small-font-size\"><strong>2<\/strong><\/p>\n\n\n\n<p class=\"has-text-align-center has-small-font-size\">SUR LE PORT, QUAND ILS VONT LE SOIR,<\/p>\n\n\n\n<p class=\"has-text-align-center has-small-font-size\">LE VAGUE \u00c0 L\u2019\u00c2ME LOIN DE LEURS RIVAGES,<\/p>\n\n\n\n<p class=\"has-text-align-center has-small-font-size\">ILS SE DISENT AU DIABLE CES VICTOIRES,<\/p>\n\n\n\n<p class=\"has-text-align-center has-small-font-size\">QUI VOUS SEMBLERAIT DES ESPOIRS DE VOYAGES,<\/p>\n\n\n\n<p class=\"has-text-align-center has-small-font-size\">DU CAP HORN ET DE BONNE ESP\u00c9RANCE,<\/p>\n\n\n\n<p class=\"has-text-align-center has-small-font-size\">LEUR APPARTIENT LE MONDE ENTIER,<\/p>\n\n\n\n<p class=\"has-text-align-center has-small-font-size\">DES COURANTS PORTENT LEUR INSOUCIANCE,<\/p>\n\n\n\n<p class=\"has-text-align-center has-small-font-size\">LES VOILES GONFL\u00c9ES D&rsquo;UN VENT DE LIBERT\u00c9.<\/p>\n","protected":false},"excerpt":{"rendered":"<p>OH\u00c9 MARINS Refrain OH\u00c9 MARINS, \u00c0 VOUS LA LIBERT\u00c9, VERS CES PAYS LOINTAINS, QUI NOUS FONT R\u00caVER OH\u00c9 MARINS, AU M\u00c9PRIS DU DANGER, TEL EST VOTRE DESTIN D&rsquo;AVENTURIER. 1 DANS LES PORTS, QUAND ON VIENT LE SOIR, SE GRISER DE RHUM ET DE VIEILLES CHANSONS, LES L\u00c9GENDES ENTOURENT LES M\u00c9MOIRES, DE CES MATELOTS, DE CES &hellip; <a href=\"https:\/\/lescopainsdubord.fr\/?page_id=1171\" class=\"more-link\">Continuer la lecture<span class=\"screen-reader-text\"> de &laquo;&nbsp;OH\u00c9 MARINS&nbsp;&raquo;<\/span><\/a><\/p>\n","protected":false},"author":2,"featured_media":0,"parent":0,"menu_order":0,"comment_status":"closed","ping_status":"closed","template":"elementor_canvas","meta":{"footnotes":""},"class_list":["post-1171","page","type-page","status-publish","hentry"],"_links":{"self":[{"href":"https:\/\/lescopainsdubord.fr\/index.php?rest_route=\/wp\/v2\/pages\/1171","targetHints":{"allow":["GET"]}}],"collection":[{"href":"https:\/\/lescopainsdubord.fr\/index.php?rest_route=\/wp\/v2\/pages"}],"about":[{"href":"https:\/\/lescopainsdubord.fr\/index.php?rest_route=\/wp\/v2\/types\/page"}],"author":[{"embeddable":true,"href":"https:\/\/lescopainsdubord.fr\/index.php?rest_route=\/wp\/v2\/users\/2"}],"replies":[{"embeddable":true,"href":"https:\/\/lescopainsdubord.fr\/index.php?rest_route=%2Fwp%2Fv2%2Fcomments&post=1171"}],"version-history":[{"count":10,"href":"https:\/\/lescopainsdubord.fr\/index.php?rest_route=\/wp\/v2\/pages\/1171\/revisions"}],"predecessor-version":[{"id":2223,"href":"https:\/\/lescopainsdubord.fr\/index.php?rest_route=\/wp\/v2\/pages\/1171\/revisions\/2223"}],"wp:attachment":[{"href":"https:\/\/lescopainsdubord.fr\/index.php?rest_route=%2Fwp%2Fv2%2Fmedia&parent=1171"}],"curies":[{"name":"wp","href":"https:\/\/api.w.org\/{rel}","templated":true}]}}